{"id":1401,"date":"2017-02-21T16:20:32","date_gmt":"2017-02-21T15:20:32","guid":{"rendered":"http:\/\/www.steeltec.cz\/?page_id=1401"},"modified":"2025-02-13T14:00:05","modified_gmt":"2025-02-13T13:00:05","slug":"co-nabizime","status":"publish","type":"page","link":"https:\/\/www.steeltec.cz\/de\/karriere\/wir-bieten\/","title":{"rendered":"Wir bieten"},"content":{"rendered":"<p><\/p>\n<h2>Kontaktformular<\/h2>\n<p>\n<div class=\"wpcf7 no-js\" id=\"wpcf7-f812-o2\" lang=\"cs-CZ\" dir=\"ltr\" data-wpcf7-id=\"812\">\n<div class=\"screen-reader-response\"><p role=\"status\" aria-live=\"polite\" aria-atomic=\"true\"><\/p> <ul><\/ul><\/div>\n<form action=\"\/de\/wp-json\/wp\/v2\/pages\/1401#wpcf7-f812-o2\" method=\"post\" class=\"wpcf7-form init\" aria-label=\"Kontaktn\u00ed formul\u00e1\u0159\" enctype=\"multipart\/form-data\" novalidate=\"novalidate\" data-status=\"init\">\n<fieldset class=\"hidden-fields-container\"><input type=\"hidden\" name=\"_wpcf7\" value=\"812\" \/><input type=\"hidden\" name=\"_wpcf7_version\" value=\"6.1.5\" \/><input type=\"hidden\" name=\"_wpcf7_locale\" value=\"cs_CZ\" \/><input type=\"hidden\" name=\"_wpcf7_unit_tag\" value=\"wpcf7-f812-o2\" \/><input type=\"hidden\" name=\"_wpcf7_container_post\" value=\"0\" \/><input type=\"hidden\" name=\"_wpcf7_posted_data_hash\" value=\"\" \/>\n<\/fieldset>\n<div id=\"contact_form\">\n\t<div class=\"row\">\n\t\t<div class=\"col-sm-4\">\n\t\t\t<div class=\"form-group\">\n\t\t\t\t<p><label for=\"jmeno\"><sup>*<\/sup> Vorname und Familienname:<\/label><br \/>\n<span class=\"wpcf7-form-control-wrap\" data-name=\"jmeno\"><input size=\"40\" maxlength=\"400\" class=\"wpcf7-form-control wpcf7-text wpcf7-validates-as-required form-control\" aria-required=\"true\" aria-invalid=\"false\" value=\"\" type=\"text\" name=\"jmeno\" \/><\/span>\n\t\t\t\t<\/p>\n\t\t\t<\/div>\n\t\t\t<div class=\"form-group\">\n\t\t\t\t<p><label for=\"email\">Telefon:<\/label><br \/>\n<span class=\"wpcf7-form-control-wrap\" data-name=\"telefon\"><input size=\"40\" maxlength=\"400\" class=\"wpcf7-form-control wpcf7-tel wpcf7-text wpcf7-validates-as-tel form-control\" aria-invalid=\"false\" value=\"\" type=\"tel\" name=\"telefon\" \/><\/span>\n\t\t\t\t<\/p>\n\t\t\t<\/div>\n\t\t\t<div class=\"form-group\">\n\t\t\t\t<p><label for=\"email\"><sup>*<\/sup> E-mail:<\/label><br \/>\n<span class=\"wpcf7-form-control-wrap\" data-name=\"email\"><input size=\"40\" maxlength=\"400\" class=\"wpcf7-form-control wpcf7-email wpcf7-validates-as-required wpcf7-text wpcf7-validates-as-email form-control\" aria-required=\"true\" aria-invalid=\"false\" value=\"\" type=\"email\" name=\"email\" \/><\/span>\n\t\t\t\t<\/p>\n\t\t\t<\/div>\n\t\t<\/div>\n\t\t<div class=\"col-sm-8\">\n\t\t\t<div class=\"form-group\">\n\t\t\t\t<p><label for=\"zprava\"><sup>*<\/sup> Ihre Nachricht:<\/label><br \/>\n<span class=\"wpcf7-form-control-wrap\" data-name=\"zprava\"><textarea cols=\"40\" rows=\"9\" maxlength=\"2000\" class=\"wpcf7-form-control wpcf7-textarea wpcf7-validates-as-required form-control\" aria-required=\"true\" aria-invalid=\"false\" name=\"zprava\"><\/textarea><\/span>\n\t\t\t\t<\/p>\n\t\t\t<\/div>\n\t\t\t<div class=\"form-group\">\n\t\t\t\t<p><label for=\"zivotopis\">H\u00e4ngen Sie Ihren Lebenslauf an<\/label><br \/>\n<span class=\"wpcf7-form-control-wrap\" data-name=\"file-283\"><input size=\"40\" class=\"wpcf7-form-control wpcf7-file\" accept=\"audio\/*,video\/*,image\/*\" aria-invalid=\"false\" type=\"file\" name=\"file-283\" \/><\/span>\n\t\t\t\t<\/p>\n\t\t\t<\/div>\n\t\t<\/div>\n\t<\/div>\n\t<p><input class=\"wpcf7-form-control wpcf7-submit has-spinner btn btn-primary btn-lg\" type=\"submit\" value=\"Versenden\" \/>\n\t<\/p>\n\t<p><sup>*<\/sup><small> \/ Pflichtige Angaben<\/small>\n\t<\/p>\n<\/div><div class=\"wpcf7-response-output\" aria-hidden=\"true\"><\/div>\n<\/form>\n<\/div>\n<\/p>","protected":false},"excerpt":{"rendered":"<p>Kontaktformular<\/p>\n","protected":false},"author":1,"featured_media":0,"parent":113,"menu_order":1,"comment_status":"closed","ping_status":"closed","template":"","meta":{"_acf_changed":false,"footnotes":""},"class_list":["post-1401","page","type-page","status-publish","hentry"],"acf":[],"yoast_head":"<!-- This site is optimized with the Yoast SEO plugin v27.5 - https:\/\/yoast.com\/product\/yoast-seo-wordpress\/ -->\n<title>Wir bieten - STEELTEC CZ, s.r.o.<\/title>\n<meta name=\"description\" content=\"STEELTEC CZ nab\u00edz\u00ed slu\u017eby velkos\u00e9riov\u00e9 kovov\u00fdroby ve stroj\u00edrenstv\u00ed\" \/>\n<meta name=\"robots\" content=\"index, follow, max-snippet:-1, max-image-preview:large, max-video-preview:-1\" \/>\n<link rel=\"canonical\" href=\"https:\/\/www.steeltec.cz\/kariera\/co-nabizime\/\" \/>\n<meta property=\"og:locale\" content=\"de_DE\" \/>\n<meta property=\"og:type\" content=\"article\" \/>\n<meta property=\"og:title\" content=\"[:cs]Co nab\u00edz\u00edme[:en]We offer[:de]Wir bieten[:] - STEELTEC CZ, s.r.o.\" \/>\n<meta property=\"og:description\" content=\"STEELTEC CZ nab\u00edz\u00ed slu\u017eby velkos\u00e9riov\u00e9 kovov\u00fdroby ve stroj\u00edrenstv\u00ed\" \/>\n<meta property=\"og:url\" content=\"https:\/\/www.steeltec.cz\/kariera\/co-nabizime\/\" \/>\n<meta property=\"og:site_name\" content=\"STEELTEC CZ, s.r.o.\" \/>\n<meta property=\"article:modified_time\" content=\"2025-02-13T13:00:05+00:00\" \/>\n<meta property=\"og:image\" content=\"https:\/\/www.steeltec.cz\/wp-content\/uploads\/hexagon-stravovani.png\" \/>\n\t<meta property=\"og:image:width\" content=\"135\" \/>\n\t<meta property=\"og:image:height\" content=\"150\" \/>\n\t<meta property=\"og:image:type\" content=\"image\/png\" \/>\n<meta name=\"twitter:card\" content=\"summary_large_image\" \/>\n<meta name=\"twitter:label1\" content=\"Gesch\u00e4tzte Lesezeit\" \/>\n\t<meta name=\"twitter:data1\" content=\"3\u00a0Minuten\" \/>\n<!-- \/ Yoast SEO plugin. -->","yoast_head_json":{"title":"[:cs]Co nab\u00edz\u00edme[:en]We offer[:de]Wir bieten[:] - STEELTEC CZ, s.r.o.","description":"STEELTEC CZ nab\u00edz\u00ed slu\u017eby velkos\u00e9riov\u00e9 kovov\u00fdroby ve stroj\u00edrenstv\u00ed","robots":{"index":"index","follow":"follow","max-snippet":"max-snippet:-1","max-image-preview":"max-image-preview:large","max-video-preview":"max-video-preview:-1"},"canonical":"https:\/\/www.steeltec.cz\/kariera\/co-nabizime\/","og_locale":"de_DE","og_type":"article","og_title":"[:cs]Co nab\u00edz\u00edme[:en]We offer[:de]Wir bieten[:] - STEELTEC CZ, s.r.o.","og_description":"STEELTEC CZ nab\u00edz\u00ed slu\u017eby velkos\u00e9riov\u00e9 kovov\u00fdroby ve stroj\u00edrenstv\u00ed","og_url":"https:\/\/www.steeltec.cz\/kariera\/co-nabizime\/","og_site_name":"STEELTEC CZ, s.r.o.","article_modified_time":"2025-02-13T13:00:05+00:00","og_image":[{"width":135,"height":150,"url":"https:\/\/www.steeltec.cz\/wp-content\/uploads\/hexagon-stravovani.png","type":"image\/png"}],"twitter_card":"summary_large_image","twitter_misc":{"Gesch\u00e4tzte Lesezeit":"3\u00a0Minuten"},"schema":{"@context":"https:\/\/schema.org","@graph":[{"@type":"WebPage","@id":"https:\/\/www.steeltec.cz\/kariera\/co-nabizime\/","url":"https:\/\/www.steeltec.cz\/kariera\/co-nabizime\/","name":"[:cs]Co nab\u00edz\u00edme[:en]We offer[:de]Wir bieten[:] - STEELTEC CZ, s.r.o.","isPartOf":{"@id":"https:\/\/www.steeltec.cz\/#website"},"primaryImageOfPage":{"@id":"https:\/\/www.steeltec.cz\/kariera\/co-nabizime\/#primaryimage"},"image":{"@id":"https:\/\/www.steeltec.cz\/kariera\/co-nabizime\/#primaryimage"},"thumbnailUrl":"https:\/\/www.steeltec.cz\/wp-content\/uploads\/hexagon-stravovani.png","datePublished":"2017-02-21T15:20:32+00:00","dateModified":"2025-02-13T13:00:05+00:00","description":"STEELTEC CZ nab\u00edz\u00ed slu\u017eby velkos\u00e9riov\u00e9 kovov\u00fdroby ve stroj\u00edrenstv\u00ed","breadcrumb":{"@id":"https:\/\/www.steeltec.cz\/kariera\/co-nabizime\/#breadcrumb"},"inLanguage":"de","potentialAction":[{"@type":"ReadAction","target":["https:\/\/www.steeltec.cz\/kariera\/co-nabizime\/"]}]},{"@type":"ImageObject","inLanguage":"de","@id":"https:\/\/www.steeltec.cz\/kariera\/co-nabizime\/#primaryimage","url":"https:\/\/www.steeltec.cz\/wp-content\/uploads\/hexagon-stravovani.png","contentUrl":"https:\/\/www.steeltec.cz\/wp-content\/uploads\/hexagon-stravovani.png"},{"@type":"BreadcrumbList","@id":"https:\/\/www.steeltec.cz\/kariera\/co-nabizime\/#breadcrumb","itemListElement":[{"@type":"ListItem","position":1,"name":"Dom\u016f","item":"https:\/\/www.steeltec.cz\/"},{"@type":"ListItem","position":2,"name":"Kari\u00e9ra","item":"https:\/\/www.steeltec.cz\/kariera\/"},{"@type":"ListItem","position":3,"name":"Co nab\u00edz\u00edme"}]},{"@type":"WebSite","@id":"https:\/\/www.steeltec.cz\/#website","url":"https:\/\/www.steeltec.cz\/","name":"STEELTEC CZ, s.r.o.","description":"Leistungen der Gro\u00dfserienproduktion","potentialAction":[{"@type":"SearchAction","target":{"@type":"EntryPoint","urlTemplate":"https:\/\/www.steeltec.cz\/?s={search_term_string}"},"query-input":{"@type":"PropertyValueSpecification","valueRequired":true,"valueName":"search_term_string"}}],"inLanguage":"de"}]}},"_links":{"self":[{"href":"https:\/\/www.steeltec.cz\/de\/wp-json\/wp\/v2\/pages\/1401","targetHints":{"allow":["GET"]}}],"collection":[{"href":"https:\/\/www.steeltec.cz\/de\/wp-json\/wp\/v2\/pages"}],"about":[{"href":"https:\/\/www.steeltec.cz\/de\/wp-json\/wp\/v2\/types\/page"}],"author":[{"embeddable":true,"href":"https:\/\/www.steeltec.cz\/de\/wp-json\/wp\/v2\/users\/1"}],"replies":[{"embeddable":true,"href":"https:\/\/www.steeltec.cz\/de\/wp-json\/wp\/v2\/comments?post=1401"}],"version-history":[{"count":24,"href":"https:\/\/www.steeltec.cz\/de\/wp-json\/wp\/v2\/pages\/1401\/revisions"}],"predecessor-version":[{"id":2642,"href":"https:\/\/www.steeltec.cz\/de\/wp-json\/wp\/v2\/pages\/1401\/revisions\/2642"}],"up":[{"embeddable":true,"href":"https:\/\/www.steeltec.cz\/de\/wp-json\/wp\/v2\/pages\/113"}],"wp:attachment":[{"href":"https:\/\/www.steeltec.cz\/de\/wp-json\/wp\/v2\/media?parent=1401"}],"curies":[{"name":"wp","href":"https:\/\/api.w.org\/{rel}","templated":true}]}}