{"id":15,"date":"2015-10-13T18:19:03","date_gmt":"2015-10-13T17:19:03","guid":{"rendered":"https:\/\/www.steeltec.cz\/?page_id=15"},"modified":"2025-12-17T06:28:26","modified_gmt":"2025-12-17T05:28:26","slug":"rizeni-kvality","status":"publish","type":"page","link":"https:\/\/www.steeltec.cz\/de\/grosserienproduktion\/qualitatssicherung\/","title":{"rendered":"Qualit\u00e4tssicherung"},"content":{"rendered":"<p><img loading=\"lazy\" decoding=\"async\" data-id=\"1979\" src=\"https:\/\/www.steeltec.cz\/wp-content\/uploads\/ISO-9001-553x600.jpg\" alt=\"\" class=\"wp-image-1979 aligncenter\" width=\"253\" height=\"275\" srcset=\"https:\/\/www.steeltec.cz\/wp-content\/uploads\/ISO-9001-553x600.jpg 553w, https:\/\/www.steeltec.cz\/wp-content\/uploads\/ISO-9001.jpg 566w\" sizes=\"auto, (max-width: 253px) 100vw, 253px\" \/><\/p>\n<p>&nbsp;<\/p>\n<p>Die Arbeitsvorbereitung verarbeitet die <strong>PPAP-Dokumentation<\/strong> im Rahmen der Freigabeprozesse, je nach Kundenwunsch, auf Niveau 1 bis 4. Unser Messzentrum verf\u00fcgt \u00fcber eine <strong>3D-Messanlage<\/strong> und weitere Messger\u00e4te und Kaliber. <span id=\"result_box\" class=\"\" lang=\"de\"><span class=\"\">Im unserem neuen metallografischen Labor k\u00f6nnen wir die H\u00e4rte des Materials und die Oberfl\u00e4chen- und Innenstruktur der Materialien sowie die Schwei\u00dfmuster untersuchen.<\/span><\/span><\/p>\n<p>Das eingef\u00fchrte\u00a0System der Qualit\u00e4tssicherung beginnt bei jedem Operator. Dies sichert dem Kunden 100% Produkt- oder Teilqualit\u00e4t.<\/p>\n<p>Kontinuierliche Mitarbeiterschulungen im Rahmen des, auf die Lean-Produktion gezielten, Projekts <strong>HOS<\/strong> bewirken die st\u00e4ndige Verbesserungen aller Firmenprozesse.<\/p>","protected":false},"excerpt":{"rendered":"<p>&nbsp; Die Arbeitsvorbereitung verarbeitet die PPAP-Dokumentation im Rahmen der Freigabeprozesse, je nach Kundenwunsch, auf Niveau 1 bis 4. &hellip; <\/p>\n","protected":false},"author":1,"featured_media":0,"parent":13,"menu_order":3,"comment_status":"closed","ping_status":"closed","template":"","meta":{"_acf_changed":false,"footnotes":""},"class_list":["post-15","page","type-page","status-publish","hentry"],"acf":[],"yoast_head":"<!-- This site is optimized with the Yoast SEO plugin v27.3 - https:\/\/yoast.com\/product\/yoast-seo-wordpress\/ -->\n<title>Qualit\u00e4tssicherung - STEELTEC CZ, s.r.o.<\/title>\n<meta name=\"description\" content=\"STEELTEC CZ nab\u00edz\u00ed slu\u017eby velkos\u00e9riov\u00e9 kovov\u00fdroby ve stroj\u00edrenstv\u00ed\" \/>\n<meta name=\"robots\" content=\"index, follow, max-snippet:-1, max-image-preview:large, max-video-preview:-1\" \/>\n<link rel=\"canonical\" href=\"https:\/\/www.steeltec.cz\/velkoseriova-kovovyroba\/rizeni-kvality\/\" \/>\n<meta property=\"og:locale\" content=\"de_DE\" \/>\n<meta property=\"og:type\" content=\"article\" \/>\n<meta property=\"og:title\" content=\"[:cs]\u0158\u00edzen\u00ed kvality[:en]Grade and Quality Assurance[:de]Qualit\u00e4tssicherung[:] - STEELTEC CZ, s.r.o.\" \/>\n<meta property=\"og:description\" content=\"STEELTEC CZ nab\u00edz\u00ed slu\u017eby velkos\u00e9riov\u00e9 kovov\u00fdroby ve stroj\u00edrenstv\u00ed\" \/>\n<meta property=\"og:url\" content=\"https:\/\/www.steeltec.cz\/velkoseriova-kovovyroba\/rizeni-kvality\/\" \/>\n<meta property=\"og:site_name\" content=\"STEELTEC CZ, s.r.o.\" \/>\n<meta property=\"article:modified_time\" content=\"2025-12-17T05:28:26+00:00\" \/>\n<meta property=\"og:image\" content=\"https:\/\/www.steeltec.cz\/wp-content\/uploads\/ISO-9001.jpg\" \/>\n\t<meta property=\"og:image:width\" content=\"566\" \/>\n\t<meta property=\"og:image:height\" content=\"614\" \/>\n\t<meta property=\"og:image:type\" content=\"image\/jpeg\" \/>\n<meta name=\"twitter:card\" content=\"summary_large_image\" \/>\n<meta name=\"twitter:label1\" content=\"Gesch\u00e4tzte Lesezeit\" \/>\n\t<meta name=\"twitter:data1\" content=\"2\u00a0Minuten\" \/>\n<!-- \/ Yoast SEO plugin. -->","yoast_head_json":{"title":"[:cs]\u0158\u00edzen\u00ed kvality[:en]Grade and Quality Assurance[:de]Qualit\u00e4tssicherung[:] - STEELTEC CZ, s.r.o.","description":"STEELTEC CZ nab\u00edz\u00ed slu\u017eby velkos\u00e9riov\u00e9 kovov\u00fdroby ve stroj\u00edrenstv\u00ed","robots":{"index":"index","follow":"follow","max-snippet":"max-snippet:-1","max-image-preview":"max-image-preview:large","max-video-preview":"max-video-preview:-1"},"canonical":"https:\/\/www.steeltec.cz\/velkoseriova-kovovyroba\/rizeni-kvality\/","og_locale":"de_DE","og_type":"article","og_title":"[:cs]\u0158\u00edzen\u00ed kvality[:en]Grade and Quality Assurance[:de]Qualit\u00e4tssicherung[:] - STEELTEC CZ, s.r.o.","og_description":"STEELTEC CZ nab\u00edz\u00ed slu\u017eby velkos\u00e9riov\u00e9 kovov\u00fdroby ve stroj\u00edrenstv\u00ed","og_url":"https:\/\/www.steeltec.cz\/velkoseriova-kovovyroba\/rizeni-kvality\/","og_site_name":"STEELTEC CZ, s.r.o.","article_modified_time":"2025-12-17T05:28:26+00:00","og_image":[{"width":566,"height":614,"url":"https:\/\/www.steeltec.cz\/wp-content\/uploads\/ISO-9001.jpg","type":"image\/jpeg"}],"twitter_card":"summary_large_image","twitter_misc":{"Gesch\u00e4tzte Lesezeit":"2\u00a0Minuten"},"schema":{"@context":"https:\/\/schema.org","@graph":[{"@type":"WebPage","@id":"https:\/\/www.steeltec.cz\/velkoseriova-kovovyroba\/rizeni-kvality\/","url":"https:\/\/www.steeltec.cz\/velkoseriova-kovovyroba\/rizeni-kvality\/","name":"[:cs]\u0158\u00edzen\u00ed kvality[:en]Grade and Quality Assurance[:de]Qualit\u00e4tssicherung[:] - STEELTEC CZ, s.r.o.","isPartOf":{"@id":"https:\/\/www.steeltec.cz\/#website"},"primaryImageOfPage":{"@id":"https:\/\/www.steeltec.cz\/velkoseriova-kovovyroba\/rizeni-kvality\/#primaryimage"},"image":{"@id":"https:\/\/www.steeltec.cz\/velkoseriova-kovovyroba\/rizeni-kvality\/#primaryimage"},"thumbnailUrl":"https:\/\/www.steeltec.cz\/wp-content\/uploads\/ISO-9001-553x600.jpg","datePublished":"2015-10-13T17:19:03+00:00","dateModified":"2025-12-17T05:28:26+00:00","description":"STEELTEC CZ nab\u00edz\u00ed slu\u017eby velkos\u00e9riov\u00e9 kovov\u00fdroby ve stroj\u00edrenstv\u00ed","breadcrumb":{"@id":"https:\/\/www.steeltec.cz\/velkoseriova-kovovyroba\/rizeni-kvality\/#breadcrumb"},"inLanguage":"de","potentialAction":[{"@type":"ReadAction","target":["https:\/\/www.steeltec.cz\/velkoseriova-kovovyroba\/rizeni-kvality\/"]}]},{"@type":"ImageObject","inLanguage":"de","@id":"https:\/\/www.steeltec.cz\/velkoseriova-kovovyroba\/rizeni-kvality\/#primaryimage","url":"https:\/\/www.steeltec.cz\/wp-content\/uploads\/ISO-9001-553x600.jpg","contentUrl":"https:\/\/www.steeltec.cz\/wp-content\/uploads\/ISO-9001-553x600.jpg"},{"@type":"BreadcrumbList","@id":"https:\/\/www.steeltec.cz\/velkoseriova-kovovyroba\/rizeni-kvality\/#breadcrumb","itemListElement":[{"@type":"ListItem","position":1,"name":"Dom\u016f","item":"https:\/\/www.steeltec.cz\/"},{"@type":"ListItem","position":2,"name":"Velkos\u00e9riov\u00e1 kovov\u00fdroba","item":"https:\/\/www.steeltec.cz\/velkoseriova-kovovyroba\/"},{"@type":"ListItem","position":3,"name":"\u0158\u00edzen\u00ed kvality"}]},{"@type":"WebSite","@id":"https:\/\/www.steeltec.cz\/#website","url":"https:\/\/www.steeltec.cz\/","name":"STEELTEC CZ, s.r.o.","description":"Leistungen der Gro\u00dfserienproduktion","potentialAction":[{"@type":"SearchAction","target":{"@type":"EntryPoint","urlTemplate":"https:\/\/www.steeltec.cz\/?s={search_term_string}"},"query-input":{"@type":"PropertyValueSpecification","valueRequired":true,"valueName":"search_term_string"}}],"inLanguage":"de"}]}},"_links":{"self":[{"href":"https:\/\/www.steeltec.cz\/de\/wp-json\/wp\/v2\/pages\/15","targetHints":{"allow":["GET"]}}],"collection":[{"href":"https:\/\/www.steeltec.cz\/de\/wp-json\/wp\/v2\/pages"}],"about":[{"href":"https:\/\/www.steeltec.cz\/de\/wp-json\/wp\/v2\/types\/page"}],"author":[{"embeddable":true,"href":"https:\/\/www.steeltec.cz\/de\/wp-json\/wp\/v2\/users\/1"}],"replies":[{"embeddable":true,"href":"https:\/\/www.steeltec.cz\/de\/wp-json\/wp\/v2\/comments?post=15"}],"version-history":[{"count":49,"href":"https:\/\/www.steeltec.cz\/de\/wp-json\/wp\/v2\/pages\/15\/revisions"}],"predecessor-version":[{"id":2675,"href":"https:\/\/www.steeltec.cz\/de\/wp-json\/wp\/v2\/pages\/15\/revisions\/2675"}],"up":[{"embeddable":true,"href":"https:\/\/www.steeltec.cz\/de\/wp-json\/wp\/v2\/pages\/13"}],"wp:attachment":[{"href":"https:\/\/www.steeltec.cz\/de\/wp-json\/wp\/v2\/media?parent=15"}],"curies":[{"name":"wp","href":"https:\/\/api.w.org\/{rel}","templated":true}]}}