{"id":19,"date":"2015-10-13T18:19:29","date_gmt":"2015-10-13T17:19:29","guid":{"rendered":"http:\/\/steeltec.cz.uvirt45.active24.czhttps:\/\/www.steeltec.cz\/?page_id=19"},"modified":"2026-01-23T09:07:37","modified_gmt":"2026-01-23T08:07:37","slug":"kontakty","status":"publish","type":"page","link":"https:\/\/www.steeltec.cz\/de\/kontakte\/","title":{"rendered":"Kontakte"},"content":{"rendered":"<p><\/p>\n<div class=\"row\">\n<div class=\"col-sm-4\">\n<h4>STEELTEC CZ, s.r.o.<\/h4>\n<address>Pr\u016fmyslov\u00e1 700<br \/>\n739 61 T\u0159inec Konsk\u00e1<\/address>\n<p>E-Mail: <a href=\"mailto:steeltec@steeltec.cz\">steeltec@steeltec.cz<\/a><\/p>\n<p>Telefon: 00420 <strong>597 597 700<\/strong><\/p>\n<p><strong><\/strong><\/p>\n<\/div>\n<div class=\"col-sm-8\"><iframe loading=\"lazy\" width=\"800\" height=\"600\" style=\"border: 0px currentColor; width: 100%; height: 300px;\" allowfullscreen=\"allowfullscreen\" frameborder=\"0\" src=\"https:\/\/www.google.com\/maps\/embed?pb=!1m14!1m8!1m3!1d10322.51571383741!2d18.6363671!3d49.6989603!3m2!1i1024!2i768!4f13.1!3m3!1m2!1s0x0%3A0x870e2489817b1702!2sSteeltec+Cz%2C+S.r.o.!5e0!3m2!1scs!2scz!4v1445341548152\"><\/iframe><iframe loading=\"lazy\" width=\"800\" height=\"600\" style=\"border: 0px currentColor; width: 100%; height: 300px;\" src=\"https:\/\/www.google.com\/maps\/embed?pb=!1m18!1m12!1m3!1d41278.48966173691!2d18.56342373542007!3d49.71257882124915!2m3!1f0!2f0!3f0!3m2!1i1024!2i768!4f13.1!3m3!1m2!1s0x471405b34b9cda71%3A0xe86d73e6ba761091!2sSilesmont%2Cs.r.o.!5e0!3m2!1scs!2scz!4v1609160312007!5m2!1scs!2scz\" frameborder=\"0\" allowfullscreen=\"allowfullscreen\" aria-hidden=\"false\" tabindex=\"0\"><\/iframe><\/div>\n<\/div>\n<hr \/>\n<h2>Telefonverzeichnis<\/h2>\n<h3>FIRMENLEITUNG<\/h3>\n<div class=\"table-responsive\">\n<table class=\"table table-bordered\">\n<thead>\n<tr>\n<th>Funktion<\/th>\n<th>Name<\/th>\n<th>Telefon<\/th>\n<th>E-Mail<\/th>\n<\/tr>\n<\/thead>\n<tbody>\n<tr>\n<td>Gesch\u00e4ftsf\u00fchrer<\/td>\n<td>Ing. Rostislav Zabystrzan<\/td>\n<td>+420 597 597 702<\/td>\n<td><a title=\"Kliknut\u00edm otev\u0159ete po\u0161tovn\u00edho klienta\" href=\"mailto:rosta.zabystrzan@steeltec.cz\">rosta.zabystrzan@steeltec.cz<\/a><\/td>\n<\/tr>\n<tr>\n<td>Gesch\u00e4ftsf\u00fchrer<\/td>\n<td>Ing. Jakub Trojek<\/td>\n<td>+420 597 597 701<\/td>\n<td><a title=\"Kliknut\u00edm otev\u0159ete po\u0161tovn\u00edho klienta\" href=\"mailto:jakub.trojek@steeltec.cz\">jakub.trojek@steeltec.cz<\/a><\/td>\n<\/tr>\n<tr>\n<td>Sekretariat<\/td>\n<td>Bc. Adriana Hlisnikovska<\/td>\n<td>+420 597 597 700<\/td>\n<td><a title=\"Kliknut\u00edm otev\u0159ete po\u0161tovn\u00edho klienta\" href=\"mailto:anezka.hlavenkova@steeltec.cz\">adriana.hlisnikovska@steeltec.cz<\/a><\/td>\n<\/tr>\n<\/tbody>\n<\/table>\n<\/div>\n<h3>EINKAUF<\/h3>\n<div class=\"table-responsive\">\n<table class=\"table table-bordered\">\n<thead>\n<tr>\n<th>Funktion<\/th>\n<th>Name<\/th>\n<th>Telefon<\/th>\n<th>E-Mail<\/th>\n<\/tr>\n<\/thead>\n<tbody>\n<tr>\n<td>Leiter<\/td>\n<td>Bc. Daniel Tome\u010dek<\/td>\n<td>+420 597 597 710<\/td>\n<td><a title=\"Kliknut\u00edm otev\u0159ete po\u0161tovn\u00edho klienta\" href=\"mailto:daniel.tomecek@steeltec.cz\">daniel.tomecek@steeltec.cz<\/a><\/td>\n<\/tr>\n<\/tbody>\n<\/table>\n<\/div>\n<h3>VERKAUF &#8211; EXPORT<\/h3>\n<div class=\"table-responsive\">\n<table class=\"table table-bordered\">\n<thead>\n<tr>\n<th>Funktion<\/th>\n<th>Name<\/th>\n<th>Telefon<\/th>\n<th>E-Mail<\/th>\n<\/tr>\n<\/thead>\n<tbody>\n<tr>\n<td>Leiter<\/td>\n<td>Ing. Tom\u00e1\u0161 Zuczek<\/td>\n<td>+420 597 597 720<\/td>\n<td><a title=\"Kliknut\u00edm otev\u0159ete po\u0161tovn\u00edho klienta\" href=\"mailto:tomas.zuczek@steeltec.cz\">tomas.zuczek@steeltec.cz<\/a><\/td>\n<\/tr>\n<\/tbody>\n<\/table>\n<\/div>\n<h3>QUALIT\u00c4TSSICHERUNG &#8211; ARBEITSVORBEREITUNG<\/h3>\n<div class=\"table-responsive\">\n<table class=\"table table-bordered\">\n<thead>\n<tr>\n<th>Funktion<\/th>\n<th>Name<\/th>\n<th>Telefon<\/th>\n<th>E-Mail<\/th>\n<\/tr>\n<\/thead>\n<tbody>\n<tr>\n<td>Leiter<\/td>\n<td>David P\u011bg\u0159im<\/td>\n<td>+420 597 597 730<\/td>\n<td><a title=\"Kliknut\u00edm otev\u0159ete po\u0161tovn\u00edho klienta\" href=\"mailto:lubos.samiec@steeltec.cz\">david.pegrim@steeltec.cz<\/a><\/td>\n<\/tr>\n<\/tbody>\n<\/table>\n<\/div>\n<h3>PRODUKTION<\/h3>\n<div class=\"table-responsive\">\n<table class=\"table table-bordered\">\n<thead>\n<tr>\n<th>Funktion<\/th>\n<th>Name<\/th>\n<th>Telefon<\/th>\n<th>E-Mail<\/th>\n<\/tr>\n<\/thead>\n<tbody>\n<tr>\n<td>Leiter<\/td>\n<td>Ji\u0159\u00ed Byrtus MBA<\/td>\n<td>+420 597 597 750<\/td>\n<td><a href=\"mailto:jiri.byrtus@steeltec.cz\">jiri.byrtus@steeltec.cz<\/a><\/td>\n<\/tr>\n<\/tbody>\n<\/table>\n<\/div>\n<h3>WERKZEUGBAU<\/h3>\n<div class=\"table-responsive\">\n<table class=\"table table-bordered\">\n<thead>\n<tr>\n<th>Funktion<\/th>\n<th>Name<\/th>\n<th>Telefon<\/th>\n<th>E-Mail<\/th>\n<\/tr>\n<\/thead>\n<tbody>\n<tr>\n<td>Leiter<\/td>\n<td>Ing. Stanislav Parani\u010d<\/td>\n<td>+420 597 597 780<\/td>\n<td><a title=\"Kliknut\u00edm otev\u0159ete po\u0161tovn\u00edho klienta\" href=\"mailto:antonin.drong@steeltec.cz\">stanislav.paranic@steeltec.cz<\/a><\/td>\n<\/tr>\n<\/tbody>\n<\/table>\n<\/div>\n<h3>FINANZABTEILUNG &#8211; CONTROLLING<\/h3>\n<div class=\"table-responsive\">\n<table class=\"table table-bordered\">\n<thead>\n<tr>\n<th>Funktion<\/th>\n<th>Name<\/th>\n<th>Telefon<\/th>\n<th>E-Mail<\/th>\n<\/tr>\n<\/thead>\n<tbody>\n<tr>\n<td>Leiter<\/td>\n<td>Ing. Pavl\u00edna Carroll<\/td>\n<td>+420 597 597 770<\/td>\n<td><a title=\"Kliknut\u00edm otev\u0159ete po\u0161tovn\u00edho klienta\" href=\"mailto:marta.suchankova@steeltec.cz\">pavlina.carroll@steeltec.cz<\/a><\/td>\n<\/tr>\n<\/tbody>\n<\/table>\n<\/div>\n<hr \/>\n<h2>Kontaktformular<\/h2>\n<p>\n<div class=\"wpcf7 no-js\" id=\"wpcf7-f880-o3\" lang=\"cs-CZ\" dir=\"ltr\" data-wpcf7-id=\"880\">\n<div class=\"screen-reader-response\"><p role=\"status\" aria-live=\"polite\" aria-atomic=\"true\"><\/p> <ul><\/ul><\/div>\n<form action=\"\/de\/wp-json\/wp\/v2\/pages\/19#wpcf7-f880-o3\" method=\"post\" class=\"wpcf7-form init\" aria-label=\"Kontaktn\u00ed formul\u00e1\u0159\" novalidate=\"novalidate\" data-status=\"init\">\n<fieldset class=\"hidden-fields-container\"><input type=\"hidden\" name=\"_wpcf7\" value=\"880\" \/><input type=\"hidden\" name=\"_wpcf7_version\" value=\"6.1.5\" \/><input type=\"hidden\" name=\"_wpcf7_locale\" value=\"cs_CZ\" \/><input type=\"hidden\" name=\"_wpcf7_unit_tag\" value=\"wpcf7-f880-o3\" \/><input type=\"hidden\" name=\"_wpcf7_container_post\" value=\"0\" \/><input type=\"hidden\" name=\"_wpcf7_posted_data_hash\" value=\"\" \/>\n<\/fieldset>\n<div id=\"contact_form\">\n\t<div class=\"row\">\n\t\t<div class=\"col-sm-4\">\n\t\t\t<div class=\"form-group\">\n\t\t\t\t<p><label for=\"jmeno\"><sup>*<\/sup> Vorname und Familienname:<\/label><br \/>\n<span class=\"wpcf7-form-control-wrap\" data-name=\"jmeno\"><input size=\"40\" maxlength=\"400\" class=\"wpcf7-form-control wpcf7-text wpcf7-validates-as-required form-control\" aria-required=\"true\" aria-invalid=\"false\" value=\"\" type=\"text\" name=\"jmeno\" \/><\/span>\n\t\t\t\t<\/p>\n\t\t\t<\/div>\n\t\t\t<div class=\"form-group\">\n\t\t\t\t<p><label for=\"email\">Telefon:<\/label><br \/>\n<span class=\"wpcf7-form-control-wrap\" data-name=\"telefon\"><input size=\"40\" maxlength=\"400\" class=\"wpcf7-form-control wpcf7-tel wpcf7-text wpcf7-validates-as-tel form-control\" aria-invalid=\"false\" value=\"\" type=\"tel\" name=\"telefon\" \/><\/span>\n\t\t\t\t<\/p>\n\t\t\t<\/div>\n\t\t\t<div class=\"form-group\">\n\t\t\t\t<p><label for=\"email\"><sup>*<\/sup> E-mail:<\/label><br \/>\n<span class=\"wpcf7-form-control-wrap\" data-name=\"email\"><input size=\"40\" maxlength=\"400\" class=\"wpcf7-form-control wpcf7-email wpcf7-validates-as-required wpcf7-text wpcf7-validates-as-email form-control\" aria-required=\"true\" aria-invalid=\"false\" value=\"\" type=\"email\" name=\"email\" \/><\/span>\n\t\t\t\t<\/p>\n\t\t\t<\/div>\n\t\t<\/div>\n\t\t<div class=\"col-sm-8\">\n\t\t\t<div class=\"form-group\">\n\t\t\t\t<p><label for=\"zprava\"><sup>*<\/sup> Ihre Nachricht:<\/label><br \/>\n<span class=\"wpcf7-form-control-wrap\" data-name=\"zprava\"><textarea cols=\"40\" rows=\"9\" maxlength=\"2000\" class=\"wpcf7-form-control wpcf7-textarea wpcf7-validates-as-required form-control\" aria-required=\"true\" aria-invalid=\"false\" name=\"zprava\"><\/textarea><\/span>\n\t\t\t\t<\/p>\n\t\t\t<\/div>\n\t\t<\/div>\n\t<\/div>\n\t<p><input class=\"wpcf7-form-control wpcf7-submit has-spinner btn btn-primary btn-lg\" type=\"submit\" value=\"Versenden\" \/>\n\t<\/p>\n\t<p><sup>*<\/sup><small> \/ Pflichtige Angaben<\/small>\n\t<\/p>\n<\/div><div class=\"wpcf7-response-output\" aria-hidden=\"true\"><\/div>\n<\/form>\n<\/div>\n<\/p>","protected":false},"excerpt":{"rendered":"<p>STEELTEC CZ, s.r.o. Pr\u016fmyslov\u00e1 700 739 61 T\u0159inec Konsk\u00e1 E-Mail: steeltec@steeltec.cz Telefon: 00420 597 597 700 Telefonverzeichnis FIRMENLEITUNG &hellip; <\/p>\n","protected":false},"author":1,"featured_media":0,"parent":0,"menu_order":8,"comment_status":"closed","ping_status":"closed","template":"","meta":{"_acf_changed":false,"footnotes":""},"class_list":["post-19","page","type-page","status-publish","hentry"],"acf":[],"yoast_head":"<!-- This site is optimized with the Yoast SEO plugin v27.6 - https:\/\/yoast.com\/product\/yoast-seo-wordpress\/ -->\n<title>Kontakte - STEELTEC CZ, s.r.o.<\/title>\n<meta name=\"description\" content=\"STEELTEC CZ nab\u00edz\u00ed slu\u017eby velkos\u00e9riov\u00e9 kovov\u00fdroby ve stroj\u00edrenstv\u00ed\" \/>\n<meta name=\"robots\" content=\"index, follow, max-snippet:-1, max-image-preview:large, max-video-preview:-1\" \/>\n<link rel=\"canonical\" href=\"https:\/\/www.steeltec.cz\/kontakty\/\" \/>\n<meta property=\"og:locale\" content=\"de_DE\" \/>\n<meta property=\"og:type\" content=\"article\" \/>\n<meta property=\"og:title\" content=\"[:cs]Kontakty[:en]Contacts[:de]Kontakte[:] - STEELTEC CZ, s.r.o.\" \/>\n<meta property=\"og:description\" content=\"STEELTEC CZ nab\u00edz\u00ed slu\u017eby velkos\u00e9riov\u00e9 kovov\u00fdroby ve stroj\u00edrenstv\u00ed\" \/>\n<meta property=\"og:url\" content=\"https:\/\/www.steeltec.cz\/kontakty\/\" \/>\n<meta property=\"og:site_name\" content=\"STEELTEC CZ, s.r.o.\" \/>\n<meta property=\"article:modified_time\" content=\"2026-01-23T08:07:37+00:00\" \/>\n<meta name=\"twitter:card\" content=\"summary_large_image\" \/>\n<meta name=\"twitter:label1\" content=\"Gesch\u00e4tzte Lesezeit\" \/>\n\t<meta name=\"twitter:data1\" content=\"3\u00a0Minuten\" \/>\n<!-- \/ Yoast SEO plugin. -->","yoast_head_json":{"title":"[:cs]Kontakty[:en]Contacts[:de]Kontakte[:] - STEELTEC CZ, s.r.o.","description":"STEELTEC CZ nab\u00edz\u00ed slu\u017eby velkos\u00e9riov\u00e9 kovov\u00fdroby ve stroj\u00edrenstv\u00ed","robots":{"index":"index","follow":"follow","max-snippet":"max-snippet:-1","max-image-preview":"max-image-preview:large","max-video-preview":"max-video-preview:-1"},"canonical":"https:\/\/www.steeltec.cz\/kontakty\/","og_locale":"de_DE","og_type":"article","og_title":"[:cs]Kontakty[:en]Contacts[:de]Kontakte[:] - STEELTEC CZ, s.r.o.","og_description":"STEELTEC CZ nab\u00edz\u00ed slu\u017eby velkos\u00e9riov\u00e9 kovov\u00fdroby ve stroj\u00edrenstv\u00ed","og_url":"https:\/\/www.steeltec.cz\/kontakty\/","og_site_name":"STEELTEC CZ, s.r.o.","article_modified_time":"2026-01-23T08:07:37+00:00","twitter_card":"summary_large_image","twitter_misc":{"Gesch\u00e4tzte Lesezeit":"3\u00a0Minuten"},"schema":{"@context":"https:\/\/schema.org","@graph":[{"@type":"WebPage","@id":"https:\/\/www.steeltec.cz\/kontakty\/","url":"https:\/\/www.steeltec.cz\/kontakty\/","name":"[:cs]Kontakty[:en]Contacts[:de]Kontakte[:] - STEELTEC CZ, s.r.o.","isPartOf":{"@id":"https:\/\/www.steeltec.cz\/#website"},"datePublished":"2015-10-13T17:19:29+00:00","dateModified":"2026-01-23T08:07:37+00:00","description":"STEELTEC CZ nab\u00edz\u00ed slu\u017eby velkos\u00e9riov\u00e9 kovov\u00fdroby ve stroj\u00edrenstv\u00ed","breadcrumb":{"@id":"https:\/\/www.steeltec.cz\/kontakty\/#breadcrumb"},"inLanguage":"de","potentialAction":[{"@type":"ReadAction","target":["https:\/\/www.steeltec.cz\/kontakty\/"]}]},{"@type":"BreadcrumbList","@id":"https:\/\/www.steeltec.cz\/kontakty\/#breadcrumb","itemListElement":[{"@type":"ListItem","position":1,"name":"Dom\u016f","item":"https:\/\/www.steeltec.cz\/"},{"@type":"ListItem","position":2,"name":"Kontakty"}]},{"@type":"WebSite","@id":"https:\/\/www.steeltec.cz\/#website","url":"https:\/\/www.steeltec.cz\/","name":"STEELTEC CZ, s.r.o.","description":"Leistungen der Gro\u00dfserienproduktion","potentialAction":[{"@type":"SearchAction","target":{"@type":"EntryPoint","urlTemplate":"https:\/\/www.steeltec.cz\/?s={search_term_string}"},"query-input":{"@type":"PropertyValueSpecification","valueRequired":true,"valueName":"search_term_string"}}],"inLanguage":"de"}]}},"_links":{"self":[{"href":"https:\/\/www.steeltec.cz\/de\/wp-json\/wp\/v2\/pages\/19","targetHints":{"allow":["GET"]}}],"collection":[{"href":"https:\/\/www.steeltec.cz\/de\/wp-json\/wp\/v2\/pages"}],"about":[{"href":"https:\/\/www.steeltec.cz\/de\/wp-json\/wp\/v2\/types\/page"}],"author":[{"embeddable":true,"href":"https:\/\/www.steeltec.cz\/de\/wp-json\/wp\/v2\/users\/1"}],"replies":[{"embeddable":true,"href":"https:\/\/www.steeltec.cz\/de\/wp-json\/wp\/v2\/comments?post=19"}],"version-history":[{"count":78,"href":"https:\/\/www.steeltec.cz\/de\/wp-json\/wp\/v2\/pages\/19\/revisions"}],"predecessor-version":[{"id":2680,"href":"https:\/\/www.steeltec.cz\/de\/wp-json\/wp\/v2\/pages\/19\/revisions\/2680"}],"wp:attachment":[{"href":"https:\/\/www.steeltec.cz\/de\/wp-json\/wp\/v2\/media?parent=19"}],"curies":[{"name":"wp","href":"https:\/\/api.w.org\/{rel}","templated":true}]}}