{"id":2476,"date":"2023-03-02T08:10:58","date_gmt":"2023-03-02T07:10:58","guid":{"rendered":"https:\/\/www.steeltec.cz\/?page_id=2476"},"modified":"2023-03-02T08:18:55","modified_gmt":"2023-03-02T07:18:55","slug":"sanube","status":"publish","type":"page","link":"https:\/\/www.steeltec.cz\/de\/referenzen\/cz-sanube\/","title":{"rendered":"(cz) SANUBE"},"content":{"rendered":"<p><strong>Kunde:<\/strong> Produzent und Verk\u00e4ufer von Rehabilitations- und Sanit\u00e4rprodukten.<\/p>\n<p><strong>Beschreibung:<\/strong> <span class=\"HwtZe\" jsaction=\"mouseup:Sxi9L,BR6jm; mousedown:qjlr0e\" jsname=\"jqKxS\" lang=\"de\"><span jsaction=\"agoMJf:PFBcW;MZfLnc:P7O7bd;nt4Alf:pvnm0e,pfE8Hb,PFBcW;B01qod:dJXsye;H1e5u:iXtTIf;lYIUJf:hij5Wb;bmeZHc:iURhpf;Oxj3Xe:qAKMYb,yaf12d\" jsname=\"txFAF\" class=\"jCAhz ChMk0b\" jscontroller=\"Gn4SMb\"><span class=\"ryNqvb\" jsaction=\"click:E6Tfl,GFf3ac,tMZCfe; contextmenu:Nqw7Te,QP7LD; mouseout:Nqw7Te; mouseover:E6Tfl,c2aHje\" jsname=\"W297wb\">Die Sanube GmbH ist ein zuverl\u00e4ssiger Partner f\u00fcr LED-Streifen und Beleuchtungssysteme f\u00fcr Landmaschinen, Nutzfahrzeuge, Wohnwagen und gezogene Fahrzeuge.<\/span><\/span><\/span><strong><br \/>\n<\/strong><\/p>","protected":false},"excerpt":{"rendered":"<p>Kunde: Produzent und Verk\u00e4ufer von Rehabilitations- und Sanit\u00e4rprodukten. Beschreibung: Die Sanube GmbH ist ein zuverl\u00e4ssiger Partner f\u00fcr LED-Streifen &hellip; <\/p>\n","protected":false},"author":2,"featured_media":2480,"parent":17,"menu_order":6,"comment_status":"closed","ping_status":"closed","template":"","meta":{"_acf_changed":false,"footnotes":""},"class_list":["post-2476","page","type-page","status-publish","has-post-thumbnail","hentry"],"acf":[],"yoast_head":"<!-- This site is optimized with the Yoast SEO plugin v27.5 - https:\/\/yoast.com\/product\/yoast-seo-wordpress\/ -->\n<title><\/title>\n<meta name=\"description\" content=\"STEELTEC CZ nab\u00edz\u00ed slu\u017eby velkos\u00e9riov\u00e9 kovov\u00fdroby ve stroj\u00edrenstv\u00ed\" \/>\n<meta name=\"robots\" content=\"index, follow, max-snippet:-1, max-image-preview:large, max-video-preview:-1\" \/>\n<link rel=\"canonical\" href=\"https:\/\/www.steeltec.cz\/reference\/sanube\/\" \/>\n<meta property=\"og:locale\" content=\"de_DE\" \/>\n<meta property=\"og:type\" content=\"article\" \/>\n<meta property=\"og:title\" content=\"[:cs]SANUBE[:] - STEELTEC CZ, s.r.o.\" \/>\n<meta property=\"og:description\" content=\"STEELTEC CZ nab\u00edz\u00ed slu\u017eby velkos\u00e9riov\u00e9 kovov\u00fdroby ve stroj\u00edrenstv\u00ed\" \/>\n<meta property=\"og:url\" content=\"https:\/\/www.steeltec.cz\/reference\/sanube\/\" \/>\n<meta property=\"og:site_name\" content=\"STEELTEC CZ, s.r.o.\" \/>\n<meta property=\"article:modified_time\" content=\"2023-03-02T07:18:55+00:00\" \/>\n<meta property=\"og:image\" content=\"https:\/\/www.steeltec.cz\/wp-content\/uploads\/Sanube-Logo_ohne_Slogan_250x100.png\" \/>\n\t<meta property=\"og:image:width\" content=\"250\" \/>\n\t<meta property=\"og:image:height\" content=\"100\" \/>\n\t<meta property=\"og:image:type\" content=\"image\/png\" \/>\n<meta name=\"twitter:card\" content=\"summary_large_image\" \/>\n<meta name=\"twitter:label1\" content=\"Gesch\u00e4tzte Lesezeit\" \/>\n\t<meta name=\"twitter:data1\" content=\"1\u00a0Minute\" \/>\n<!-- \/ Yoast SEO plugin. -->","yoast_head_json":{"title":"[:cs]SANUBE[:] - STEELTEC CZ, s.r.o.","description":"STEELTEC CZ nab\u00edz\u00ed slu\u017eby velkos\u00e9riov\u00e9 kovov\u00fdroby ve stroj\u00edrenstv\u00ed","robots":{"index":"index","follow":"follow","max-snippet":"max-snippet:-1","max-image-preview":"max-image-preview:large","max-video-preview":"max-video-preview:-1"},"canonical":"https:\/\/www.steeltec.cz\/reference\/sanube\/","og_locale":"de_DE","og_type":"article","og_title":"[:cs]SANUBE[:] - STEELTEC CZ, s.r.o.","og_description":"STEELTEC CZ nab\u00edz\u00ed slu\u017eby velkos\u00e9riov\u00e9 kovov\u00fdroby ve stroj\u00edrenstv\u00ed","og_url":"https:\/\/www.steeltec.cz\/reference\/sanube\/","og_site_name":"STEELTEC CZ, s.r.o.","article_modified_time":"2023-03-02T07:18:55+00:00","og_image":[{"width":250,"height":100,"url":"https:\/\/www.steeltec.cz\/wp-content\/uploads\/Sanube-Logo_ohne_Slogan_250x100.png","type":"image\/png"}],"twitter_card":"summary_large_image","twitter_misc":{"Gesch\u00e4tzte Lesezeit":"1\u00a0Minute"},"schema":{"@context":"https:\/\/schema.org","@graph":[{"@type":"WebPage","@id":"https:\/\/www.steeltec.cz\/reference\/sanube\/","url":"https:\/\/www.steeltec.cz\/reference\/sanube\/","name":"[:cs]SANUBE[:] - STEELTEC CZ, s.r.o.","isPartOf":{"@id":"https:\/\/www.steeltec.cz\/#website"},"primaryImageOfPage":{"@id":"https:\/\/www.steeltec.cz\/reference\/sanube\/#primaryimage"},"image":{"@id":"https:\/\/www.steeltec.cz\/reference\/sanube\/#primaryimage"},"thumbnailUrl":"https:\/\/www.steeltec.cz\/wp-content\/uploads\/Sanube-Logo_ohne_Slogan_250x100.png","datePublished":"2023-03-02T07:10:58+00:00","dateModified":"2023-03-02T07:18:55+00:00","description":"STEELTEC CZ nab\u00edz\u00ed slu\u017eby velkos\u00e9riov\u00e9 kovov\u00fdroby ve stroj\u00edrenstv\u00ed","breadcrumb":{"@id":"https:\/\/www.steeltec.cz\/reference\/sanube\/#breadcrumb"},"inLanguage":"de","potentialAction":[{"@type":"ReadAction","target":["https:\/\/www.steeltec.cz\/reference\/sanube\/"]}]},{"@type":"ImageObject","inLanguage":"de","@id":"https:\/\/www.steeltec.cz\/reference\/sanube\/#primaryimage","url":"https:\/\/www.steeltec.cz\/wp-content\/uploads\/Sanube-Logo_ohne_Slogan_250x100.png","contentUrl":"https:\/\/www.steeltec.cz\/wp-content\/uploads\/Sanube-Logo_ohne_Slogan_250x100.png","width":250,"height":100},{"@type":"BreadcrumbList","@id":"https:\/\/www.steeltec.cz\/reference\/sanube\/#breadcrumb","itemListElement":[{"@type":"ListItem","position":1,"name":"Dom\u016f","item":"https:\/\/www.steeltec.cz\/"},{"@type":"ListItem","position":2,"name":"Referenzen","item":"https:\/\/www.steeltec.cz\/de\/referenzen\/"},{"@type":"ListItem","position":3,"name":"SANUBE"}]},{"@type":"WebSite","@id":"https:\/\/www.steeltec.cz\/#website","url":"https:\/\/www.steeltec.cz\/","name":"STEELTEC CZ, s.r.o.","description":"Leistungen der Gro\u00dfserienproduktion","potentialAction":[{"@type":"SearchAction","target":{"@type":"EntryPoint","urlTemplate":"https:\/\/www.steeltec.cz\/?s={search_term_string}"},"query-input":{"@type":"PropertyValueSpecification","valueRequired":true,"valueName":"search_term_string"}}],"inLanguage":"de"}]}},"_links":{"self":[{"href":"https:\/\/www.steeltec.cz\/de\/wp-json\/wp\/v2\/pages\/2476","targetHints":{"allow":["GET"]}}],"collection":[{"href":"https:\/\/www.steeltec.cz\/de\/wp-json\/wp\/v2\/pages"}],"about":[{"href":"https:\/\/www.steeltec.cz\/de\/wp-json\/wp\/v2\/types\/page"}],"author":[{"embeddable":true,"href":"https:\/\/www.steeltec.cz\/de\/wp-json\/wp\/v2\/users\/2"}],"replies":[{"embeddable":true,"href":"https:\/\/www.steeltec.cz\/de\/wp-json\/wp\/v2\/comments?post=2476"}],"version-history":[{"count":2,"href":"https:\/\/www.steeltec.cz\/de\/wp-json\/wp\/v2\/pages\/2476\/revisions"}],"predecessor-version":[{"id":2479,"href":"https:\/\/www.steeltec.cz\/de\/wp-json\/wp\/v2\/pages\/2476\/revisions\/2479"}],"up":[{"embeddable":true,"href":"https:\/\/www.steeltec.cz\/de\/wp-json\/wp\/v2\/pages\/17"}],"wp:featuredmedia":[{"embeddable":true,"href":"https:\/\/www.steeltec.cz\/de\/wp-json\/wp\/v2\/media\/2480"}],"wp:attachment":[{"href":"https:\/\/www.steeltec.cz\/de\/wp-json\/wp\/v2\/media?parent=2476"}],"curies":[{"name":"wp","href":"https:\/\/api.w.org\/{rel}","templated":true}]}}