{"id":40,"date":"2015-10-13T18:41:20","date_gmt":"2015-10-13T17:41:20","guid":{"rendered":"https:\/\/www.steeltec.cz\/?page_id=40"},"modified":"2022-01-07T09:12:41","modified_gmt":"2022-01-07T08:12:41","slug":"profil-spolecnosti","status":"publish","type":"page","link":"https:\/\/www.steeltec.cz\/de\/unternehmen\/unternehmensprofil\/","title":{"rendered":"Unternehmensprofil"},"content":{"rendered":"<p><\/p>\n<h2>Unternehmen<\/h2>\n<p>Die Haupt\u00e4tigkeit der Firma STEELTEC CZ ist die <strong>Gro\u00dfserienfertigung von Metallerzeugnissen<\/strong> mit der darauffolgenden Verarbeitungen im Maschinenbauprozess \u2013 <strong>Schwei\u00dfen<\/strong>, <strong>Schleifen<\/strong>, <strong>Pulverbeschichten<\/strong>.<\/p>\n<p>Wir verf\u00fcgen \u00fcber einen eigenen <strong>Werkzeugbau\u00a0<\/strong>und bieten unseren Kunden einen <strong>kompletten Service<\/strong> f\u00fcr sein Produkt. Von der Konstruktion und Entwicklung , \u00fcber die Vorbereitung, die komplette Serienfertigung und Montage bis hin zur Verpackung. Wir liefern das Produkt, inklusive evetuellen zusatzlieferungen von Kunstoffteilen,\u00a0 an den Bestimmungsort nach dem Wunsch unseres Kunden.<\/p>\n<h2>Dienstleistungen<\/h2>\n<ul>\n<li>Gro\u00dfserienproduktion von Metallerzeugnissen, Konstruktion und Stanzwerkzeugbau<\/li>\n<li>Metallstanzen, -kneten und -bearbeiten<\/li>\n<li>Halb- und Vollautomatisches Schwei\u00dfen<\/li>\n<li>Pulverbeschichten<\/li>\n<li>Montage und Komplettierung<\/li>\n<li>Entwicklung und Herstellung von Prozessautomatisierungen<\/li>\n<\/ul>\n<p><\/p>","protected":false},"excerpt":{"rendered":"<p>Unternehmen Die Haupt\u00e4tigkeit der Firma STEELTEC CZ ist die Gro\u00dfserienfertigung von Metallerzeugnissen mit der darauffolgenden Verarbeitungen im Maschinenbauprozess &hellip; <\/p>\n","protected":false},"author":1,"featured_media":0,"parent":11,"menu_order":0,"comment_status":"closed","ping_status":"closed","template":"","meta":{"_acf_changed":false,"footnotes":""},"class_list":["post-40","page","type-page","status-publish","hentry"],"acf":[],"yoast_head":"<!-- This site is optimized with the Yoast SEO plugin v27.3 - https:\/\/yoast.com\/product\/yoast-seo-wordpress\/ -->\n<title>Unternehmensprofil - STEELTEC CZ, s.r.o.<\/title>\n<meta name=\"description\" content=\"STEELTEC CZ nab\u00edz\u00ed slu\u017eby velkos\u00e9riov\u00e9 kovov\u00fdroby ve stroj\u00edrenstv\u00ed\" \/>\n<meta name=\"robots\" content=\"index, follow, max-snippet:-1, max-image-preview:large, max-video-preview:-1\" \/>\n<link rel=\"canonical\" href=\"https:\/\/www.steeltec.cz\/o-spolecnosti\/profil-spolecnosti\/\" \/>\n<meta property=\"og:locale\" content=\"de_DE\" \/>\n<meta property=\"og:type\" content=\"article\" \/>\n<meta property=\"og:title\" content=\"[:cs]Profil spole\u010dnosti[:en]Company profile[:de]Unternehmensprofil[:] - STEELTEC CZ, s.r.o.\" \/>\n<meta property=\"og:description\" content=\"STEELTEC CZ nab\u00edz\u00ed slu\u017eby velkos\u00e9riov\u00e9 kovov\u00fdroby ve stroj\u00edrenstv\u00ed\" \/>\n<meta property=\"og:url\" content=\"https:\/\/www.steeltec.cz\/o-spolecnosti\/profil-spolecnosti\/\" \/>\n<meta property=\"og:site_name\" content=\"STEELTEC CZ, s.r.o.\" \/>\n<meta property=\"article:modified_time\" content=\"2022-01-07T08:12:41+00:00\" \/>\n<meta name=\"twitter:card\" content=\"summary_large_image\" \/>\n<meta name=\"twitter:label1\" content=\"Gesch\u00e4tzte Lesezeit\" \/>\n\t<meta name=\"twitter:data1\" content=\"2\u00a0Minuten\" \/>\n<!-- \/ Yoast SEO plugin. -->","yoast_head_json":{"title":"[:cs]Profil spole\u010dnosti[:en]Company profile[:de]Unternehmensprofil[:] - STEELTEC CZ, s.r.o.","description":"STEELTEC CZ nab\u00edz\u00ed slu\u017eby velkos\u00e9riov\u00e9 kovov\u00fdroby ve stroj\u00edrenstv\u00ed","robots":{"index":"index","follow":"follow","max-snippet":"max-snippet:-1","max-image-preview":"max-image-preview:large","max-video-preview":"max-video-preview:-1"},"canonical":"https:\/\/www.steeltec.cz\/o-spolecnosti\/profil-spolecnosti\/","og_locale":"de_DE","og_type":"article","og_title":"[:cs]Profil spole\u010dnosti[:en]Company profile[:de]Unternehmensprofil[:] - STEELTEC CZ, s.r.o.","og_description":"STEELTEC CZ nab\u00edz\u00ed slu\u017eby velkos\u00e9riov\u00e9 kovov\u00fdroby ve stroj\u00edrenstv\u00ed","og_url":"https:\/\/www.steeltec.cz\/o-spolecnosti\/profil-spolecnosti\/","og_site_name":"STEELTEC CZ, s.r.o.","article_modified_time":"2022-01-07T08:12:41+00:00","twitter_card":"summary_large_image","twitter_misc":{"Gesch\u00e4tzte Lesezeit":"2\u00a0Minuten"},"schema":{"@context":"https:\/\/schema.org","@graph":[{"@type":"WebPage","@id":"https:\/\/www.steeltec.cz\/o-spolecnosti\/profil-spolecnosti\/","url":"https:\/\/www.steeltec.cz\/o-spolecnosti\/profil-spolecnosti\/","name":"[:cs]Profil spole\u010dnosti[:en]Company profile[:de]Unternehmensprofil[:] - STEELTEC CZ, s.r.o.","isPartOf":{"@id":"https:\/\/www.steeltec.cz\/#website"},"datePublished":"2015-10-13T17:41:20+00:00","dateModified":"2022-01-07T08:12:41+00:00","description":"STEELTEC CZ nab\u00edz\u00ed slu\u017eby velkos\u00e9riov\u00e9 kovov\u00fdroby ve stroj\u00edrenstv\u00ed","breadcrumb":{"@id":"https:\/\/www.steeltec.cz\/o-spolecnosti\/profil-spolecnosti\/#breadcrumb"},"inLanguage":"de","potentialAction":[{"@type":"ReadAction","target":["https:\/\/www.steeltec.cz\/o-spolecnosti\/profil-spolecnosti\/"]}]},{"@type":"BreadcrumbList","@id":"https:\/\/www.steeltec.cz\/o-spolecnosti\/profil-spolecnosti\/#breadcrumb","itemListElement":[{"@type":"ListItem","position":1,"name":"Dom\u016f","item":"https:\/\/www.steeltec.cz\/"},{"@type":"ListItem","position":2,"name":"About company","item":"https:\/\/www.steeltec.cz\/en\/about-company\/"},{"@type":"ListItem","position":3,"name":"Profil spole\u010dnosti"}]},{"@type":"WebSite","@id":"https:\/\/www.steeltec.cz\/#website","url":"https:\/\/www.steeltec.cz\/","name":"STEELTEC CZ, s.r.o.","description":"Leistungen der Gro\u00dfserienproduktion","potentialAction":[{"@type":"SearchAction","target":{"@type":"EntryPoint","urlTemplate":"https:\/\/www.steeltec.cz\/?s={search_term_string}"},"query-input":{"@type":"PropertyValueSpecification","valueRequired":true,"valueName":"search_term_string"}}],"inLanguage":"de"}]}},"_links":{"self":[{"href":"https:\/\/www.steeltec.cz\/de\/wp-json\/wp\/v2\/pages\/40","targetHints":{"allow":["GET"]}}],"collection":[{"href":"https:\/\/www.steeltec.cz\/de\/wp-json\/wp\/v2\/pages"}],"about":[{"href":"https:\/\/www.steeltec.cz\/de\/wp-json\/wp\/v2\/types\/page"}],"author":[{"embeddable":true,"href":"https:\/\/www.steeltec.cz\/de\/wp-json\/wp\/v2\/users\/1"}],"replies":[{"embeddable":true,"href":"https:\/\/www.steeltec.cz\/de\/wp-json\/wp\/v2\/comments?post=40"}],"version-history":[{"count":68,"href":"https:\/\/www.steeltec.cz\/de\/wp-json\/wp\/v2\/pages\/40\/revisions"}],"predecessor-version":[{"id":2389,"href":"https:\/\/www.steeltec.cz\/de\/wp-json\/wp\/v2\/pages\/40\/revisions\/2389"}],"up":[{"embeddable":true,"href":"https:\/\/www.steeltec.cz\/de\/wp-json\/wp\/v2\/pages\/11"}],"wp:attachment":[{"href":"https:\/\/www.steeltec.cz\/de\/wp-json\/wp\/v2\/media?parent=40"}],"curies":[{"name":"wp","href":"https:\/\/api.w.org\/{rel}","templated":true}]}}