{"id":536,"date":"2015-11-18T18:16:42","date_gmt":"2015-11-18T17:16:42","guid":{"rendered":"https:\/\/www.steeltec.cz\/?page_id=536"},"modified":"2023-03-02T07:42:32","modified_gmt":"2023-03-02T06:42:32","slug":"kerbl","status":"publish","type":"page","link":"https:\/\/www.steeltec.cz\/de\/referenzen\/kerbl\/","title":{"rendered":"KERBL"},"content":{"rendered":"<p><strong>Kunde:<\/strong> Verk\u00e4ufer von Landwirtschaftsmaschinen und Werkzeugen f\u00fcr die Tierzucht.<\/p>\n<p><strong>Beschreibung:<\/strong> Produktion und Pulverbeschichtung von zur Landwirtschaft geeigneten Rechen, Aluschaufeln, Gummiabziehern und Striegeln.<\/p>","protected":false},"excerpt":{"rendered":"<p>Kunde: Verk\u00e4ufer von Landwirtschaftsmaschinen und Werkzeugen f\u00fcr die Tierzucht. Beschreibung: Produktion und Pulverbeschichtung von zur Landwirtschaft geeigneten Rechen, &hellip; <\/p>\n","protected":false},"author":1,"featured_media":89,"parent":17,"menu_order":5,"comment_status":"closed","ping_status":"closed","template":"","meta":{"_acf_changed":false,"footnotes":""},"class_list":["post-536","page","type-page","status-publish","has-post-thumbnail","hentry"],"acf":[],"yoast_head":"<!-- This site is optimized with the Yoast SEO plugin v27.5 - https:\/\/yoast.com\/product\/yoast-seo-wordpress\/ -->\n<title>KERBL - STEELTEC CZ, s.r.o.<\/title>\n<meta name=\"description\" content=\"STEELTEC CZ nab\u00edz\u00ed slu\u017eby velkos\u00e9riov\u00e9 kovov\u00fdroby ve stroj\u00edrenstv\u00ed\" \/>\n<meta name=\"robots\" content=\"index, follow, max-snippet:-1, max-image-preview:large, max-video-preview:-1\" \/>\n<link rel=\"canonical\" href=\"https:\/\/www.steeltec.cz\/reference\/kerbl\/\" \/>\n<meta property=\"og:locale\" content=\"de_DE\" \/>\n<meta property=\"og:type\" content=\"article\" \/>\n<meta property=\"og:title\" content=\"KERBL - STEELTEC CZ, s.r.o.\" \/>\n<meta property=\"og:description\" content=\"STEELTEC CZ nab\u00edz\u00ed slu\u017eby velkos\u00e9riov\u00e9 kovov\u00fdroby ve stroj\u00edrenstv\u00ed\" \/>\n<meta property=\"og:url\" content=\"https:\/\/www.steeltec.cz\/reference\/kerbl\/\" \/>\n<meta property=\"og:site_name\" content=\"STEELTEC CZ, s.r.o.\" \/>\n<meta property=\"article:modified_time\" content=\"2023-03-02T06:42:32+00:00\" \/>\n<meta property=\"og:image\" content=\"https:\/\/www.steeltec.cz\/wp-content\/uploads\/2015\/10\/Kerbl_logo.png\" \/>\n\t<meta property=\"og:image:width\" content=\"343\" \/>\n\t<meta property=\"og:image:height\" content=\"72\" \/>\n\t<meta property=\"og:image:type\" content=\"image\/png\" \/>\n<meta name=\"twitter:card\" content=\"summary_large_image\" \/>\n<meta name=\"twitter:label1\" content=\"Gesch\u00e4tzte Lesezeit\" \/>\n\t<meta name=\"twitter:data1\" content=\"1\u00a0Minute\" \/>\n<!-- \/ Yoast SEO plugin. -->","yoast_head_json":{"title":"KERBL - STEELTEC CZ, s.r.o.","description":"STEELTEC CZ nab\u00edz\u00ed slu\u017eby velkos\u00e9riov\u00e9 kovov\u00fdroby ve stroj\u00edrenstv\u00ed","robots":{"index":"index","follow":"follow","max-snippet":"max-snippet:-1","max-image-preview":"max-image-preview:large","max-video-preview":"max-video-preview:-1"},"canonical":"https:\/\/www.steeltec.cz\/reference\/kerbl\/","og_locale":"de_DE","og_type":"article","og_title":"KERBL - STEELTEC CZ, s.r.o.","og_description":"STEELTEC CZ nab\u00edz\u00ed slu\u017eby velkos\u00e9riov\u00e9 kovov\u00fdroby ve stroj\u00edrenstv\u00ed","og_url":"https:\/\/www.steeltec.cz\/reference\/kerbl\/","og_site_name":"STEELTEC CZ, s.r.o.","article_modified_time":"2023-03-02T06:42:32+00:00","og_image":[{"width":343,"height":72,"url":"https:\/\/www.steeltec.cz\/wp-content\/uploads\/2015\/10\/Kerbl_logo.png","type":"image\/png"}],"twitter_card":"summary_large_image","twitter_misc":{"Gesch\u00e4tzte Lesezeit":"1\u00a0Minute"},"schema":{"@context":"https:\/\/schema.org","@graph":[{"@type":"WebPage","@id":"https:\/\/www.steeltec.cz\/reference\/kerbl\/","url":"https:\/\/www.steeltec.cz\/reference\/kerbl\/","name":"KERBL - STEELTEC CZ, s.r.o.","isPartOf":{"@id":"https:\/\/www.steeltec.cz\/#website"},"primaryImageOfPage":{"@id":"https:\/\/www.steeltec.cz\/reference\/kerbl\/#primaryimage"},"image":{"@id":"https:\/\/www.steeltec.cz\/reference\/kerbl\/#primaryimage"},"thumbnailUrl":"https:\/\/www.steeltec.cz\/wp-content\/uploads\/2015\/10\/Kerbl_logo.png","datePublished":"2015-11-18T17:16:42+00:00","dateModified":"2023-03-02T06:42:32+00:00","description":"STEELTEC CZ nab\u00edz\u00ed slu\u017eby velkos\u00e9riov\u00e9 kovov\u00fdroby ve stroj\u00edrenstv\u00ed","breadcrumb":{"@id":"https:\/\/www.steeltec.cz\/reference\/kerbl\/#breadcrumb"},"inLanguage":"de","potentialAction":[{"@type":"ReadAction","target":["https:\/\/www.steeltec.cz\/reference\/kerbl\/"]}]},{"@type":"ImageObject","inLanguage":"de","@id":"https:\/\/www.steeltec.cz\/reference\/kerbl\/#primaryimage","url":"https:\/\/www.steeltec.cz\/wp-content\/uploads\/2015\/10\/Kerbl_logo.png","contentUrl":"https:\/\/www.steeltec.cz\/wp-content\/uploads\/2015\/10\/Kerbl_logo.png","width":343,"height":72},{"@type":"BreadcrumbList","@id":"https:\/\/www.steeltec.cz\/reference\/kerbl\/#breadcrumb","itemListElement":[{"@type":"ListItem","position":1,"name":"Dom\u016f","item":"https:\/\/www.steeltec.cz\/"},{"@type":"ListItem","position":2,"name":"Referenzen","item":"https:\/\/www.steeltec.cz\/de\/referenzen\/"},{"@type":"ListItem","position":3,"name":"KERBL"}]},{"@type":"WebSite","@id":"https:\/\/www.steeltec.cz\/#website","url":"https:\/\/www.steeltec.cz\/","name":"STEELTEC CZ, s.r.o.","description":"Leistungen der Gro\u00dfserienproduktion","potentialAction":[{"@type":"SearchAction","target":{"@type":"EntryPoint","urlTemplate":"https:\/\/www.steeltec.cz\/?s={search_term_string}"},"query-input":{"@type":"PropertyValueSpecification","valueRequired":true,"valueName":"search_term_string"}}],"inLanguage":"de"}]}},"_links":{"self":[{"href":"https:\/\/www.steeltec.cz\/de\/wp-json\/wp\/v2\/pages\/536","targetHints":{"allow":["GET"]}}],"collection":[{"href":"https:\/\/www.steeltec.cz\/de\/wp-json\/wp\/v2\/pages"}],"about":[{"href":"https:\/\/www.steeltec.cz\/de\/wp-json\/wp\/v2\/types\/page"}],"author":[{"embeddable":true,"href":"https:\/\/www.steeltec.cz\/de\/wp-json\/wp\/v2\/users\/1"}],"replies":[{"embeddable":true,"href":"https:\/\/www.steeltec.cz\/de\/wp-json\/wp\/v2\/comments?post=536"}],"version-history":[{"count":8,"href":"https:\/\/www.steeltec.cz\/de\/wp-json\/wp\/v2\/pages\/536\/revisions"}],"predecessor-version":[{"id":1759,"href":"https:\/\/www.steeltec.cz\/de\/wp-json\/wp\/v2\/pages\/536\/revisions\/1759"}],"up":[{"embeddable":true,"href":"https:\/\/www.steeltec.cz\/de\/wp-json\/wp\/v2\/pages\/17"}],"wp:featuredmedia":[{"embeddable":true,"href":"https:\/\/www.steeltec.cz\/de\/wp-json\/wp\/v2\/media\/89"}],"wp:attachment":[{"href":"https:\/\/www.steeltec.cz\/de\/wp-json\/wp\/v2\/media?parent=536"}],"curies":[{"name":"wp","href":"https:\/\/api.w.org\/{rel}","templated":true}]}}