{"id":545,"date":"2015-11-18T18:18:11","date_gmt":"2015-11-18T17:18:11","guid":{"rendered":"https:\/\/www.steeltec.cz\/?page_id=545"},"modified":"2020-01-13T12:41:11","modified_gmt":"2020-01-13T11:41:11","slug":"leifheit","status":"publish","type":"page","link":"https:\/\/www.steeltec.cz\/de\/referenzen\/leifheit\/","title":{"rendered":"LEIFHEIT"},"content":{"rendered":"<p><strong>Kunde:<\/strong> Verk\u00e4ufer von Haushaltsutensilien f\u00fcr den Einzel-, sowie den Gro\u00dfhandel, Hobbym\u00e4rkte und Gartenzentren.<\/p>\n<p><strong>Beschreibung:<\/strong> Produktion von drei Ausf\u00fchrungen rostfreier Messer f\u00fcr K\u00fcchenreiben.<\/p>","protected":false},"excerpt":{"rendered":"<p>Kunde: Verk\u00e4ufer von Haushaltsutensilien f\u00fcr den Einzel-, sowie den Gro\u00dfhandel, Hobbym\u00e4rkte und Gartenzentren. Beschreibung: Produktion von drei Ausf\u00fchrungen &hellip; <\/p>\n","protected":false},"author":1,"featured_media":546,"parent":17,"menu_order":9,"comment_status":"closed","ping_status":"closed","template":"","meta":{"_acf_changed":false,"footnotes":""},"class_list":["post-545","page","type-page","status-publish","has-post-thumbnail","hentry"],"acf":[],"yoast_head":"<!-- This site is optimized with the Yoast SEO plugin v27.5 - https:\/\/yoast.com\/product\/yoast-seo-wordpress\/ -->\n<title>LEIFHEIT - STEELTEC CZ, s.r.o.<\/title>\n<meta name=\"description\" content=\"STEELTEC CZ nab\u00edz\u00ed slu\u017eby velkos\u00e9riov\u00e9 kovov\u00fdroby ve stroj\u00edrenstv\u00ed\" \/>\n<meta name=\"robots\" content=\"index, follow, max-snippet:-1, max-image-preview:large, max-video-preview:-1\" \/>\n<link rel=\"canonical\" href=\"https:\/\/www.steeltec.cz\/de\/referenzen\/leifheit\/\" \/>\n<meta property=\"og:locale\" content=\"de_DE\" \/>\n<meta property=\"og:type\" content=\"article\" \/>\n<meta property=\"og:title\" content=\"LEIFHEIT - STEELTEC CZ, s.r.o.\" \/>\n<meta property=\"og:description\" content=\"STEELTEC CZ nab\u00edz\u00ed slu\u017eby velkos\u00e9riov\u00e9 kovov\u00fdroby ve stroj\u00edrenstv\u00ed\" \/>\n<meta property=\"og:url\" content=\"https:\/\/www.steeltec.cz\/de\/referenzen\/leifheit\/\" \/>\n<meta property=\"og:site_name\" content=\"STEELTEC CZ, s.r.o.\" \/>\n<meta property=\"article:modified_time\" content=\"2020-01-13T11:41:11+00:00\" \/>\n<meta property=\"og:image\" content=\"https:\/\/www.steeltec.cz\/wp-content\/uploads\/2015\/11\/Leifheit.png\" \/>\n\t<meta property=\"og:image:width\" content=\"209\" \/>\n\t<meta property=\"og:image:height\" content=\"45\" \/>\n\t<meta property=\"og:image:type\" content=\"image\/png\" \/>\n<meta name=\"twitter:card\" content=\"summary_large_image\" \/>\n<!-- \/ Yoast SEO plugin. -->","yoast_head_json":{"title":"LEIFHEIT - STEELTEC CZ, s.r.o.","description":"STEELTEC CZ nab\u00edz\u00ed slu\u017eby velkos\u00e9riov\u00e9 kovov\u00fdroby ve stroj\u00edrenstv\u00ed","robots":{"index":"index","follow":"follow","max-snippet":"max-snippet:-1","max-image-preview":"max-image-preview:large","max-video-preview":"max-video-preview:-1"},"canonical":"https:\/\/www.steeltec.cz\/de\/referenzen\/leifheit\/","og_locale":"de_DE","og_type":"article","og_title":"LEIFHEIT - STEELTEC CZ, s.r.o.","og_description":"STEELTEC CZ nab\u00edz\u00ed slu\u017eby velkos\u00e9riov\u00e9 kovov\u00fdroby ve stroj\u00edrenstv\u00ed","og_url":"https:\/\/www.steeltec.cz\/de\/referenzen\/leifheit\/","og_site_name":"STEELTEC CZ, s.r.o.","article_modified_time":"2020-01-13T11:41:11+00:00","og_image":[{"width":209,"height":45,"url":"https:\/\/www.steeltec.cz\/wp-content\/uploads\/2015\/11\/Leifheit.png","type":"image\/png"}],"twitter_card":"summary_large_image","schema":{"@context":"https:\/\/schema.org","@graph":[{"@type":"WebPage","@id":"https:\/\/www.steeltec.cz\/de\/referenzen\/leifheit\/","url":"https:\/\/www.steeltec.cz\/de\/referenzen\/leifheit\/","name":"LEIFHEIT - STEELTEC CZ, s.r.o.","isPartOf":{"@id":"https:\/\/www.steeltec.cz\/#website"},"primaryImageOfPage":{"@id":"https:\/\/www.steeltec.cz\/de\/referenzen\/leifheit\/#primaryimage"},"image":{"@id":"https:\/\/www.steeltec.cz\/de\/referenzen\/leifheit\/#primaryimage"},"thumbnailUrl":"https:\/\/www.steeltec.cz\/wp-content\/uploads\/2015\/11\/Leifheit.png","datePublished":"2015-11-18T17:18:11+00:00","dateModified":"2020-01-13T11:41:11+00:00","description":"STEELTEC CZ nab\u00edz\u00ed slu\u017eby velkos\u00e9riov\u00e9 kovov\u00fdroby ve stroj\u00edrenstv\u00ed","breadcrumb":{"@id":"https:\/\/www.steeltec.cz\/de\/referenzen\/leifheit\/#breadcrumb"},"inLanguage":"de","potentialAction":[{"@type":"ReadAction","target":["https:\/\/www.steeltec.cz\/de\/referenzen\/leifheit\/"]}]},{"@type":"ImageObject","inLanguage":"de","@id":"https:\/\/www.steeltec.cz\/de\/referenzen\/leifheit\/#primaryimage","url":"https:\/\/www.steeltec.cz\/wp-content\/uploads\/2015\/11\/Leifheit.png","contentUrl":"https:\/\/www.steeltec.cz\/wp-content\/uploads\/2015\/11\/Leifheit.png","width":209,"height":45},{"@type":"BreadcrumbList","@id":"https:\/\/www.steeltec.cz\/de\/referenzen\/leifheit\/#breadcrumb","itemListElement":[{"@type":"ListItem","position":1,"name":"Dom\u016f","item":"https:\/\/www.steeltec.cz\/"},{"@type":"ListItem","position":2,"name":"Referenzen","item":"https:\/\/www.steeltec.cz\/de\/referenzen\/"},{"@type":"ListItem","position":3,"name":"LEIFHEIT"}]},{"@type":"WebSite","@id":"https:\/\/www.steeltec.cz\/#website","url":"https:\/\/www.steeltec.cz\/","name":"STEELTEC CZ, s.r.o.","description":"Leistungen der Gro\u00dfserienproduktion","potentialAction":[{"@type":"SearchAction","target":{"@type":"EntryPoint","urlTemplate":"https:\/\/www.steeltec.cz\/?s={search_term_string}"},"query-input":{"@type":"PropertyValueSpecification","valueRequired":true,"valueName":"search_term_string"}}],"inLanguage":"de"}]}},"_links":{"self":[{"href":"https:\/\/www.steeltec.cz\/de\/wp-json\/wp\/v2\/pages\/545","targetHints":{"allow":["GET"]}}],"collection":[{"href":"https:\/\/www.steeltec.cz\/de\/wp-json\/wp\/v2\/pages"}],"about":[{"href":"https:\/\/www.steeltec.cz\/de\/wp-json\/wp\/v2\/types\/page"}],"author":[{"embeddable":true,"href":"https:\/\/www.steeltec.cz\/de\/wp-json\/wp\/v2\/users\/1"}],"replies":[{"embeddable":true,"href":"https:\/\/www.steeltec.cz\/de\/wp-json\/wp\/v2\/comments?post=545"}],"version-history":[{"count":9,"href":"https:\/\/www.steeltec.cz\/de\/wp-json\/wp\/v2\/pages\/545\/revisions"}],"predecessor-version":[{"id":2160,"href":"https:\/\/www.steeltec.cz\/de\/wp-json\/wp\/v2\/pages\/545\/revisions\/2160"}],"up":[{"embeddable":true,"href":"https:\/\/www.steeltec.cz\/de\/wp-json\/wp\/v2\/pages\/17"}],"wp:featuredmedia":[{"embeddable":true,"href":"https:\/\/www.steeltec.cz\/de\/wp-json\/wp\/v2\/media\/546"}],"wp:attachment":[{"href":"https:\/\/www.steeltec.cz\/de\/wp-json\/wp\/v2\/media?parent=545"}],"curies":[{"name":"wp","href":"https:\/\/api.w.org\/{rel}","templated":true}]}}