{"id":62,"date":"2015-10-14T18:40:06","date_gmt":"2015-10-14T17:40:06","guid":{"rendered":"https:\/\/www.steeltec.cz\/?page_id=62"},"modified":"2018-04-12T08:06:33","modified_gmt":"2018-04-12T07:06:33","slug":"lisovani","status":"publish","type":"page","link":"https:\/\/www.steeltec.cz\/de\/grosserienproduktion\/stanzerei-und-metallbearbeitung\/","title":{"rendered":"Stanzerei und Metallverarbeitung"},"content":{"rendered":"<p>Unsere Stanzerei verf\u00fcgt \u00fcber Technologien des Metallstanzens auf Exzenterpressen und Hydraulikpressen f\u00fcr bis zu 315 Tonnen. F\u00fcr Gro\u00dfserienproduktion verwenden wir sieben automatisierte Stanzstra\u00dfen mit einer Tragf\u00e4higkeit von 150 Tonnen bis zu 315 Tonnen.<\/p>\n<p>Bei Serien \u00fcber 50.000 Stk.\/Jahr ist eine Produktion mit sequentionellen Anlagen effektiver, wobei die R\u00fcckverg\u00fctung einer gr\u00f6\u00dferen Startinvestition mit der produzierten Menge geringer wird.<\/p>\n<p>Die Anlagen k\u00f6nnen Bleche und Bandst\u00e4hle von 0,4 mm bis 6 mm St\u00e4rke und einem Querschnitt von bis zu 1500 mm\u00b2 stanzen. Die Anlagen sind f\u00fcr kommerzielle St\u00e4hle, kohlenstoffhaltige St\u00e4hle und Buntmetalle geeignet.<\/p>\n<p>Die manuelle Stanzerei umfasst 30 hydraulische Pressen und Exzenterpressen mit einer Tragf\u00e4higkeit von 5 Tonnen bis zu 150 Tonnen. Die Anlagen sind manuell sowie halbautomatisch zu bedienen und f\u00fcr die Verarbeitung mittlerer Auftr\u00e4ge von 1.000 \u2013 5.000 Stk.\/Jahr geeignet.<\/p>","protected":false},"excerpt":{"rendered":"<p>Unsere Stanzerei verf\u00fcgt \u00fcber Technologien des Metallstanzens auf Exzenterpressen und Hydraulikpressen f\u00fcr bis zu 315 Tonnen. F\u00fcr Gro\u00dfserienproduktion &hellip; <\/p>\n","protected":false},"author":1,"featured_media":0,"parent":13,"menu_order":1,"comment_status":"closed","ping_status":"closed","template":"","meta":{"_acf_changed":false,"footnotes":""},"class_list":["post-62","page","type-page","status-publish","hentry"],"acf":[],"yoast_head":"<!-- This site is optimized with the Yoast SEO plugin v27.4 - https:\/\/yoast.com\/product\/yoast-seo-wordpress\/ -->\n<title>Stanzerei und Metallverarbeitung - STEELTEC CZ, s.r.o.<\/title>\n<meta name=\"description\" content=\"STEELTEC CZ nab\u00edz\u00ed slu\u017eby velkos\u00e9riov\u00e9 kovov\u00fdroby ve stroj\u00edrenstv\u00ed\" \/>\n<meta name=\"robots\" content=\"index, follow, max-snippet:-1, max-image-preview:large, max-video-preview:-1\" \/>\n<link rel=\"canonical\" href=\"https:\/\/www.steeltec.cz\/en\/large-series-production\/pressing-and-machine-shop\/\" \/>\n<meta property=\"og:locale\" content=\"de_DE\" \/>\n<meta property=\"og:type\" content=\"article\" \/>\n<meta property=\"og:title\" content=\"[:cs]Lisovna a obrobna[:en]Pressing and machine shop[:de]Stanzerei und Metallverarbeitung[:] - STEELTEC CZ, s.r.o.\" \/>\n<meta property=\"og:description\" content=\"STEELTEC CZ nab\u00edz\u00ed slu\u017eby velkos\u00e9riov\u00e9 kovov\u00fdroby ve stroj\u00edrenstv\u00ed\" \/>\n<meta property=\"og:url\" content=\"https:\/\/www.steeltec.cz\/en\/large-series-production\/pressing-and-machine-shop\/\" \/>\n<meta property=\"og:site_name\" content=\"STEELTEC CZ, s.r.o.\" \/>\n<meta property=\"article:modified_time\" content=\"2018-04-12T07:06:33+00:00\" \/>\n<meta name=\"twitter:card\" content=\"summary_large_image\" \/>\n<meta name=\"twitter:label1\" content=\"Gesch\u00e4tzte Lesezeit\" \/>\n\t<meta name=\"twitter:data1\" content=\"2\u00a0Minuten\" \/>\n<!-- \/ Yoast SEO plugin. -->","yoast_head_json":{"title":"[:cs]Lisovna a obrobna[:en]Pressing and machine shop[:de]Stanzerei und Metallverarbeitung[:] - STEELTEC CZ, s.r.o.","description":"STEELTEC CZ nab\u00edz\u00ed slu\u017eby velkos\u00e9riov\u00e9 kovov\u00fdroby ve stroj\u00edrenstv\u00ed","robots":{"index":"index","follow":"follow","max-snippet":"max-snippet:-1","max-image-preview":"max-image-preview:large","max-video-preview":"max-video-preview:-1"},"canonical":"https:\/\/www.steeltec.cz\/en\/large-series-production\/pressing-and-machine-shop\/","og_locale":"de_DE","og_type":"article","og_title":"[:cs]Lisovna a obrobna[:en]Pressing and machine shop[:de]Stanzerei und Metallverarbeitung[:] - STEELTEC CZ, s.r.o.","og_description":"STEELTEC CZ nab\u00edz\u00ed slu\u017eby velkos\u00e9riov\u00e9 kovov\u00fdroby ve stroj\u00edrenstv\u00ed","og_url":"https:\/\/www.steeltec.cz\/en\/large-series-production\/pressing-and-machine-shop\/","og_site_name":"STEELTEC CZ, s.r.o.","article_modified_time":"2018-04-12T07:06:33+00:00","twitter_card":"summary_large_image","twitter_misc":{"Gesch\u00e4tzte Lesezeit":"2\u00a0Minuten"},"schema":{"@context":"https:\/\/schema.org","@graph":[{"@type":"WebPage","@id":"https:\/\/www.steeltec.cz\/en\/large-series-production\/pressing-and-machine-shop\/","url":"https:\/\/www.steeltec.cz\/en\/large-series-production\/pressing-and-machine-shop\/","name":"[:cs]Lisovna a obrobna[:en]Pressing and machine shop[:de]Stanzerei und Metallverarbeitung[:] - STEELTEC CZ, s.r.o.","isPartOf":{"@id":"https:\/\/www.steeltec.cz\/#website"},"datePublished":"2015-10-14T17:40:06+00:00","dateModified":"2018-04-12T07:06:33+00:00","description":"STEELTEC CZ nab\u00edz\u00ed slu\u017eby velkos\u00e9riov\u00e9 kovov\u00fdroby ve stroj\u00edrenstv\u00ed","breadcrumb":{"@id":"https:\/\/www.steeltec.cz\/en\/large-series-production\/pressing-and-machine-shop\/#breadcrumb"},"inLanguage":"de","potentialAction":[{"@type":"ReadAction","target":["https:\/\/www.steeltec.cz\/en\/large-series-production\/pressing-and-machine-shop\/"]}]},{"@type":"BreadcrumbList","@id":"https:\/\/www.steeltec.cz\/en\/large-series-production\/pressing-and-machine-shop\/#breadcrumb","itemListElement":[{"@type":"ListItem","position":1,"name":"Dom\u016f","item":"https:\/\/www.steeltec.cz\/"},{"@type":"ListItem","position":2,"name":"Velkos\u00e9riov\u00e1 kovov\u00fdroba","item":"https:\/\/www.steeltec.cz\/velkoseriova-kovovyroba\/"},{"@type":"ListItem","position":3,"name":"Pressing and machine shop"}]},{"@type":"WebSite","@id":"https:\/\/www.steeltec.cz\/#website","url":"https:\/\/www.steeltec.cz\/","name":"STEELTEC CZ, s.r.o.","description":"Leistungen der Gro\u00dfserienproduktion","potentialAction":[{"@type":"SearchAction","target":{"@type":"EntryPoint","urlTemplate":"https:\/\/www.steeltec.cz\/?s={search_term_string}"},"query-input":{"@type":"PropertyValueSpecification","valueRequired":true,"valueName":"search_term_string"}}],"inLanguage":"de"}]}},"_links":{"self":[{"href":"https:\/\/www.steeltec.cz\/de\/wp-json\/wp\/v2\/pages\/62","targetHints":{"allow":["GET"]}}],"collection":[{"href":"https:\/\/www.steeltec.cz\/de\/wp-json\/wp\/v2\/pages"}],"about":[{"href":"https:\/\/www.steeltec.cz\/de\/wp-json\/wp\/v2\/types\/page"}],"author":[{"embeddable":true,"href":"https:\/\/www.steeltec.cz\/de\/wp-json\/wp\/v2\/users\/1"}],"replies":[{"embeddable":true,"href":"https:\/\/www.steeltec.cz\/de\/wp-json\/wp\/v2\/comments?post=62"}],"version-history":[{"count":43,"href":"https:\/\/www.steeltec.cz\/de\/wp-json\/wp\/v2\/pages\/62\/revisions"}],"predecessor-version":[{"id":1771,"href":"https:\/\/www.steeltec.cz\/de\/wp-json\/wp\/v2\/pages\/62\/revisions\/1771"}],"up":[{"embeddable":true,"href":"https:\/\/www.steeltec.cz\/de\/wp-json\/wp\/v2\/pages\/13"}],"wp:attachment":[{"href":"https:\/\/www.steeltec.cz\/de\/wp-json\/wp\/v2\/media?parent=62"}],"curies":[{"name":"wp","href":"https:\/\/api.w.org\/{rel}","templated":true}]}}