{"id":64,"date":"2015-10-14T18:40:29","date_gmt":"2015-10-14T17:40:29","guid":{"rendered":"https:\/\/www.steeltec.cz\/?page_id=64"},"modified":"2018-04-12T08:16:47","modified_gmt":"2018-04-12T07:16:47","slug":"svarovna-a-brusirna","status":"publish","type":"page","link":"https:\/\/www.steeltec.cz\/de\/grosserienproduktion\/schweiswerkstatt-und-schleiferei\/","title":{"rendered":"Schwei\u00dferei und Schleiferei"},"content":{"rendered":"<p>In unserer Schwei\u00dferei und Stanzerei verarbeiten und formen wir <strong>Stanzteile<\/strong> und <strong>Arbeitsst\u00fccke bis zu einem Gewicht vom 15kg<\/strong>.<\/p>\n<p>Wir arbeiten mit Automaten und Halbautomaten mit dem MIG\/MAG-Schwei\u00dfverfahren (linear und rund).<\/p>\n<h2>Schwei\u00dfautomaten<\/h2>\n<ul>\n<li>KUKA \u2013 eine neue Schwei\u00dfanlage EWM PHENIX 452, geeignet f\u00fcr Schwei\u00dfen von kohlenstoffhaltigem Stahl, rostfreiem Stahl und Aluminium<\/li>\n<li>CLOOS \u2013 zwei Schwei\u00dfanlagen von CLOOS ausgestattet mit einem verstellbaren Tisch<\/li>\n<li>MOTOMAN \u2013 ausgestattet mit der SKS-Schwei\u00dfanlage und einem verstellbaren Tisch, geeignet f\u00fcr Schwei\u00dfen von kohlenstoffhaltigem Stahl, rostfreiem Stahl und Aluminium<\/li>\n<\/ul>\n<h3>25 halbautomatische Schwei\u00dfarbeitsstellen<\/h3>\n<ul>\n<li>Ausgestattet mit Schwei\u00dfanlagen von EWM, CLOOS und MERKLE<\/li>\n<li><span class=\"short_text\" id=\"result_box\" lang=\"de\"><span>Widerstandspunktschwei\u00dfen<\/span><\/span><\/li>\n<li>Schwei\u00dfen von kohlenstoffhaltigem Stahl, rostfreiem Stahl und Aluminium<\/li>\n<li>Schneiden mit dem TRULASER 3030 (L20)<\/li>\n<li>Blechgr\u00f6\u00dfe bis zu 1500 x 3000mm<\/li>\n<\/ul>\n<h3>Maximale Materialst\u00e4rken<\/h3>\n<ul>\n<li>Aluminium bis zu 8 mm<\/li>\n<li>Rostfreier Stahl bis zu 12mm<\/li>\n<li>Kohlenstoffhaltiger Stahl bis zu 20mm<\/li>\n<\/ul>\n<p><\/p>","protected":false},"excerpt":{"rendered":"<p>In unserer Schwei\u00dferei und Stanzerei verarbeiten und formen wir Stanzteile und Arbeitsst\u00fccke bis zu einem Gewicht vom 15kg. &hellip; <\/p>\n","protected":false},"author":1,"featured_media":0,"parent":13,"menu_order":2,"comment_status":"closed","ping_status":"closed","template":"","meta":{"_acf_changed":false,"footnotes":""},"class_list":["post-64","page","type-page","status-publish","hentry"],"acf":[],"yoast_head":"<!-- This site is optimized with the Yoast SEO plugin v27.3 - https:\/\/yoast.com\/product\/yoast-seo-wordpress\/ -->\n<title>Schwei\u00dferei und Schleiferei - STEELTEC CZ, s.r.o.<\/title>\n<meta name=\"description\" content=\"STEELTEC CZ nab\u00edz\u00ed slu\u017eby velkos\u00e9riov\u00e9 kovov\u00fdroby ve stroj\u00edrenstv\u00ed\" \/>\n<meta name=\"robots\" content=\"index, follow, max-snippet:-1, max-image-preview:large, max-video-preview:-1\" \/>\n<link rel=\"canonical\" href=\"https:\/\/www.steeltec.cz\/velkoseriova-kovovyroba\/svarovna-a-brusirna\/\" \/>\n<meta property=\"og:locale\" content=\"de_DE\" \/>\n<meta property=\"og:type\" content=\"article\" \/>\n<meta property=\"og:title\" content=\"[:cs]Sva\u0159ovna a brus\u00edrna[:en]Welding and grinding shop[:de]Schwei\u00dferei und Schleiferei[:] - STEELTEC CZ, s.r.o.\" \/>\n<meta property=\"og:description\" content=\"STEELTEC CZ nab\u00edz\u00ed slu\u017eby velkos\u00e9riov\u00e9 kovov\u00fdroby ve stroj\u00edrenstv\u00ed\" \/>\n<meta property=\"og:url\" content=\"https:\/\/www.steeltec.cz\/velkoseriova-kovovyroba\/svarovna-a-brusirna\/\" \/>\n<meta property=\"og:site_name\" content=\"STEELTEC CZ, s.r.o.\" \/>\n<meta property=\"article:modified_time\" content=\"2018-04-12T07:16:47+00:00\" \/>\n<meta name=\"twitter:card\" content=\"summary_large_image\" \/>\n<meta name=\"twitter:label1\" content=\"Gesch\u00e4tzte Lesezeit\" \/>\n\t<meta name=\"twitter:data1\" content=\"2\u00a0Minuten\" \/>\n<!-- \/ Yoast SEO plugin. -->","yoast_head_json":{"title":"[:cs]Sva\u0159ovna a brus\u00edrna[:en]Welding and grinding shop[:de]Schwei\u00dferei und Schleiferei[:] - STEELTEC CZ, s.r.o.","description":"STEELTEC CZ nab\u00edz\u00ed slu\u017eby velkos\u00e9riov\u00e9 kovov\u00fdroby ve stroj\u00edrenstv\u00ed","robots":{"index":"index","follow":"follow","max-snippet":"max-snippet:-1","max-image-preview":"max-image-preview:large","max-video-preview":"max-video-preview:-1"},"canonical":"https:\/\/www.steeltec.cz\/velkoseriova-kovovyroba\/svarovna-a-brusirna\/","og_locale":"de_DE","og_type":"article","og_title":"[:cs]Sva\u0159ovna a brus\u00edrna[:en]Welding and grinding shop[:de]Schwei\u00dferei und Schleiferei[:] - STEELTEC CZ, s.r.o.","og_description":"STEELTEC CZ nab\u00edz\u00ed slu\u017eby velkos\u00e9riov\u00e9 kovov\u00fdroby ve stroj\u00edrenstv\u00ed","og_url":"https:\/\/www.steeltec.cz\/velkoseriova-kovovyroba\/svarovna-a-brusirna\/","og_site_name":"STEELTEC CZ, s.r.o.","article_modified_time":"2018-04-12T07:16:47+00:00","twitter_card":"summary_large_image","twitter_misc":{"Gesch\u00e4tzte Lesezeit":"2\u00a0Minuten"},"schema":{"@context":"https:\/\/schema.org","@graph":[{"@type":"WebPage","@id":"https:\/\/www.steeltec.cz\/velkoseriova-kovovyroba\/svarovna-a-brusirna\/","url":"https:\/\/www.steeltec.cz\/velkoseriova-kovovyroba\/svarovna-a-brusirna\/","name":"[:cs]Sva\u0159ovna a brus\u00edrna[:en]Welding and grinding shop[:de]Schwei\u00dferei und Schleiferei[:] - STEELTEC CZ, s.r.o.","isPartOf":{"@id":"https:\/\/www.steeltec.cz\/#website"},"datePublished":"2015-10-14T17:40:29+00:00","dateModified":"2018-04-12T07:16:47+00:00","description":"STEELTEC CZ nab\u00edz\u00ed slu\u017eby velkos\u00e9riov\u00e9 kovov\u00fdroby ve stroj\u00edrenstv\u00ed","breadcrumb":{"@id":"https:\/\/www.steeltec.cz\/velkoseriova-kovovyroba\/svarovna-a-brusirna\/#breadcrumb"},"inLanguage":"de","potentialAction":[{"@type":"ReadAction","target":["https:\/\/www.steeltec.cz\/velkoseriova-kovovyroba\/svarovna-a-brusirna\/"]}]},{"@type":"BreadcrumbList","@id":"https:\/\/www.steeltec.cz\/velkoseriova-kovovyroba\/svarovna-a-brusirna\/#breadcrumb","itemListElement":[{"@type":"ListItem","position":1,"name":"Dom\u016f","item":"https:\/\/www.steeltec.cz\/"},{"@type":"ListItem","position":2,"name":"Velkos\u00e9riov\u00e1 kovov\u00fdroba","item":"https:\/\/www.steeltec.cz\/velkoseriova-kovovyroba\/"},{"@type":"ListItem","position":3,"name":"Sva\u0159ovna a brus\u00edrna"}]},{"@type":"WebSite","@id":"https:\/\/www.steeltec.cz\/#website","url":"https:\/\/www.steeltec.cz\/","name":"STEELTEC CZ, s.r.o.","description":"Leistungen der Gro\u00dfserienproduktion","potentialAction":[{"@type":"SearchAction","target":{"@type":"EntryPoint","urlTemplate":"https:\/\/www.steeltec.cz\/?s={search_term_string}"},"query-input":{"@type":"PropertyValueSpecification","valueRequired":true,"valueName":"search_term_string"}}],"inLanguage":"de"}]}},"_links":{"self":[{"href":"https:\/\/www.steeltec.cz\/de\/wp-json\/wp\/v2\/pages\/64","targetHints":{"allow":["GET"]}}],"collection":[{"href":"https:\/\/www.steeltec.cz\/de\/wp-json\/wp\/v2\/pages"}],"about":[{"href":"https:\/\/www.steeltec.cz\/de\/wp-json\/wp\/v2\/types\/page"}],"author":[{"embeddable":true,"href":"https:\/\/www.steeltec.cz\/de\/wp-json\/wp\/v2\/users\/1"}],"replies":[{"embeddable":true,"href":"https:\/\/www.steeltec.cz\/de\/wp-json\/wp\/v2\/comments?post=64"}],"version-history":[{"count":39,"href":"https:\/\/www.steeltec.cz\/de\/wp-json\/wp\/v2\/pages\/64\/revisions"}],"predecessor-version":[{"id":1774,"href":"https:\/\/www.steeltec.cz\/de\/wp-json\/wp\/v2\/pages\/64\/revisions\/1774"}],"up":[{"embeddable":true,"href":"https:\/\/www.steeltec.cz\/de\/wp-json\/wp\/v2\/pages\/13"}],"wp:attachment":[{"href":"https:\/\/www.steeltec.cz\/de\/wp-json\/wp\/v2\/media?parent=64"}],"curies":[{"name":"wp","href":"https:\/\/api.w.org\/{rel}","templated":true}]}}