{"id":66,"date":"2015-10-14T18:40:41","date_gmt":"2015-10-14T17:40:41","guid":{"rendered":"https:\/\/www.steeltec.cz\/?page_id=66"},"modified":"2018-04-11T09:24:38","modified_gmt":"2018-04-11T08:24:38","slug":"lakovna-s-predupravou","status":"publish","type":"page","link":"https:\/\/www.steeltec.cz\/de\/grosserienproduktion\/pulveranlage-mit-vorbehandlung\/","title":{"rendered":"Pulveranlage mit Vorbehandlung"},"content":{"rendered":"<p><span lang=\"CS\">Unsere neue, vollautomatische Pulveranlage WAGNER verf\u00fcgt \u00fcber die Komaxitbeschichtungstechnologie mit Innen- , sowie Au\u00dfenf\u00e4rben. Es k\u00f6nnen Stahl, Aluminium, sowie verzinkte Bleche, Abdeckungen, Profile, Rohre, Rahmen, Schwei\u00dfst\u00fccke, Konstruktionen beschichtet werden.<\/span><\/p>\n<p><span lang=\"CS\">Der Korrosionsschutz und die optimale Lackanbindung werden von der vorherigen chemischen Oberfl\u00e4chenvorbehandlung erzeugt. Die brandneue Waschstra\u00dfe sichert die vollkommene Entfettung und Phosphatierung. Als Applikation verwenden wir die statische Corona-Aufladung. Die Verntzung der Pulverkunststoffe geschieht im Einbrennofen bei Temperaturen von 160 \u2013 200\u00b0C.<\/span><\/p>\n<p><span lang=\"CS\">Wir bieten <b>galvanisches Verzinken, Verchromen, Verkupfern und H\u00e4rten.<\/b><\/span><\/p>\n<p><span lang=\"CS\"><span style=\"font-family: Calibri;\" face=\"Calibri\"><strong><span style=\"color: #000000; font-family: Times New Roman;\" face=\"Times New Roman\" color=\"#000000\"> <\/span><\/strong><\/span><\/span><\/p>\n<p><span style=\"color: #000000; font-family: Times New Roman;\" face=\"Times New Roman\" color=\"#000000\"> <\/span><\/p>","protected":false},"excerpt":{"rendered":"<p>Unsere neue, vollautomatische Pulveranlage WAGNER verf\u00fcgt \u00fcber die Komaxitbeschichtungstechnologie mit Innen- , sowie Au\u00dfenf\u00e4rben. Es k\u00f6nnen Stahl, Aluminium, &hellip; <\/p>\n","protected":false},"author":1,"featured_media":0,"parent":13,"menu_order":4,"comment_status":"closed","ping_status":"closed","template":"","meta":{"_acf_changed":false,"footnotes":""},"class_list":["post-66","page","type-page","status-publish","hentry"],"acf":[],"yoast_head":"<!-- This site is optimized with the Yoast SEO plugin v27.3 - https:\/\/yoast.com\/product\/yoast-seo-wordpress\/ -->\n<title>Pr\u00e1\u0161kov\u00e1 lakovna s p\u0159ed\u00fapravou STEELTEC CZ s.r.o.<\/title>\n<meta name=\"description\" content=\"M\u00e1me novou pr\u00e1\u0161kovou lakovnu, kter\u00e1 je pln\u011b automatick\u00e1. Zaji\u0161\u0165ujeme \u00a0profesion\u00e1ln\u00ed povrchovou \u00fapravu materi\u00e1l\u016f. Steeltec CZ\" \/>\n<meta name=\"robots\" content=\"index, follow, max-snippet:-1, max-image-preview:large, max-video-preview:-1\" \/>\n<link rel=\"canonical\" href=\"https:\/\/www.steeltec.cz\/en\/large-series-production\/painting-shop-with-pretreatment\/\" \/>\n<meta property=\"og:locale\" content=\"de_DE\" \/>\n<meta property=\"og:type\" content=\"article\" \/>\n<meta property=\"og:title\" content=\"Pr\u00e1\u0161kov\u00e1 lakovna s p\u0159ed\u00fapravou STEELTEC CZ s.r.o.\" \/>\n<meta property=\"og:description\" content=\"M\u00e1me novou pr\u00e1\u0161kovou lakovnu, kter\u00e1 je pln\u011b automatick\u00e1. Zaji\u0161\u0165ujeme \u00a0profesion\u00e1ln\u00ed povrchovou \u00fapravu materi\u00e1l\u016f. Steeltec CZ\" \/>\n<meta property=\"og:url\" content=\"https:\/\/www.steeltec.cz\/en\/large-series-production\/painting-shop-with-pretreatment\/\" \/>\n<meta property=\"og:site_name\" content=\"STEELTEC CZ, s.r.o.\" \/>\n<meta property=\"article:modified_time\" content=\"2018-04-11T08:24:38+00:00\" \/>\n<meta name=\"twitter:card\" content=\"summary_large_image\" \/>\n<meta name=\"twitter:label1\" content=\"Gesch\u00e4tzte Lesezeit\" \/>\n\t<meta name=\"twitter:data1\" content=\"2\u00a0Minuten\" \/>\n<!-- \/ Yoast SEO plugin. -->","yoast_head_json":{"title":"Pr\u00e1\u0161kov\u00e1 lakovna s p\u0159ed\u00fapravou STEELTEC CZ s.r.o.","description":"M\u00e1me novou pr\u00e1\u0161kovou lakovnu, kter\u00e1 je pln\u011b automatick\u00e1. Zaji\u0161\u0165ujeme \u00a0profesion\u00e1ln\u00ed povrchovou \u00fapravu materi\u00e1l\u016f. Steeltec CZ","robots":{"index":"index","follow":"follow","max-snippet":"max-snippet:-1","max-image-preview":"max-image-preview:large","max-video-preview":"max-video-preview:-1"},"canonical":"https:\/\/www.steeltec.cz\/en\/large-series-production\/painting-shop-with-pretreatment\/","og_locale":"de_DE","og_type":"article","og_title":"Pr\u00e1\u0161kov\u00e1 lakovna s p\u0159ed\u00fapravou STEELTEC CZ s.r.o.","og_description":"M\u00e1me novou pr\u00e1\u0161kovou lakovnu, kter\u00e1 je pln\u011b automatick\u00e1. Zaji\u0161\u0165ujeme \u00a0profesion\u00e1ln\u00ed povrchovou \u00fapravu materi\u00e1l\u016f. Steeltec CZ","og_url":"https:\/\/www.steeltec.cz\/en\/large-series-production\/painting-shop-with-pretreatment\/","og_site_name":"STEELTEC CZ, s.r.o.","article_modified_time":"2018-04-11T08:24:38+00:00","twitter_card":"summary_large_image","twitter_misc":{"Gesch\u00e4tzte Lesezeit":"2\u00a0Minuten"},"schema":{"@context":"https:\/\/schema.org","@graph":[{"@type":"WebPage","@id":"https:\/\/www.steeltec.cz\/en\/large-series-production\/painting-shop-with-pretreatment\/","url":"https:\/\/www.steeltec.cz\/en\/large-series-production\/painting-shop-with-pretreatment\/","name":"Pr\u00e1\u0161kov\u00e1 lakovna s p\u0159ed\u00fapravou STEELTEC CZ s.r.o.","isPartOf":{"@id":"https:\/\/www.steeltec.cz\/#website"},"datePublished":"2015-10-14T17:40:41+00:00","dateModified":"2018-04-11T08:24:38+00:00","description":"M\u00e1me novou pr\u00e1\u0161kovou lakovnu, kter\u00e1 je pln\u011b automatick\u00e1. Zaji\u0161\u0165ujeme \u00a0profesion\u00e1ln\u00ed povrchovou \u00fapravu materi\u00e1l\u016f. Steeltec CZ","breadcrumb":{"@id":"https:\/\/www.steeltec.cz\/en\/large-series-production\/painting-shop-with-pretreatment\/#breadcrumb"},"inLanguage":"de","potentialAction":[{"@type":"ReadAction","target":["https:\/\/www.steeltec.cz\/en\/large-series-production\/painting-shop-with-pretreatment\/"]}]},{"@type":"BreadcrumbList","@id":"https:\/\/www.steeltec.cz\/en\/large-series-production\/painting-shop-with-pretreatment\/#breadcrumb","itemListElement":[{"@type":"ListItem","position":1,"name":"Dom\u016f","item":"https:\/\/www.steeltec.cz\/"},{"@type":"ListItem","position":2,"name":"Velkos\u00e9riov\u00e1 kovov\u00fdroba","item":"https:\/\/www.steeltec.cz\/velkoseriova-kovovyroba\/"},{"@type":"ListItem","position":3,"name":"Painting shop with pretreatment"}]},{"@type":"WebSite","@id":"https:\/\/www.steeltec.cz\/#website","url":"https:\/\/www.steeltec.cz\/","name":"STEELTEC CZ, s.r.o.","description":"Leistungen der Gro\u00dfserienproduktion","potentialAction":[{"@type":"SearchAction","target":{"@type":"EntryPoint","urlTemplate":"https:\/\/www.steeltec.cz\/?s={search_term_string}"},"query-input":{"@type":"PropertyValueSpecification","valueRequired":true,"valueName":"search_term_string"}}],"inLanguage":"de"}]}},"_links":{"self":[{"href":"https:\/\/www.steeltec.cz\/de\/wp-json\/wp\/v2\/pages\/66","targetHints":{"allow":["GET"]}}],"collection":[{"href":"https:\/\/www.steeltec.cz\/de\/wp-json\/wp\/v2\/pages"}],"about":[{"href":"https:\/\/www.steeltec.cz\/de\/wp-json\/wp\/v2\/types\/page"}],"author":[{"embeddable":true,"href":"https:\/\/www.steeltec.cz\/de\/wp-json\/wp\/v2\/users\/1"}],"replies":[{"embeddable":true,"href":"https:\/\/www.steeltec.cz\/de\/wp-json\/wp\/v2\/comments?post=66"}],"version-history":[{"count":23,"href":"https:\/\/www.steeltec.cz\/de\/wp-json\/wp\/v2\/pages\/66\/revisions"}],"predecessor-version":[{"id":1733,"href":"https:\/\/www.steeltec.cz\/de\/wp-json\/wp\/v2\/pages\/66\/revisions\/1733"}],"up":[{"embeddable":true,"href":"https:\/\/www.steeltec.cz\/de\/wp-json\/wp\/v2\/pages\/13"}],"wp:attachment":[{"href":"https:\/\/www.steeltec.cz\/de\/wp-json\/wp\/v2\/media?parent=66"}],"curies":[{"name":"wp","href":"https:\/\/api.w.org\/{rel}","templated":true}]}}