{"id":70,"date":"2015-10-14T18:41:06","date_gmt":"2015-10-14T17:41:06","guid":{"rendered":"https:\/\/www.steeltec.cz\/?page_id=70"},"modified":"2018-04-11T10:13:27","modified_gmt":"2018-04-11T09:13:27","slug":"ostatni-produkty-a-sluzby","status":"publish","type":"page","link":"https:\/\/www.steeltec.cz\/de\/grosserienproduktion\/ecopress\/","title":{"rendered":"Die Presse f\u00fcr PET-Flaschen und B\u00fcchsen &#8211; ECOPRESS"},"content":{"rendered":"<p><img loading=\"lazy\" decoding=\"async\" width=\"343\" height=\"111\" class=\"alignright\" alt=\"logo-ecopress\" src=\"https:\/\/www.steeltec.cz\/wp-content\/uploads\/2015\/10\/logo-ecopress-800x259.jpg\" data-id=\"618\" \/><\/p>\n<p>Wir sind Produzent einer patentierten ECOPRESS Handpresse f\u00fcr PET-Flaschen und seit kurzem auch einer ECOPRESS Dosenpresse.<\/p>\n<p>Diese Pressen wurden von uns entworfen, um die Unmengen an PET-Flaschen in unseren Haushalten, Firmen und Schulen einfach und effizient zu pressen. Unsere ECOPRESS ist ein effektiver Helfer bei Sammeln und der Wiederverwertung von PET-Flaschen und hilft den Umfang der t\u00e4glich geleerten Flaschen wesentlich zu reduzieren.<\/p>\n<p>Unsere ECOPRESS ist ideal zur Erziehung von umweltfreudlichem Verhalten und wird oft in Schulen dazu eingesetzt.<\/p>\n<p>Es ist sehr einfach, die ECOPRESS zu installieren. Mit nur vier Schrauben k\u00f6nnen Sie diese an fast jeder senkrechten Fl\u00e4che montieren. Die ECOPRESS kann dann jahrelang t\u00e4glich benutzt werden. Die Presse besteht aus hochwertigen Stahl- und Kunststoffteilen. Die ganze Produktion verl\u00e4uft ausschlie\u00dflich in Tschechien und stellt qualitiativ alle asiatischen Vergleichsprodukte in den Schatten.<\/p>\n<p>Falls Sie an der ECOPRESS Interesse haben oder ein unverbindliches Angebot m\u00f6chten, wenden Sie sich gerne an uns. Mehr Infos auch unter <a href=\"http:\/\/www.ecopress.cz\/\" target=\"_blank\">www.ecopress.cz<\/a>.<\/p>\n<p><img loading=\"lazy\" decoding=\"async\" width=\"800\" height=\"208\" class=\"alignnone size-medium wp-image-1037\" alt=\"DE piktogramy\" src=\"http:\/\/www.steeltec.cz\/wp-content\/uploads\/DE-piktogramy-800x208.jpg\" data-id=\"1037\" srcset=\"https:\/\/www.steeltec.cz\/wp-content\/uploads\/DE-piktogramy-800x208.jpg 800w, https:\/\/www.steeltec.cz\/wp-content\/uploads\/DE-piktogramy-1024x266.jpg 1024w\" sizes=\"auto, (max-width: 800px) 100vw, 800px\" \/><\/p>","protected":false},"excerpt":{"rendered":"<p>Wir sind Produzent einer patentierten ECOPRESS Handpresse f\u00fcr PET-Flaschen und seit kurzem auch einer ECOPRESS Dosenpresse. Diese Pressen &hellip; <\/p>\n","protected":false},"author":1,"featured_media":0,"parent":13,"menu_order":6,"comment_status":"closed","ping_status":"closed","template":"","meta":{"_acf_changed":false,"footnotes":""},"class_list":["post-70","page","type-page","status-publish","hentry"],"acf":[],"yoast_head":"<!-- This site is optimized with the Yoast SEO plugin v27.3 - https:\/\/yoast.com\/product\/yoast-seo-wordpress\/ -->\n<title>Die Presse f\u00fcr PET-Flaschen und B\u00fcchsen - ECOPRESS - STEELTEC CZ, s.r.o.<\/title>\n<meta name=\"description\" content=\"STEELTEC CZ nab\u00edz\u00ed slu\u017eby velkos\u00e9riov\u00e9 kovov\u00fdroby ve stroj\u00edrenstv\u00ed\" \/>\n<meta name=\"robots\" content=\"index, follow, max-snippet:-1, max-image-preview:large, max-video-preview:-1\" \/>\n<link rel=\"canonical\" href=\"https:\/\/www.steeltec.cz\/de\/grosserienproduktion\/ecopress\/\" \/>\n<meta property=\"og:locale\" content=\"de_DE\" \/>\n<meta property=\"og:type\" content=\"article\" \/>\n<meta property=\"og:title\" content=\"[:cs]Lis na PET l\u00e1hve a plechovky pro dom\u00e1cnost - ECOPRESS[:en]Press for plastic bottles and cans - ECOPRESS [:de]Die Presse f\u00fcr PET-Flaschen und B\u00fcchsen - ECOPRESS[:] - STEELTEC CZ, s.r.o.\" \/>\n<meta property=\"og:description\" content=\"STEELTEC CZ nab\u00edz\u00ed slu\u017eby velkos\u00e9riov\u00e9 kovov\u00fdroby ve stroj\u00edrenstv\u00ed\" \/>\n<meta property=\"og:url\" content=\"https:\/\/www.steeltec.cz\/de\/grosserienproduktion\/ecopress\/\" \/>\n<meta property=\"og:site_name\" content=\"STEELTEC CZ, s.r.o.\" \/>\n<meta property=\"article:modified_time\" content=\"2018-04-11T09:13:27+00:00\" \/>\n<meta property=\"og:image\" content=\"https:\/\/www.steeltec.cz\/wp-content\/uploads\/2015\/10\/logo-ecopress-800x259.jpg\" \/>\n<meta name=\"twitter:card\" content=\"summary_large_image\" \/>\n<meta name=\"twitter:label1\" content=\"Gesch\u00e4tzte Lesezeit\" \/>\n\t<meta name=\"twitter:data1\" content=\"3\u00a0Minuten\" \/>\n<!-- \/ Yoast SEO plugin. -->","yoast_head_json":{"title":"[:cs]Lis na PET l\u00e1hve a plechovky pro dom\u00e1cnost - ECOPRESS[:en]Press for plastic bottles and cans - ECOPRESS [:de]Die Presse f\u00fcr PET-Flaschen und B\u00fcchsen - ECOPRESS[:] - STEELTEC CZ, s.r.o.","description":"STEELTEC CZ nab\u00edz\u00ed slu\u017eby velkos\u00e9riov\u00e9 kovov\u00fdroby ve stroj\u00edrenstv\u00ed","robots":{"index":"index","follow":"follow","max-snippet":"max-snippet:-1","max-image-preview":"max-image-preview:large","max-video-preview":"max-video-preview:-1"},"canonical":"https:\/\/www.steeltec.cz\/de\/grosserienproduktion\/ecopress\/","og_locale":"de_DE","og_type":"article","og_title":"[:cs]Lis na PET l\u00e1hve a plechovky pro dom\u00e1cnost - ECOPRESS[:en]Press for plastic bottles and cans - ECOPRESS [:de]Die Presse f\u00fcr PET-Flaschen und B\u00fcchsen - ECOPRESS[:] - STEELTEC CZ, s.r.o.","og_description":"STEELTEC CZ nab\u00edz\u00ed slu\u017eby velkos\u00e9riov\u00e9 kovov\u00fdroby ve stroj\u00edrenstv\u00ed","og_url":"https:\/\/www.steeltec.cz\/de\/grosserienproduktion\/ecopress\/","og_site_name":"STEELTEC CZ, s.r.o.","article_modified_time":"2018-04-11T09:13:27+00:00","og_image":[{"url":"https:\/\/www.steeltec.cz\/wp-content\/uploads\/2015\/10\/logo-ecopress-800x259.jpg","type":"","width":"","height":""}],"twitter_card":"summary_large_image","twitter_misc":{"Gesch\u00e4tzte Lesezeit":"3\u00a0Minuten"},"schema":{"@context":"https:\/\/schema.org","@graph":[{"@type":"WebPage","@id":"https:\/\/www.steeltec.cz\/de\/grosserienproduktion\/ecopress\/","url":"https:\/\/www.steeltec.cz\/de\/grosserienproduktion\/ecopress\/","name":"[:cs]Lis na PET l\u00e1hve a plechovky pro dom\u00e1cnost - ECOPRESS[:en]Press for plastic bottles and cans - ECOPRESS [:de]Die Presse f\u00fcr PET-Flaschen und B\u00fcchsen - ECOPRESS[:] - STEELTEC CZ, s.r.o.","isPartOf":{"@id":"https:\/\/www.steeltec.cz\/#website"},"primaryImageOfPage":{"@id":"https:\/\/www.steeltec.cz\/de\/grosserienproduktion\/ecopress\/#primaryimage"},"image":{"@id":"https:\/\/www.steeltec.cz\/de\/grosserienproduktion\/ecopress\/#primaryimage"},"thumbnailUrl":"https:\/\/www.steeltec.cz\/wp-content\/uploads\/2015\/10\/logo-ecopress-800x259.jpg","datePublished":"2015-10-14T17:41:06+00:00","dateModified":"2018-04-11T09:13:27+00:00","description":"STEELTEC CZ nab\u00edz\u00ed slu\u017eby velkos\u00e9riov\u00e9 kovov\u00fdroby ve stroj\u00edrenstv\u00ed","breadcrumb":{"@id":"https:\/\/www.steeltec.cz\/de\/grosserienproduktion\/ecopress\/#breadcrumb"},"inLanguage":"de","potentialAction":[{"@type":"ReadAction","target":["https:\/\/www.steeltec.cz\/de\/grosserienproduktion\/ecopress\/"]}]},{"@type":"ImageObject","inLanguage":"de","@id":"https:\/\/www.steeltec.cz\/de\/grosserienproduktion\/ecopress\/#primaryimage","url":"https:\/\/www.steeltec.cz\/wp-content\/uploads\/2015\/10\/logo-ecopress-800x259.jpg","contentUrl":"https:\/\/www.steeltec.cz\/wp-content\/uploads\/2015\/10\/logo-ecopress-800x259.jpg"},{"@type":"BreadcrumbList","@id":"https:\/\/www.steeltec.cz\/de\/grosserienproduktion\/ecopress\/#breadcrumb","itemListElement":[{"@type":"ListItem","position":1,"name":"Dom\u016f","item":"https:\/\/www.steeltec.cz\/"},{"@type":"ListItem","position":2,"name":"Velkos\u00e9riov\u00e1 kovov\u00fdroba","item":"https:\/\/www.steeltec.cz\/velkoseriova-kovovyroba\/"},{"@type":"ListItem","position":3,"name":"Die Presse f\u00fcr PET-Flaschen und B\u00fcchsen &#8211; ECOPRESS"}]},{"@type":"WebSite","@id":"https:\/\/www.steeltec.cz\/#website","url":"https:\/\/www.steeltec.cz\/","name":"STEELTEC CZ, s.r.o.","description":"Leistungen der Gro\u00dfserienproduktion","potentialAction":[{"@type":"SearchAction","target":{"@type":"EntryPoint","urlTemplate":"https:\/\/www.steeltec.cz\/?s={search_term_string}"},"query-input":{"@type":"PropertyValueSpecification","valueRequired":true,"valueName":"search_term_string"}}],"inLanguage":"de"}]}},"_links":{"self":[{"href":"https:\/\/www.steeltec.cz\/de\/wp-json\/wp\/v2\/pages\/70","targetHints":{"allow":["GET"]}}],"collection":[{"href":"https:\/\/www.steeltec.cz\/de\/wp-json\/wp\/v2\/pages"}],"about":[{"href":"https:\/\/www.steeltec.cz\/de\/wp-json\/wp\/v2\/types\/page"}],"author":[{"embeddable":true,"href":"https:\/\/www.steeltec.cz\/de\/wp-json\/wp\/v2\/users\/1"}],"replies":[{"embeddable":true,"href":"https:\/\/www.steeltec.cz\/de\/wp-json\/wp\/v2\/comments?post=70"}],"version-history":[{"count":34,"href":"https:\/\/www.steeltec.cz\/de\/wp-json\/wp\/v2\/pages\/70\/revisions"}],"predecessor-version":[{"id":1743,"href":"https:\/\/www.steeltec.cz\/de\/wp-json\/wp\/v2\/pages\/70\/revisions\/1743"}],"up":[{"embeddable":true,"href":"https:\/\/www.steeltec.cz\/de\/wp-json\/wp\/v2\/pages\/13"}],"wp:attachment":[{"href":"https:\/\/www.steeltec.cz\/de\/wp-json\/wp\/v2\/media?parent=70"}],"curies":[{"name":"wp","href":"https:\/\/api.w.org\/{rel}","templated":true}]}}