{"id":9,"date":"2015-10-13T18:17:33","date_gmt":"2015-10-13T17:17:33","guid":{"rendered":"https:\/\/www.steeltec.cz\/?page_id=9"},"modified":"2016-01-04T20:51:04","modified_gmt":"2016-01-04T19:51:04","slug":"uvod","status":"publish","type":"page","link":"https:\/\/www.steeltec.cz\/de\/","title":{"rendered":"Leistungen der Gro\u00dfserienproduktion"},"content":{"rendered":"<p><div id=\"block_services\" class=\"block\">\r\n<div class=\"row\">\r\n<div class=\"col-md-4 col-xs-6\">\r\n\r\n<a href=\"\/de\/grosserienproduktion\/\"><img loading=\"lazy\" decoding=\"async\" class=\"img-responsive alignnone wp-image-779 size-full\" src=\"https:\/\/www.steeltec.cz\/wp-content\/uploads\/2015\/12\/steeltec-obory02a.png\" width=\"337\" height=\"203\" data-id=\"414\" \/><\/a>\r\n<h2><a href=\"\/de\/grosserienproduktion\/\">Gro\u00dfserienproduktion<\/a><\/h2>\r\n<ul>\r\n\t<li>Entwicklung und Vorbereitung der Gro\u00dfserienproduktion<\/li>\r\n\t<li>Stanzen \u2013 Schwei\u00dfen - Pulverbeschichten<\/li>\r\n    <li>Montage und Verpackung<\/li>\r\n\t<li>Verarbeitung  der PPAP- Dokumentation und der Freigabenprozesse<\/li>\r\n\t<li>Optimierung der Produktionsprozesse und -kosten<\/li>\r\n<\/ul>\r\n<\/div>\r\n<div class=\"col-md-4 col-xs-6\">\r\n\r\n<a href=\"\/de\/grosserienproduktion\/stanzerei-und-metallbearbeitung\/\"><img loading=\"lazy\" decoding=\"async\" class=\"alignnone wp-image-413 size-full img-responsive\" src=\"https:\/\/www.steeltec.cz\/wp-content\/uploads\/2015\/10\/thumb2.jpg\" alt=\"Lisov\u00e1n\u00ed kov\u016f\" width=\"336\" height=\"203\" data-id=\"413\" \/><\/a>\r\n<h2><a href=\"\/de\/grosserienproduktion\/stanzerei-und-metallbearbeitung\/\">Metallstanzen<\/a><\/h2>\r\n<ul>\r\n\t<li>Metallstanzen ab 10.000 St\u00fcck<\/li>\r\n\t<li>7 automatisierten Stanzstra\u00dfen (160-315 Tonnen)<\/li>\r\n\t<li>Laserschneiden von Kleinserien bis 20mm-St\u00e4rke<\/li>\r\n\t<li>Gel\u00e4ufiger und kohlestoffhaltiger Stahl, rostfreier Stahl, Buntmetalle<\/li>\r\n<\/ul>\r\n<\/div>\r\n<div class=\"col-md-4 col-xs-6\">\r\n\r\n<a href=\"\/de\/grosserienproduktion\/pulveranlage-mit-vorbehandlung\/\"><img loading=\"lazy\" decoding=\"async\" class=\"alignnone wp-image-412 size-full img-responsive\" src=\"https:\/\/www.steeltec.cz\/wp-content\/uploads\/2015\/10\/thumb3.jpg\" alt=\"Lakovna s p\u0159ed\u00fapravou\" width=\"336\" height=\"203\" data-id=\"412\" \/><\/a>\r\n<h2><a href=\"\/de\/grosserienproduktion\/pulveranlage-mit-vorbehandlung\/\">Pulveranlage mit Vorbehandlung<\/a><\/h2>\r\n<ul>\r\n\t<li>Max. Teilgr\u00f6\u00dfe \u2013 Profilgr\u00f6\u00dfe 1600 x 800 x 2000 mm, Gewicht 50kg<\/li>\r\n\t<li>Wir beschichten nach Kundenwunsch in jedem beliebigen Farbton.<\/li>\r\n\t<li>Vorbehandlung durch Entfettung, Phosphatierung, Passivierung<\/li>\r\n    <li>Wir bieten Operationen wie Trommelentr\u00f6stung und Sandstrahlen<\/li>\r\n<\/ul>\r\n<\/div>\r\n<\/div>\r\n<\/div><\/p>","protected":false},"excerpt":{"rendered":"","protected":false},"author":1,"featured_media":0,"parent":0,"menu_order":0,"comment_status":"closed","ping_status":"closed","template":"","meta":{"_acf_changed":false,"footnotes":""},"class_list":["post-9","page","type-page","status-publish","hentry"],"acf":[],"yoast_head":"<!-- This site is optimized with the Yoast SEO plugin v27.5 - https:\/\/yoast.com\/product\/yoast-seo-wordpress\/ -->\n<title>Leistungen der Gro\u00dfserienproduktion - STEELTEC CZ, s.r.o.<\/title>\n<meta name=\"description\" content=\"STEELTEC CZ nab\u00edz\u00ed slu\u017eby velkos\u00e9riov\u00e9 kovov\u00fdroby ve stroj\u00edrenstv\u00ed\" \/>\n<meta name=\"robots\" content=\"index, follow, max-snippet:-1, max-image-preview:large, max-video-preview:-1\" \/>\n<link rel=\"canonical\" href=\"https:\/\/www.steeltec.cz\/\" \/>\n<meta property=\"og:locale\" content=\"de_DE\" \/>\n<meta property=\"og:type\" content=\"article\" \/>\n<meta property=\"og:title\" content=\"[:cs]Slu\u017eby velkos\u00e9riov\u00e9 kovov\u00fdroby[:en]Large series metal production services[:de]Leistungen der Gro\u00dfserienproduktion[:] - STEELTEC CZ, s.r.o.\" \/>\n<meta property=\"og:description\" content=\"STEELTEC CZ nab\u00edz\u00ed slu\u017eby velkos\u00e9riov\u00e9 kovov\u00fdroby ve stroj\u00edrenstv\u00ed\" \/>\n<meta property=\"og:url\" content=\"https:\/\/www.steeltec.cz\/\" \/>\n<meta property=\"og:site_name\" content=\"STEELTEC CZ, s.r.o.\" \/>\n<meta property=\"article:modified_time\" content=\"2016-01-04T19:51:04+00:00\" \/>\n<meta name=\"twitter:card\" content=\"summary_large_image\" \/>\n<!-- \/ Yoast SEO plugin. -->","yoast_head_json":{"title":"[:cs]Slu\u017eby velkos\u00e9riov\u00e9 kovov\u00fdroby[:en]Large series metal production services[:de]Leistungen der Gro\u00dfserienproduktion[:] - STEELTEC CZ, s.r.o.","description":"STEELTEC CZ nab\u00edz\u00ed slu\u017eby velkos\u00e9riov\u00e9 kovov\u00fdroby ve stroj\u00edrenstv\u00ed","robots":{"index":"index","follow":"follow","max-snippet":"max-snippet:-1","max-image-preview":"max-image-preview:large","max-video-preview":"max-video-preview:-1"},"canonical":"https:\/\/www.steeltec.cz\/","og_locale":"de_DE","og_type":"article","og_title":"[:cs]Slu\u017eby velkos\u00e9riov\u00e9 kovov\u00fdroby[:en]Large series metal production services[:de]Leistungen der Gro\u00dfserienproduktion[:] - STEELTEC CZ, s.r.o.","og_description":"STEELTEC CZ nab\u00edz\u00ed slu\u017eby velkos\u00e9riov\u00e9 kovov\u00fdroby ve stroj\u00edrenstv\u00ed","og_url":"https:\/\/www.steeltec.cz\/","og_site_name":"STEELTEC CZ, s.r.o.","article_modified_time":"2016-01-04T19:51:04+00:00","twitter_card":"summary_large_image","schema":{"@context":"https:\/\/schema.org","@graph":[{"@type":"WebPage","@id":"https:\/\/www.steeltec.cz\/","url":"https:\/\/www.steeltec.cz\/","name":"[:cs]Slu\u017eby velkos\u00e9riov\u00e9 kovov\u00fdroby[:en]Large series metal production services[:de]Leistungen der Gro\u00dfserienproduktion[:] - STEELTEC CZ, s.r.o.","isPartOf":{"@id":"https:\/\/www.steeltec.cz\/#website"},"datePublished":"2015-10-13T17:17:33+00:00","dateModified":"2016-01-04T19:51:04+00:00","description":"STEELTEC CZ nab\u00edz\u00ed slu\u017eby velkos\u00e9riov\u00e9 kovov\u00fdroby ve stroj\u00edrenstv\u00ed","breadcrumb":{"@id":"https:\/\/www.steeltec.cz\/#breadcrumb"},"inLanguage":"de","potentialAction":[{"@type":"ReadAction","target":["https:\/\/www.steeltec.cz\/"]}]},{"@type":"BreadcrumbList","@id":"https:\/\/www.steeltec.cz\/#breadcrumb","itemListElement":[{"@type":"ListItem","position":1,"name":"Dom\u016f","item":"https:\/\/www.steeltec.cz\/"},{"@type":"ListItem","position":2,"name":"Slu\u017eby velkos\u00e9riov\u00e9 kovov\u00fdroby"}]},{"@type":"WebSite","@id":"https:\/\/www.steeltec.cz\/#website","url":"https:\/\/www.steeltec.cz\/","name":"STEELTEC CZ, s.r.o.","description":"Leistungen der Gro\u00dfserienproduktion","potentialAction":[{"@type":"SearchAction","target":{"@type":"EntryPoint","urlTemplate":"https:\/\/www.steeltec.cz\/?s={search_term_string}"},"query-input":{"@type":"PropertyValueSpecification","valueRequired":true,"valueName":"search_term_string"}}],"inLanguage":"de"}]}},"_links":{"self":[{"href":"https:\/\/www.steeltec.cz\/de\/wp-json\/wp\/v2\/pages\/9","targetHints":{"allow":["GET"]}}],"collection":[{"href":"https:\/\/www.steeltec.cz\/de\/wp-json\/wp\/v2\/pages"}],"about":[{"href":"https:\/\/www.steeltec.cz\/de\/wp-json\/wp\/v2\/types\/page"}],"author":[{"embeddable":true,"href":"https:\/\/www.steeltec.cz\/de\/wp-json\/wp\/v2\/users\/1"}],"replies":[{"embeddable":true,"href":"https:\/\/www.steeltec.cz\/de\/wp-json\/wp\/v2\/comments?post=9"}],"version-history":[{"count":11,"href":"https:\/\/www.steeltec.cz\/de\/wp-json\/wp\/v2\/pages\/9\/revisions"}],"predecessor-version":[{"id":837,"href":"https:\/\/www.steeltec.cz\/de\/wp-json\/wp\/v2\/pages\/9\/revisions\/837"}],"wp:attachment":[{"href":"https:\/\/www.steeltec.cz\/de\/wp-json\/wp\/v2\/media?parent=9"}],"curies":[{"name":"wp","href":"https:\/\/api.w.org\/{rel}","templated":true}]}}