{"id":15,"date":"2015-10-13T18:19:03","date_gmt":"2015-10-13T17:19:03","guid":{"rendered":"https:\/\/www.steeltec.cz\/?page_id=15"},"modified":"2025-12-17T06:28:26","modified_gmt":"2025-12-17T05:28:26","slug":"rizeni-kvality","status":"publish","type":"page","link":"https:\/\/www.steeltec.cz\/en\/large-series-production\/grade-and-quality-assurance\/","title":{"rendered":"Grade and Quality Assurance"},"content":{"rendered":"<p>Company STEELTEC CZ has ISO 9001 certification<\/p>\n<p>&nbsp;<\/p>\n<p><img loading=\"lazy\" decoding=\"async\" data-id=\"1979\" src=\"https:\/\/www.steeltec.cz\/wp-content\/uploads\/ISO-9001-553x600.jpg\" alt=\"\" class=\"wp-image-1979 aligncenter\" width=\"253\" height=\"275\" srcset=\"https:\/\/www.steeltec.cz\/wp-content\/uploads\/ISO-9001-553x600.jpg 553w, https:\/\/www.steeltec.cz\/wp-content\/uploads\/ISO-9001.jpg 566w\" sizes=\"auto, (max-width: 253px) 100vw, 253px\" \/><\/p>\n<p>&nbsp;<\/p>\n<p>Department of grade control and product plan process <strong>PPA documentation<\/strong> as part of the authorization procedures for products at levels 1 &#8211; 4 as is required by the customer. The measuring center is equipped with <strong>3D measuring devices<\/strong> and other measuring tools and calibres. <span id=\"result_box\" class=\"\" lang=\"en\"><span class=\"\">In the new metallographic laboratory we can examine the hardness of the material and the surface and inner structure of the materials, the welding patterns.<\/span><\/span><\/p>\n<p>A sophisticated system of quality monitoring starts with each operator. This guarantees the customer a 100% quality of a product or a part.<\/p>\n<p>Ongoing training of employees within the continuous <strong>HOS project<\/strong> on the introduction of lean manufacturing guarantees the continuous improvement of all business processes.<\/p>","protected":false},"excerpt":{"rendered":"<p>Company STEELTEC CZ has ISO 9001 certification &nbsp; &nbsp; Department of grade control and product plan process PPA &hellip; <\/p>\n","protected":false},"author":1,"featured_media":0,"parent":13,"menu_order":3,"comment_status":"closed","ping_status":"closed","template":"","meta":{"_acf_changed":false,"footnotes":""},"class_list":["post-15","page","type-page","status-publish","hentry"],"acf":[],"yoast_head":"<!-- This site is optimized with the Yoast SEO plugin v27.5 - https:\/\/yoast.com\/product\/yoast-seo-wordpress\/ -->\n<title>Grade and Quality Assurance - STEELTEC CZ, s.r.o.<\/title>\n<meta name=\"description\" content=\"STEELTEC CZ nab\u00edz\u00ed slu\u017eby velkos\u00e9riov\u00e9 kovov\u00fdroby ve stroj\u00edrenstv\u00ed\" \/>\n<meta name=\"robots\" content=\"index, follow, max-snippet:-1, max-image-preview:large, max-video-preview:-1\" \/>\n<link rel=\"canonical\" href=\"https:\/\/www.steeltec.cz\/velkoseriova-kovovyroba\/rizeni-kvality\/\" \/>\n<meta property=\"og:locale\" content=\"en_US\" \/>\n<meta property=\"og:type\" content=\"article\" \/>\n<meta property=\"og:title\" content=\"[:cs]\u0158\u00edzen\u00ed kvality[:en]Grade and Quality Assurance[:de]Qualit\u00e4tssicherung[:] - STEELTEC CZ, s.r.o.\" \/>\n<meta property=\"og:description\" content=\"STEELTEC CZ nab\u00edz\u00ed slu\u017eby velkos\u00e9riov\u00e9 kovov\u00fdroby ve stroj\u00edrenstv\u00ed\" \/>\n<meta property=\"og:url\" content=\"https:\/\/www.steeltec.cz\/velkoseriova-kovovyroba\/rizeni-kvality\/\" \/>\n<meta property=\"og:site_name\" content=\"STEELTEC CZ, s.r.o.\" \/>\n<meta property=\"article:modified_time\" content=\"2025-12-17T05:28:26+00:00\" \/>\n<meta property=\"og:image\" content=\"https:\/\/www.steeltec.cz\/wp-content\/uploads\/ISO-9001.jpg\" \/>\n\t<meta property=\"og:image:width\" content=\"566\" \/>\n\t<meta property=\"og:image:height\" content=\"614\" \/>\n\t<meta property=\"og:image:type\" content=\"image\/jpeg\" \/>\n<meta name=\"twitter:card\" content=\"summary_large_image\" \/>\n<meta name=\"twitter:label1\" content=\"Est. reading time\" \/>\n\t<meta name=\"twitter:data1\" content=\"2 minutes\" \/>\n<!-- \/ Yoast SEO plugin. -->","yoast_head_json":{"title":"[:cs]\u0158\u00edzen\u00ed kvality[:en]Grade and Quality Assurance[:de]Qualit\u00e4tssicherung[:] - STEELTEC CZ, s.r.o.","description":"STEELTEC CZ nab\u00edz\u00ed slu\u017eby velkos\u00e9riov\u00e9 kovov\u00fdroby ve stroj\u00edrenstv\u00ed","robots":{"index":"index","follow":"follow","max-snippet":"max-snippet:-1","max-image-preview":"max-image-preview:large","max-video-preview":"max-video-preview:-1"},"canonical":"https:\/\/www.steeltec.cz\/velkoseriova-kovovyroba\/rizeni-kvality\/","og_locale":"en_US","og_type":"article","og_title":"[:cs]\u0158\u00edzen\u00ed kvality[:en]Grade and Quality Assurance[:de]Qualit\u00e4tssicherung[:] - STEELTEC CZ, s.r.o.","og_description":"STEELTEC CZ nab\u00edz\u00ed slu\u017eby velkos\u00e9riov\u00e9 kovov\u00fdroby ve stroj\u00edrenstv\u00ed","og_url":"https:\/\/www.steeltec.cz\/velkoseriova-kovovyroba\/rizeni-kvality\/","og_site_name":"STEELTEC CZ, s.r.o.","article_modified_time":"2025-12-17T05:28:26+00:00","og_image":[{"width":566,"height":614,"url":"https:\/\/www.steeltec.cz\/wp-content\/uploads\/ISO-9001.jpg","type":"image\/jpeg"}],"twitter_card":"summary_large_image","twitter_misc":{"Est. reading time":"2 minutes"},"schema":{"@context":"https:\/\/schema.org","@graph":[{"@type":"WebPage","@id":"https:\/\/www.steeltec.cz\/velkoseriova-kovovyroba\/rizeni-kvality\/","url":"https:\/\/www.steeltec.cz\/velkoseriova-kovovyroba\/rizeni-kvality\/","name":"[:cs]\u0158\u00edzen\u00ed kvality[:en]Grade and Quality Assurance[:de]Qualit\u00e4tssicherung[:] - STEELTEC CZ, s.r.o.","isPartOf":{"@id":"https:\/\/www.steeltec.cz\/#website"},"primaryImageOfPage":{"@id":"https:\/\/www.steeltec.cz\/velkoseriova-kovovyroba\/rizeni-kvality\/#primaryimage"},"image":{"@id":"https:\/\/www.steeltec.cz\/velkoseriova-kovovyroba\/rizeni-kvality\/#primaryimage"},"thumbnailUrl":"https:\/\/www.steeltec.cz\/wp-content\/uploads\/ISO-9001-553x600.jpg","datePublished":"2015-10-13T17:19:03+00:00","dateModified":"2025-12-17T05:28:26+00:00","description":"STEELTEC CZ nab\u00edz\u00ed slu\u017eby velkos\u00e9riov\u00e9 kovov\u00fdroby ve stroj\u00edrenstv\u00ed","breadcrumb":{"@id":"https:\/\/www.steeltec.cz\/velkoseriova-kovovyroba\/rizeni-kvality\/#breadcrumb"},"inLanguage":"en-US","potentialAction":[{"@type":"ReadAction","target":["https:\/\/www.steeltec.cz\/velkoseriova-kovovyroba\/rizeni-kvality\/"]}]},{"@type":"ImageObject","inLanguage":"en-US","@id":"https:\/\/www.steeltec.cz\/velkoseriova-kovovyroba\/rizeni-kvality\/#primaryimage","url":"https:\/\/www.steeltec.cz\/wp-content\/uploads\/ISO-9001-553x600.jpg","contentUrl":"https:\/\/www.steeltec.cz\/wp-content\/uploads\/ISO-9001-553x600.jpg"},{"@type":"BreadcrumbList","@id":"https:\/\/www.steeltec.cz\/velkoseriova-kovovyroba\/rizeni-kvality\/#breadcrumb","itemListElement":[{"@type":"ListItem","position":1,"name":"Dom\u016f","item":"https:\/\/www.steeltec.cz\/"},{"@type":"ListItem","position":2,"name":"Velkos\u00e9riov\u00e1 kovov\u00fdroba","item":"https:\/\/www.steeltec.cz\/velkoseriova-kovovyroba\/"},{"@type":"ListItem","position":3,"name":"\u0158\u00edzen\u00ed kvality"}]},{"@type":"WebSite","@id":"https:\/\/www.steeltec.cz\/#website","url":"https:\/\/www.steeltec.cz\/","name":"STEELTEC CZ, s.r.o.","description":"Large series metal production services","potentialAction":[{"@type":"SearchAction","target":{"@type":"EntryPoint","urlTemplate":"https:\/\/www.steeltec.cz\/?s={search_term_string}"},"query-input":{"@type":"PropertyValueSpecification","valueRequired":true,"valueName":"search_term_string"}}],"inLanguage":"en-US"}]}},"_links":{"self":[{"href":"https:\/\/www.steeltec.cz\/en\/wp-json\/wp\/v2\/pages\/15","targetHints":{"allow":["GET"]}}],"collection":[{"href":"https:\/\/www.steeltec.cz\/en\/wp-json\/wp\/v2\/pages"}],"about":[{"href":"https:\/\/www.steeltec.cz\/en\/wp-json\/wp\/v2\/types\/page"}],"author":[{"embeddable":true,"href":"https:\/\/www.steeltec.cz\/en\/wp-json\/wp\/v2\/users\/1"}],"replies":[{"embeddable":true,"href":"https:\/\/www.steeltec.cz\/en\/wp-json\/wp\/v2\/comments?post=15"}],"version-history":[{"count":49,"href":"https:\/\/www.steeltec.cz\/en\/wp-json\/wp\/v2\/pages\/15\/revisions"}],"predecessor-version":[{"id":2675,"href":"https:\/\/www.steeltec.cz\/en\/wp-json\/wp\/v2\/pages\/15\/revisions\/2675"}],"up":[{"embeddable":true,"href":"https:\/\/www.steeltec.cz\/en\/wp-json\/wp\/v2\/pages\/13"}],"wp:attachment":[{"href":"https:\/\/www.steeltec.cz\/en\/wp-json\/wp\/v2\/media?parent=15"}],"curies":[{"name":"wp","href":"https:\/\/api.w.org\/{rel}","templated":true}]}}