{"id":2140,"date":"2020-01-13T09:10:22","date_gmt":"2020-01-13T08:10:22","guid":{"rendered":"https:\/\/www.steeltec.cz\/?page_id=2140"},"modified":"2020-01-13T09:16:58","modified_gmt":"2020-01-13T08:16:58","slug":"dotace-msk","status":"publish","type":"page","link":"https:\/\/www.steeltec.cz\/en\/msk-grants\/","title":{"rendered":"MSK Grants"},"content":{"rendered":"<p class=\"qtranxs-available-languages-message qtranxs-available-languages-message-en\">Sorry, this entry is only available in <a href=\"https:\/\/www.steeltec.cz\/cs\/wp-json\/wp\/v2\/pages\/2140\" class=\"qtranxs-available-language-link qtranxs-available-language-link-cs\" title=\"cz\">cz<\/a>.<\/p>","protected":false},"excerpt":{"rendered":"<p>Sorry, this entry is only available in cz.<\/p>\n","protected":false},"author":2,"featured_media":0,"parent":0,"menu_order":9,"comment_status":"closed","ping_status":"closed","template":"","meta":{"_acf_changed":false,"footnotes":""},"class_list":["post-2140","page","type-page","status-publish","hentry"],"acf":[],"yoast_head":"<!-- This site is optimized with the Yoast SEO plugin v27.3 - https:\/\/yoast.com\/product\/yoast-seo-wordpress\/ -->\n<title>MSK Grants - STEELTEC CZ, s.r.o.<\/title>\n<meta name=\"description\" content=\"STEELTEC CZ nab\u00edz\u00ed slu\u017eby velkos\u00e9riov\u00e9 kovov\u00fdroby ve stroj\u00edrenstv\u00ed\" \/>\n<meta name=\"robots\" content=\"index, follow, max-snippet:-1, max-image-preview:large, max-video-preview:-1\" \/>\n<link rel=\"canonical\" href=\"https:\/\/www.steeltec.cz\/dotace-msk\/\" \/>\n<meta property=\"og:locale\" content=\"en_US\" \/>\n<meta property=\"og:type\" content=\"article\" \/>\n<meta property=\"og:title\" content=\"[:cs]Podpora MSK[:en]MSK Grants[:de]MSK Dotation[:] - STEELTEC CZ, s.r.o.\" \/>\n<meta property=\"og:description\" content=\"STEELTEC CZ nab\u00edz\u00ed slu\u017eby velkos\u00e9riov\u00e9 kovov\u00fdroby ve stroj\u00edrenstv\u00ed\" \/>\n<meta property=\"og:url\" content=\"https:\/\/www.steeltec.cz\/dotace-msk\/\" \/>\n<meta property=\"og:site_name\" content=\"STEELTEC CZ, s.r.o.\" \/>\n<meta property=\"article:modified_time\" content=\"2020-01-13T08:16:58+00:00\" \/>\n<meta property=\"og:image\" content=\"https:\/\/www.steeltec.cz\/wp-content\/uploads\/logo-msk-800x272.jpg\" \/>\n<meta name=\"twitter:card\" content=\"summary_large_image\" \/>\n<meta name=\"twitter:label1\" content=\"Est. reading time\" \/>\n\t<meta name=\"twitter:data1\" content=\"2 minutes\" \/>\n<!-- \/ Yoast SEO plugin. -->","yoast_head_json":{"title":"[:cs]Podpora MSK[:en]MSK Grants[:de]MSK Dotation[:] - STEELTEC CZ, s.r.o.","description":"STEELTEC CZ nab\u00edz\u00ed slu\u017eby velkos\u00e9riov\u00e9 kovov\u00fdroby ve stroj\u00edrenstv\u00ed","robots":{"index":"index","follow":"follow","max-snippet":"max-snippet:-1","max-image-preview":"max-image-preview:large","max-video-preview":"max-video-preview:-1"},"canonical":"https:\/\/www.steeltec.cz\/dotace-msk\/","og_locale":"en_US","og_type":"article","og_title":"[:cs]Podpora MSK[:en]MSK Grants[:de]MSK Dotation[:] - STEELTEC CZ, s.r.o.","og_description":"STEELTEC CZ nab\u00edz\u00ed slu\u017eby velkos\u00e9riov\u00e9 kovov\u00fdroby ve stroj\u00edrenstv\u00ed","og_url":"https:\/\/www.steeltec.cz\/dotace-msk\/","og_site_name":"STEELTEC CZ, s.r.o.","article_modified_time":"2020-01-13T08:16:58+00:00","og_image":[{"url":"https:\/\/www.steeltec.cz\/wp-content\/uploads\/logo-msk-800x272.jpg","type":"","width":"","height":""}],"twitter_card":"summary_large_image","twitter_misc":{"Est. reading time":"2 minutes"},"schema":{"@context":"https:\/\/schema.org","@graph":[{"@type":"WebPage","@id":"https:\/\/www.steeltec.cz\/dotace-msk\/","url":"https:\/\/www.steeltec.cz\/dotace-msk\/","name":"[:cs]Podpora MSK[:en]MSK Grants[:de]MSK Dotation[:] - STEELTEC CZ, s.r.o.","isPartOf":{"@id":"https:\/\/www.steeltec.cz\/#website"},"primaryImageOfPage":{"@id":"https:\/\/www.steeltec.cz\/dotace-msk\/#primaryimage"},"image":{"@id":"https:\/\/www.steeltec.cz\/dotace-msk\/#primaryimage"},"thumbnailUrl":"https:\/\/www.steeltec.cz\/wp-content\/uploads\/logo-msk-800x272.jpg","datePublished":"2020-01-13T08:10:22+00:00","dateModified":"2020-01-13T08:16:58+00:00","description":"STEELTEC CZ nab\u00edz\u00ed slu\u017eby velkos\u00e9riov\u00e9 kovov\u00fdroby ve stroj\u00edrenstv\u00ed","breadcrumb":{"@id":"https:\/\/www.steeltec.cz\/dotace-msk\/#breadcrumb"},"inLanguage":"en-US","potentialAction":[{"@type":"ReadAction","target":["https:\/\/www.steeltec.cz\/dotace-msk\/"]}]},{"@type":"ImageObject","inLanguage":"en-US","@id":"https:\/\/www.steeltec.cz\/dotace-msk\/#primaryimage","url":"https:\/\/www.steeltec.cz\/wp-content\/uploads\/logo-msk-800x272.jpg","contentUrl":"https:\/\/www.steeltec.cz\/wp-content\/uploads\/logo-msk-800x272.jpg"},{"@type":"BreadcrumbList","@id":"https:\/\/www.steeltec.cz\/dotace-msk\/#breadcrumb","itemListElement":[{"@type":"ListItem","position":1,"name":"Dom\u016f","item":"https:\/\/www.steeltec.cz\/"},{"@type":"ListItem","position":2,"name":"Podpora MSK"}]},{"@type":"WebSite","@id":"https:\/\/www.steeltec.cz\/#website","url":"https:\/\/www.steeltec.cz\/","name":"STEELTEC CZ, s.r.o.","description":"Large series metal production services","potentialAction":[{"@type":"SearchAction","target":{"@type":"EntryPoint","urlTemplate":"https:\/\/www.steeltec.cz\/?s={search_term_string}"},"query-input":{"@type":"PropertyValueSpecification","valueRequired":true,"valueName":"search_term_string"}}],"inLanguage":"en-US"}]}},"_links":{"self":[{"href":"https:\/\/www.steeltec.cz\/en\/wp-json\/wp\/v2\/pages\/2140","targetHints":{"allow":["GET"]}}],"collection":[{"href":"https:\/\/www.steeltec.cz\/en\/wp-json\/wp\/v2\/pages"}],"about":[{"href":"https:\/\/www.steeltec.cz\/en\/wp-json\/wp\/v2\/types\/page"}],"author":[{"embeddable":true,"href":"https:\/\/www.steeltec.cz\/en\/wp-json\/wp\/v2\/users\/2"}],"replies":[{"embeddable":true,"href":"https:\/\/www.steeltec.cz\/en\/wp-json\/wp\/v2\/comments?post=2140"}],"version-history":[{"count":2,"href":"https:\/\/www.steeltec.cz\/en\/wp-json\/wp\/v2\/pages\/2140\/revisions"}],"predecessor-version":[{"id":2147,"href":"https:\/\/www.steeltec.cz\/en\/wp-json\/wp\/v2\/pages\/2140\/revisions\/2147"}],"wp:attachment":[{"href":"https:\/\/www.steeltec.cz\/en\/wp-json\/wp\/v2\/media?parent=2140"}],"curies":[{"name":"wp","href":"https:\/\/api.w.org\/{rel}","templated":true}]}}