{"id":486,"date":"2015-11-18T18:03:44","date_gmt":"2015-11-18T17:03:44","guid":{"rendered":"https:\/\/www.steeltec.cz\/?page_id=486"},"modified":"2023-03-02T07:36:21","modified_gmt":"2023-03-02T06:36:21","slug":"haco","status":"publish","type":"page","link":"https:\/\/www.steeltec.cz\/en\/references\/haco\/","title":{"rendered":"HACO"},"content":{"rendered":"<p><strong>Client:<\/strong> HACO is manufacturer and distributor of sanitary ventilation systems.<\/p>\n<p><strong>Description:<\/strong> The production of several sizes of stainless steel tub doors and ventilation grids, including the supply of rolling molding technology.<\/p>","protected":false},"excerpt":{"rendered":"<p>Client: HACO is manufacturer and distributor of sanitary ventilation systems. Description: The production of several sizes of stainless &hellip; <\/p>\n","protected":false},"author":1,"featured_media":494,"parent":17,"menu_order":2,"comment_status":"closed","ping_status":"closed","template":"","meta":{"_acf_changed":false,"footnotes":""},"class_list":["post-486","page","type-page","status-publish","has-post-thumbnail","hentry"],"acf":[],"yoast_head":"<!-- This site is optimized with the Yoast SEO plugin v27.5 - https:\/\/yoast.com\/product\/yoast-seo-wordpress\/ -->\n<title>HACO - STEELTEC CZ, s.r.o.<\/title>\n<meta name=\"description\" content=\"STEELTEC CZ nab\u00edz\u00ed slu\u017eby velkos\u00e9riov\u00e9 kovov\u00fdroby ve stroj\u00edrenstv\u00ed\" \/>\n<meta name=\"robots\" content=\"index, follow, max-snippet:-1, max-image-preview:large, max-video-preview:-1\" \/>\n<link rel=\"canonical\" href=\"https:\/\/www.steeltec.cz\/reference\/haco\/\" \/>\n<meta property=\"og:locale\" content=\"en_US\" \/>\n<meta property=\"og:type\" content=\"article\" \/>\n<meta property=\"og:title\" content=\"HACO - STEELTEC CZ, s.r.o.\" \/>\n<meta property=\"og:description\" content=\"STEELTEC CZ nab\u00edz\u00ed slu\u017eby velkos\u00e9riov\u00e9 kovov\u00fdroby ve stroj\u00edrenstv\u00ed\" \/>\n<meta property=\"og:url\" content=\"https:\/\/www.steeltec.cz\/reference\/haco\/\" \/>\n<meta property=\"og:site_name\" content=\"STEELTEC CZ, s.r.o.\" \/>\n<meta property=\"article:modified_time\" content=\"2023-03-02T06:36:21+00:00\" \/>\n<meta property=\"og:image\" content=\"https:\/\/www.steeltec.cz\/wp-content\/uploads\/2015\/11\/popis-kl\u00ed\u010dov\u00fdch-OEM-z\u00e1kazn\u00edk\u016f_html_65a8863d.png\" \/>\n\t<meta property=\"og:image:width\" content=\"184\" \/>\n\t<meta property=\"og:image:height\" content=\"107\" \/>\n\t<meta property=\"og:image:type\" content=\"image\/png\" \/>\n<meta name=\"twitter:card\" content=\"summary_large_image\" \/>\n<meta name=\"twitter:label1\" content=\"Est. reading time\" \/>\n\t<meta name=\"twitter:data1\" content=\"1 minute\" \/>\n<!-- \/ Yoast SEO plugin. -->","yoast_head_json":{"title":"HACO - STEELTEC CZ, s.r.o.","description":"STEELTEC CZ nab\u00edz\u00ed slu\u017eby velkos\u00e9riov\u00e9 kovov\u00fdroby ve stroj\u00edrenstv\u00ed","robots":{"index":"index","follow":"follow","max-snippet":"max-snippet:-1","max-image-preview":"max-image-preview:large","max-video-preview":"max-video-preview:-1"},"canonical":"https:\/\/www.steeltec.cz\/reference\/haco\/","og_locale":"en_US","og_type":"article","og_title":"HACO - STEELTEC CZ, s.r.o.","og_description":"STEELTEC CZ nab\u00edz\u00ed slu\u017eby velkos\u00e9riov\u00e9 kovov\u00fdroby ve stroj\u00edrenstv\u00ed","og_url":"https:\/\/www.steeltec.cz\/reference\/haco\/","og_site_name":"STEELTEC CZ, s.r.o.","article_modified_time":"2023-03-02T06:36:21+00:00","og_image":[{"width":184,"height":107,"url":"https:\/\/www.steeltec.cz\/wp-content\/uploads\/2015\/11\/popis-kl\u00ed\u010dov\u00fdch-OEM-z\u00e1kazn\u00edk\u016f_html_65a8863d.png","type":"image\/png"}],"twitter_card":"summary_large_image","twitter_misc":{"Est. reading time":"1 minute"},"schema":{"@context":"https:\/\/schema.org","@graph":[{"@type":"WebPage","@id":"https:\/\/www.steeltec.cz\/reference\/haco\/","url":"https:\/\/www.steeltec.cz\/reference\/haco\/","name":"HACO - STEELTEC CZ, s.r.o.","isPartOf":{"@id":"https:\/\/www.steeltec.cz\/#website"},"primaryImageOfPage":{"@id":"https:\/\/www.steeltec.cz\/reference\/haco\/#primaryimage"},"image":{"@id":"https:\/\/www.steeltec.cz\/reference\/haco\/#primaryimage"},"thumbnailUrl":"https:\/\/www.steeltec.cz\/wp-content\/uploads\/2015\/11\/popis-kl\u00ed\u010dov\u00fdch-OEM-z\u00e1kazn\u00edk\u016f_html_65a8863d.png","datePublished":"2015-11-18T17:03:44+00:00","dateModified":"2023-03-02T06:36:21+00:00","description":"STEELTEC CZ nab\u00edz\u00ed slu\u017eby velkos\u00e9riov\u00e9 kovov\u00fdroby ve stroj\u00edrenstv\u00ed","breadcrumb":{"@id":"https:\/\/www.steeltec.cz\/reference\/haco\/#breadcrumb"},"inLanguage":"en-US","potentialAction":[{"@type":"ReadAction","target":["https:\/\/www.steeltec.cz\/reference\/haco\/"]}]},{"@type":"ImageObject","inLanguage":"en-US","@id":"https:\/\/www.steeltec.cz\/reference\/haco\/#primaryimage","url":"https:\/\/www.steeltec.cz\/wp-content\/uploads\/2015\/11\/popis-kl\u00ed\u010dov\u00fdch-OEM-z\u00e1kazn\u00edk\u016f_html_65a8863d.png","contentUrl":"https:\/\/www.steeltec.cz\/wp-content\/uploads\/2015\/11\/popis-kl\u00ed\u010dov\u00fdch-OEM-z\u00e1kazn\u00edk\u016f_html_65a8863d.png","width":184,"height":107},{"@type":"BreadcrumbList","@id":"https:\/\/www.steeltec.cz\/reference\/haco\/#breadcrumb","itemListElement":[{"@type":"ListItem","position":1,"name":"Dom\u016f","item":"https:\/\/www.steeltec.cz\/"},{"@type":"ListItem","position":2,"name":"Referenzen","item":"https:\/\/www.steeltec.cz\/de\/referenzen\/"},{"@type":"ListItem","position":3,"name":"HACO"}]},{"@type":"WebSite","@id":"https:\/\/www.steeltec.cz\/#website","url":"https:\/\/www.steeltec.cz\/","name":"STEELTEC CZ, s.r.o.","description":"Large series metal production services","potentialAction":[{"@type":"SearchAction","target":{"@type":"EntryPoint","urlTemplate":"https:\/\/www.steeltec.cz\/?s={search_term_string}"},"query-input":{"@type":"PropertyValueSpecification","valueRequired":true,"valueName":"search_term_string"}}],"inLanguage":"en-US"}]}},"_links":{"self":[{"href":"https:\/\/www.steeltec.cz\/en\/wp-json\/wp\/v2\/pages\/486","targetHints":{"allow":["GET"]}}],"collection":[{"href":"https:\/\/www.steeltec.cz\/en\/wp-json\/wp\/v2\/pages"}],"about":[{"href":"https:\/\/www.steeltec.cz\/en\/wp-json\/wp\/v2\/types\/page"}],"author":[{"embeddable":true,"href":"https:\/\/www.steeltec.cz\/en\/wp-json\/wp\/v2\/users\/1"}],"replies":[{"embeddable":true,"href":"https:\/\/www.steeltec.cz\/en\/wp-json\/wp\/v2\/comments?post=486"}],"version-history":[{"count":7,"href":"https:\/\/www.steeltec.cz\/en\/wp-json\/wp\/v2\/pages\/486\/revisions"}],"predecessor-version":[{"id":1107,"href":"https:\/\/www.steeltec.cz\/en\/wp-json\/wp\/v2\/pages\/486\/revisions\/1107"}],"up":[{"embeddable":true,"href":"https:\/\/www.steeltec.cz\/en\/wp-json\/wp\/v2\/pages\/17"}],"wp:featuredmedia":[{"embeddable":true,"href":"https:\/\/www.steeltec.cz\/en\/wp-json\/wp\/v2\/media\/494"}],"wp:attachment":[{"href":"https:\/\/www.steeltec.cz\/en\/wp-json\/wp\/v2\/media?parent=486"}],"curies":[{"name":"wp","href":"https:\/\/api.w.org\/{rel}","templated":true}]}}