{"id":519,"date":"2015-11-18T18:12:16","date_gmt":"2015-11-18T17:12:16","guid":{"rendered":"https:\/\/www.steeltec.cz\/?page_id=519"},"modified":"2018-04-11T13:54:12","modified_gmt":"2018-04-11T12:54:12","slug":"hzp","status":"publish","type":"page","link":"https:\/\/www.steeltec.cz\/en\/references\/hzp\/","title":{"rendered":"H\u017dP"},"content":{"rendered":"<p><strong>Client:<\/strong> Manufacturer and distributor of screw, leaf and parabolic springs made of steel.<\/p>\n<p><strong>Description:<\/strong> Production and painting of three steel tubes and clamps to attach the leaf springs for trucks, including the supply of calibration technology. Production of zinc inserts inserted between the leaf springs.<\/p>","protected":false},"excerpt":{"rendered":"<p>Client: Manufacturer and distributor of screw, leaf and parabolic springs made of steel. Description: Production and painting of &hellip; <\/p>\n","protected":false},"author":1,"featured_media":520,"parent":17,"menu_order":7,"comment_status":"closed","ping_status":"closed","template":"","meta":{"_acf_changed":false,"footnotes":""},"class_list":["post-519","page","type-page","status-publish","has-post-thumbnail","hentry"],"acf":[],"yoast_head":"<!-- This site is optimized with the Yoast SEO plugin v27.6 - https:\/\/yoast.com\/product\/yoast-seo-wordpress\/ -->\n<title>H\u017dP - STEELTEC CZ, s.r.o.<\/title>\n<meta name=\"description\" content=\"STEELTEC CZ nab\u00edz\u00ed slu\u017eby velkos\u00e9riov\u00e9 kovov\u00fdroby ve stroj\u00edrenstv\u00ed\" \/>\n<meta name=\"robots\" content=\"index, follow, max-snippet:-1, max-image-preview:large, max-video-preview:-1\" \/>\n<link rel=\"canonical\" href=\"https:\/\/www.steeltec.cz\/reference\/hzp\/\" \/>\n<meta property=\"og:locale\" content=\"en_US\" \/>\n<meta property=\"og:type\" content=\"article\" \/>\n<meta property=\"og:title\" content=\"H\u017dP - STEELTEC CZ, s.r.o.\" \/>\n<meta property=\"og:description\" content=\"STEELTEC CZ nab\u00edz\u00ed slu\u017eby velkos\u00e9riov\u00e9 kovov\u00fdroby ve stroj\u00edrenstv\u00ed\" \/>\n<meta property=\"og:url\" content=\"https:\/\/www.steeltec.cz\/reference\/hzp\/\" \/>\n<meta property=\"og:site_name\" content=\"STEELTEC CZ, s.r.o.\" \/>\n<meta property=\"article:modified_time\" content=\"2018-04-11T12:54:12+00:00\" \/>\n<meta property=\"og:image\" content=\"https:\/\/www.steeltec.cz\/wp-content\/uploads\/2015\/11\/hzp.png\" \/>\n\t<meta property=\"og:image:width\" content=\"286\" \/>\n\t<meta property=\"og:image:height\" content=\"72\" \/>\n\t<meta property=\"og:image:type\" content=\"image\/png\" \/>\n<meta name=\"twitter:card\" content=\"summary_large_image\" \/>\n<meta name=\"twitter:label1\" content=\"Est. reading time\" \/>\n\t<meta name=\"twitter:data1\" content=\"1 minute\" \/>\n<!-- \/ Yoast SEO plugin. -->","yoast_head_json":{"title":"H\u017dP - STEELTEC CZ, s.r.o.","description":"STEELTEC CZ nab\u00edz\u00ed slu\u017eby velkos\u00e9riov\u00e9 kovov\u00fdroby ve stroj\u00edrenstv\u00ed","robots":{"index":"index","follow":"follow","max-snippet":"max-snippet:-1","max-image-preview":"max-image-preview:large","max-video-preview":"max-video-preview:-1"},"canonical":"https:\/\/www.steeltec.cz\/reference\/hzp\/","og_locale":"en_US","og_type":"article","og_title":"H\u017dP - STEELTEC CZ, s.r.o.","og_description":"STEELTEC CZ nab\u00edz\u00ed slu\u017eby velkos\u00e9riov\u00e9 kovov\u00fdroby ve stroj\u00edrenstv\u00ed","og_url":"https:\/\/www.steeltec.cz\/reference\/hzp\/","og_site_name":"STEELTEC CZ, s.r.o.","article_modified_time":"2018-04-11T12:54:12+00:00","og_image":[{"width":286,"height":72,"url":"https:\/\/www.steeltec.cz\/wp-content\/uploads\/2015\/11\/hzp.png","type":"image\/png"}],"twitter_card":"summary_large_image","twitter_misc":{"Est. reading time":"1 minute"},"schema":{"@context":"https:\/\/schema.org","@graph":[{"@type":"WebPage","@id":"https:\/\/www.steeltec.cz\/reference\/hzp\/","url":"https:\/\/www.steeltec.cz\/reference\/hzp\/","name":"H\u017dP - STEELTEC CZ, s.r.o.","isPartOf":{"@id":"https:\/\/www.steeltec.cz\/#website"},"primaryImageOfPage":{"@id":"https:\/\/www.steeltec.cz\/reference\/hzp\/#primaryimage"},"image":{"@id":"https:\/\/www.steeltec.cz\/reference\/hzp\/#primaryimage"},"thumbnailUrl":"https:\/\/www.steeltec.cz\/wp-content\/uploads\/2015\/11\/hzp.png","datePublished":"2015-11-18T17:12:16+00:00","dateModified":"2018-04-11T12:54:12+00:00","description":"STEELTEC CZ nab\u00edz\u00ed slu\u017eby velkos\u00e9riov\u00e9 kovov\u00fdroby ve stroj\u00edrenstv\u00ed","breadcrumb":{"@id":"https:\/\/www.steeltec.cz\/reference\/hzp\/#breadcrumb"},"inLanguage":"en-US","potentialAction":[{"@type":"ReadAction","target":["https:\/\/www.steeltec.cz\/reference\/hzp\/"]}]},{"@type":"ImageObject","inLanguage":"en-US","@id":"https:\/\/www.steeltec.cz\/reference\/hzp\/#primaryimage","url":"https:\/\/www.steeltec.cz\/wp-content\/uploads\/2015\/11\/hzp.png","contentUrl":"https:\/\/www.steeltec.cz\/wp-content\/uploads\/2015\/11\/hzp.png","width":286,"height":72},{"@type":"BreadcrumbList","@id":"https:\/\/www.steeltec.cz\/reference\/hzp\/#breadcrumb","itemListElement":[{"@type":"ListItem","position":1,"name":"Dom\u016f","item":"https:\/\/www.steeltec.cz\/"},{"@type":"ListItem","position":2,"name":"Referenzen","item":"https:\/\/www.steeltec.cz\/de\/referenzen\/"},{"@type":"ListItem","position":3,"name":"H\u017dP"}]},{"@type":"WebSite","@id":"https:\/\/www.steeltec.cz\/#website","url":"https:\/\/www.steeltec.cz\/","name":"STEELTEC CZ, s.r.o.","description":"Large series metal production services","potentialAction":[{"@type":"SearchAction","target":{"@type":"EntryPoint","urlTemplate":"https:\/\/www.steeltec.cz\/?s={search_term_string}"},"query-input":{"@type":"PropertyValueSpecification","valueRequired":true,"valueName":"search_term_string"}}],"inLanguage":"en-US"}]}},"_links":{"self":[{"href":"https:\/\/www.steeltec.cz\/en\/wp-json\/wp\/v2\/pages\/519","targetHints":{"allow":["GET"]}}],"collection":[{"href":"https:\/\/www.steeltec.cz\/en\/wp-json\/wp\/v2\/pages"}],"about":[{"href":"https:\/\/www.steeltec.cz\/en\/wp-json\/wp\/v2\/types\/page"}],"author":[{"embeddable":true,"href":"https:\/\/www.steeltec.cz\/en\/wp-json\/wp\/v2\/users\/1"}],"replies":[{"embeddable":true,"href":"https:\/\/www.steeltec.cz\/en\/wp-json\/wp\/v2\/comments?post=519"}],"version-history":[{"count":6,"href":"https:\/\/www.steeltec.cz\/en\/wp-json\/wp\/v2\/pages\/519\/revisions"}],"predecessor-version":[{"id":1757,"href":"https:\/\/www.steeltec.cz\/en\/wp-json\/wp\/v2\/pages\/519\/revisions\/1757"}],"up":[{"embeddable":true,"href":"https:\/\/www.steeltec.cz\/en\/wp-json\/wp\/v2\/pages\/17"}],"wp:featuredmedia":[{"embeddable":true,"href":"https:\/\/www.steeltec.cz\/en\/wp-json\/wp\/v2\/media\/520"}],"wp:attachment":[{"href":"https:\/\/www.steeltec.cz\/en\/wp-json\/wp\/v2\/media?parent=519"}],"curies":[{"name":"wp","href":"https:\/\/api.w.org\/{rel}","templated":true}]}}