{"id":553,"date":"2015-11-18T18:20:02","date_gmt":"2015-11-18T17:20:02","guid":{"rendered":"https:\/\/www.steeltec.cz\/?page_id=553"},"modified":"2018-04-11T14:01:38","modified_gmt":"2018-04-11T13:01:38","slug":"stow","status":"publish","type":"page","link":"https:\/\/www.steeltec.cz\/en\/references\/stow\/","title":{"rendered":"STOW"},"content":{"rendered":"<p><strong>Client:<\/strong> Supplier of solutions for storing goods.<\/p>\n<p><strong>Description:<\/strong> The production of eight types of galvanized girders used in industrial rack system, including the delivery of a pressing technology and calibration. Several traverse dimensions pressing. <\/p>","protected":false},"excerpt":{"rendered":"<p>Client: Supplier of solutions for storing goods. Description: The production of eight types of galvanized girders used in &hellip; <\/p>\n","protected":false},"author":1,"featured_media":559,"parent":17,"menu_order":10,"comment_status":"closed","ping_status":"closed","template":"","meta":{"_acf_changed":false,"footnotes":""},"class_list":["post-553","page","type-page","status-publish","has-post-thumbnail","hentry"],"acf":[],"yoast_head":"<!-- This site is optimized with the Yoast SEO plugin v27.5 - https:\/\/yoast.com\/product\/yoast-seo-wordpress\/ -->\n<title>STOW - STEELTEC CZ, s.r.o.<\/title>\n<meta name=\"description\" content=\"STEELTEC CZ nab\u00edz\u00ed slu\u017eby velkos\u00e9riov\u00e9 kovov\u00fdroby ve stroj\u00edrenstv\u00ed\" \/>\n<meta name=\"robots\" content=\"index, follow, max-snippet:-1, max-image-preview:large, max-video-preview:-1\" \/>\n<link rel=\"canonical\" href=\"https:\/\/www.steeltec.cz\/de\/referenzen\/stow\/\" \/>\n<meta property=\"og:locale\" content=\"en_US\" \/>\n<meta property=\"og:type\" content=\"article\" \/>\n<meta property=\"og:title\" content=\"STOW - STEELTEC CZ, s.r.o.\" \/>\n<meta property=\"og:description\" content=\"STEELTEC CZ nab\u00edz\u00ed slu\u017eby velkos\u00e9riov\u00e9 kovov\u00fdroby ve stroj\u00edrenstv\u00ed\" \/>\n<meta property=\"og:url\" content=\"https:\/\/www.steeltec.cz\/de\/referenzen\/stow\/\" \/>\n<meta property=\"og:site_name\" content=\"STEELTEC CZ, s.r.o.\" \/>\n<meta property=\"article:modified_time\" content=\"2018-04-11T13:01:38+00:00\" \/>\n<meta property=\"og:image\" content=\"https:\/\/www.steeltec.cz\/wp-content\/uploads\/2015\/11\/STOW.gif\" \/>\n\t<meta property=\"og:image:width\" content=\"300\" \/>\n\t<meta property=\"og:image:height\" content=\"300\" \/>\n\t<meta property=\"og:image:type\" content=\"image\/gif\" \/>\n<meta name=\"twitter:card\" content=\"summary_large_image\" \/>\n<meta name=\"twitter:label1\" content=\"Est. reading time\" \/>\n\t<meta name=\"twitter:data1\" content=\"1 minute\" \/>\n<!-- \/ Yoast SEO plugin. -->","yoast_head_json":{"title":"STOW - STEELTEC CZ, s.r.o.","description":"STEELTEC CZ nab\u00edz\u00ed slu\u017eby velkos\u00e9riov\u00e9 kovov\u00fdroby ve stroj\u00edrenstv\u00ed","robots":{"index":"index","follow":"follow","max-snippet":"max-snippet:-1","max-image-preview":"max-image-preview:large","max-video-preview":"max-video-preview:-1"},"canonical":"https:\/\/www.steeltec.cz\/de\/referenzen\/stow\/","og_locale":"en_US","og_type":"article","og_title":"STOW - STEELTEC CZ, s.r.o.","og_description":"STEELTEC CZ nab\u00edz\u00ed slu\u017eby velkos\u00e9riov\u00e9 kovov\u00fdroby ve stroj\u00edrenstv\u00ed","og_url":"https:\/\/www.steeltec.cz\/de\/referenzen\/stow\/","og_site_name":"STEELTEC CZ, s.r.o.","article_modified_time":"2018-04-11T13:01:38+00:00","og_image":[{"width":300,"height":300,"url":"https:\/\/www.steeltec.cz\/wp-content\/uploads\/2015\/11\/STOW.gif","type":"image\/gif"}],"twitter_card":"summary_large_image","twitter_misc":{"Est. reading time":"1 minute"},"schema":{"@context":"https:\/\/schema.org","@graph":[{"@type":"WebPage","@id":"https:\/\/www.steeltec.cz\/de\/referenzen\/stow\/","url":"https:\/\/www.steeltec.cz\/de\/referenzen\/stow\/","name":"STOW - STEELTEC CZ, s.r.o.","isPartOf":{"@id":"https:\/\/www.steeltec.cz\/#website"},"primaryImageOfPage":{"@id":"https:\/\/www.steeltec.cz\/de\/referenzen\/stow\/#primaryimage"},"image":{"@id":"https:\/\/www.steeltec.cz\/de\/referenzen\/stow\/#primaryimage"},"thumbnailUrl":"https:\/\/www.steeltec.cz\/wp-content\/uploads\/2015\/11\/STOW.gif","datePublished":"2015-11-18T17:20:02+00:00","dateModified":"2018-04-11T13:01:38+00:00","description":"STEELTEC CZ nab\u00edz\u00ed slu\u017eby velkos\u00e9riov\u00e9 kovov\u00fdroby ve stroj\u00edrenstv\u00ed","breadcrumb":{"@id":"https:\/\/www.steeltec.cz\/de\/referenzen\/stow\/#breadcrumb"},"inLanguage":"en-US","potentialAction":[{"@type":"ReadAction","target":["https:\/\/www.steeltec.cz\/de\/referenzen\/stow\/"]}]},{"@type":"ImageObject","inLanguage":"en-US","@id":"https:\/\/www.steeltec.cz\/de\/referenzen\/stow\/#primaryimage","url":"https:\/\/www.steeltec.cz\/wp-content\/uploads\/2015\/11\/STOW.gif","contentUrl":"https:\/\/www.steeltec.cz\/wp-content\/uploads\/2015\/11\/STOW.gif","width":300,"height":300},{"@type":"BreadcrumbList","@id":"https:\/\/www.steeltec.cz\/de\/referenzen\/stow\/#breadcrumb","itemListElement":[{"@type":"ListItem","position":1,"name":"Dom\u016f","item":"https:\/\/www.steeltec.cz\/"},{"@type":"ListItem","position":2,"name":"Referenzen","item":"https:\/\/www.steeltec.cz\/de\/referenzen\/"},{"@type":"ListItem","position":3,"name":"STOW"}]},{"@type":"WebSite","@id":"https:\/\/www.steeltec.cz\/#website","url":"https:\/\/www.steeltec.cz\/","name":"STEELTEC CZ, s.r.o.","description":"Large series metal production services","potentialAction":[{"@type":"SearchAction","target":{"@type":"EntryPoint","urlTemplate":"https:\/\/www.steeltec.cz\/?s={search_term_string}"},"query-input":{"@type":"PropertyValueSpecification","valueRequired":true,"valueName":"search_term_string"}}],"inLanguage":"en-US"}]}},"_links":{"self":[{"href":"https:\/\/www.steeltec.cz\/en\/wp-json\/wp\/v2\/pages\/553","targetHints":{"allow":["GET"]}}],"collection":[{"href":"https:\/\/www.steeltec.cz\/en\/wp-json\/wp\/v2\/pages"}],"about":[{"href":"https:\/\/www.steeltec.cz\/en\/wp-json\/wp\/v2\/types\/page"}],"author":[{"embeddable":true,"href":"https:\/\/www.steeltec.cz\/en\/wp-json\/wp\/v2\/users\/1"}],"replies":[{"embeddable":true,"href":"https:\/\/www.steeltec.cz\/en\/wp-json\/wp\/v2\/comments?post=553"}],"version-history":[{"count":8,"href":"https:\/\/www.steeltec.cz\/en\/wp-json\/wp\/v2\/pages\/553\/revisions"}],"predecessor-version":[{"id":1762,"href":"https:\/\/www.steeltec.cz\/en\/wp-json\/wp\/v2\/pages\/553\/revisions\/1762"}],"up":[{"embeddable":true,"href":"https:\/\/www.steeltec.cz\/en\/wp-json\/wp\/v2\/pages\/17"}],"wp:featuredmedia":[{"embeddable":true,"href":"https:\/\/www.steeltec.cz\/en\/wp-json\/wp\/v2\/media\/559"}],"wp:attachment":[{"href":"https:\/\/www.steeltec.cz\/en\/wp-json\/wp\/v2\/media?parent=553"}],"curies":[{"name":"wp","href":"https:\/\/api.w.org\/{rel}","templated":true}]}}