{"id":62,"date":"2015-10-14T18:40:06","date_gmt":"2015-10-14T17:40:06","guid":{"rendered":"https:\/\/www.steeltec.cz\/?page_id=62"},"modified":"2018-04-12T08:06:33","modified_gmt":"2018-04-12T07:06:33","slug":"lisovani","status":"publish","type":"page","link":"https:\/\/www.steeltec.cz\/en\/large-series-production\/pressing-and-machine-shop\/","title":{"rendered":"Pressing and machine shop"},"content":{"rendered":"<p>It uses the technology of hydraulic and eccentric presses with a tonnage up to 315 tons for pressing metal. For production in large series we use four automatic pressing lines with a speed of 80 pieces per minute and tonnage of 150-315 tons that manage to press metal sheets and coils 0.4 -6 mm thick and corss-section up to 1500 sq.mm of commercial and carbon steel, including non-ferrous metals.<\/p>\n<p>In addition, the pressing shop involves 30 hydraulic and eccentric presses with a tonnage ranging from 5 to 150 tons manually and semi-automatically operated. Due to the fact we are able to manage orders from 1,000 to 50,000 pcs\/year.<\/p>\n<p>Within the machine shop we provide production by split and bent blanks of logs, bars and tubes up to 50mm diameter in grade of structural and carbon steel.<\/p>","protected":false},"excerpt":{"rendered":"<p>It uses the technology of hydraulic and eccentric presses with a tonnage up to 315 tons for pressing &hellip; <\/p>\n","protected":false},"author":1,"featured_media":0,"parent":13,"menu_order":1,"comment_status":"closed","ping_status":"closed","template":"","meta":{"_acf_changed":false,"footnotes":""},"class_list":["post-62","page","type-page","status-publish","hentry"],"acf":[],"yoast_head":"<!-- This site is optimized with the Yoast SEO plugin v27.6 - https:\/\/yoast.com\/product\/yoast-seo-wordpress\/ -->\n<title>Pressing and machine shop - STEELTEC CZ, s.r.o.<\/title>\n<meta name=\"description\" content=\"STEELTEC CZ nab\u00edz\u00ed slu\u017eby velkos\u00e9riov\u00e9 kovov\u00fdroby ve stroj\u00edrenstv\u00ed\" \/>\n<meta name=\"robots\" content=\"index, follow, max-snippet:-1, max-image-preview:large, max-video-preview:-1\" \/>\n<link rel=\"canonical\" href=\"https:\/\/www.steeltec.cz\/en\/large-series-production\/pressing-and-machine-shop\/\" \/>\n<meta property=\"og:locale\" content=\"en_US\" \/>\n<meta property=\"og:type\" content=\"article\" \/>\n<meta property=\"og:title\" content=\"[:cs]Lisovna a obrobna[:en]Pressing and machine shop[:de]Stanzerei und Metallverarbeitung[:] - STEELTEC CZ, s.r.o.\" \/>\n<meta property=\"og:description\" content=\"STEELTEC CZ nab\u00edz\u00ed slu\u017eby velkos\u00e9riov\u00e9 kovov\u00fdroby ve stroj\u00edrenstv\u00ed\" \/>\n<meta property=\"og:url\" content=\"https:\/\/www.steeltec.cz\/en\/large-series-production\/pressing-and-machine-shop\/\" \/>\n<meta property=\"og:site_name\" content=\"STEELTEC CZ, s.r.o.\" \/>\n<meta property=\"article:modified_time\" content=\"2018-04-12T07:06:33+00:00\" \/>\n<meta name=\"twitter:card\" content=\"summary_large_image\" \/>\n<meta name=\"twitter:label1\" content=\"Est. reading time\" \/>\n\t<meta name=\"twitter:data1\" content=\"2 minutes\" \/>\n<!-- \/ Yoast SEO plugin. -->","yoast_head_json":{"title":"[:cs]Lisovna a obrobna[:en]Pressing and machine shop[:de]Stanzerei und Metallverarbeitung[:] - STEELTEC CZ, s.r.o.","description":"STEELTEC CZ nab\u00edz\u00ed slu\u017eby velkos\u00e9riov\u00e9 kovov\u00fdroby ve stroj\u00edrenstv\u00ed","robots":{"index":"index","follow":"follow","max-snippet":"max-snippet:-1","max-image-preview":"max-image-preview:large","max-video-preview":"max-video-preview:-1"},"canonical":"https:\/\/www.steeltec.cz\/en\/large-series-production\/pressing-and-machine-shop\/","og_locale":"en_US","og_type":"article","og_title":"[:cs]Lisovna a obrobna[:en]Pressing and machine shop[:de]Stanzerei und Metallverarbeitung[:] - STEELTEC CZ, s.r.o.","og_description":"STEELTEC CZ nab\u00edz\u00ed slu\u017eby velkos\u00e9riov\u00e9 kovov\u00fdroby ve stroj\u00edrenstv\u00ed","og_url":"https:\/\/www.steeltec.cz\/en\/large-series-production\/pressing-and-machine-shop\/","og_site_name":"STEELTEC CZ, s.r.o.","article_modified_time":"2018-04-12T07:06:33+00:00","twitter_card":"summary_large_image","twitter_misc":{"Est. reading time":"2 minutes"},"schema":{"@context":"https:\/\/schema.org","@graph":[{"@type":"WebPage","@id":"https:\/\/www.steeltec.cz\/en\/large-series-production\/pressing-and-machine-shop\/","url":"https:\/\/www.steeltec.cz\/en\/large-series-production\/pressing-and-machine-shop\/","name":"[:cs]Lisovna a obrobna[:en]Pressing and machine shop[:de]Stanzerei und Metallverarbeitung[:] - STEELTEC CZ, s.r.o.","isPartOf":{"@id":"https:\/\/www.steeltec.cz\/#website"},"datePublished":"2015-10-14T17:40:06+00:00","dateModified":"2018-04-12T07:06:33+00:00","description":"STEELTEC CZ nab\u00edz\u00ed slu\u017eby velkos\u00e9riov\u00e9 kovov\u00fdroby ve stroj\u00edrenstv\u00ed","breadcrumb":{"@id":"https:\/\/www.steeltec.cz\/en\/large-series-production\/pressing-and-machine-shop\/#breadcrumb"},"inLanguage":"en-US","potentialAction":[{"@type":"ReadAction","target":["https:\/\/www.steeltec.cz\/en\/large-series-production\/pressing-and-machine-shop\/"]}]},{"@type":"BreadcrumbList","@id":"https:\/\/www.steeltec.cz\/en\/large-series-production\/pressing-and-machine-shop\/#breadcrumb","itemListElement":[{"@type":"ListItem","position":1,"name":"Dom\u016f","item":"https:\/\/www.steeltec.cz\/"},{"@type":"ListItem","position":2,"name":"Velkos\u00e9riov\u00e1 kovov\u00fdroba","item":"https:\/\/www.steeltec.cz\/velkoseriova-kovovyroba\/"},{"@type":"ListItem","position":3,"name":"Pressing and machine shop"}]},{"@type":"WebSite","@id":"https:\/\/www.steeltec.cz\/#website","url":"https:\/\/www.steeltec.cz\/","name":"STEELTEC CZ, s.r.o.","description":"Large series metal production services","potentialAction":[{"@type":"SearchAction","target":{"@type":"EntryPoint","urlTemplate":"https:\/\/www.steeltec.cz\/?s={search_term_string}"},"query-input":{"@type":"PropertyValueSpecification","valueRequired":true,"valueName":"search_term_string"}}],"inLanguage":"en-US"}]}},"_links":{"self":[{"href":"https:\/\/www.steeltec.cz\/en\/wp-json\/wp\/v2\/pages\/62","targetHints":{"allow":["GET"]}}],"collection":[{"href":"https:\/\/www.steeltec.cz\/en\/wp-json\/wp\/v2\/pages"}],"about":[{"href":"https:\/\/www.steeltec.cz\/en\/wp-json\/wp\/v2\/types\/page"}],"author":[{"embeddable":true,"href":"https:\/\/www.steeltec.cz\/en\/wp-json\/wp\/v2\/users\/1"}],"replies":[{"embeddable":true,"href":"https:\/\/www.steeltec.cz\/en\/wp-json\/wp\/v2\/comments?post=62"}],"version-history":[{"count":43,"href":"https:\/\/www.steeltec.cz\/en\/wp-json\/wp\/v2\/pages\/62\/revisions"}],"predecessor-version":[{"id":1771,"href":"https:\/\/www.steeltec.cz\/en\/wp-json\/wp\/v2\/pages\/62\/revisions\/1771"}],"up":[{"embeddable":true,"href":"https:\/\/www.steeltec.cz\/en\/wp-json\/wp\/v2\/pages\/13"}],"wp:attachment":[{"href":"https:\/\/www.steeltec.cz\/en\/wp-json\/wp\/v2\/media?parent=62"}],"curies":[{"name":"wp","href":"https:\/\/api.w.org\/{rel}","templated":true}]}}