{"id":68,"date":"2015-10-14T18:40:53","date_gmt":"2015-10-14T17:40:53","guid":{"rendered":"https:\/\/www.steeltec.cz\/?page_id=68"},"modified":"2018-04-11T09:54:13","modified_gmt":"2018-04-11T08:54:13","slug":"montaz-kompletace-baleni","status":"publish","type":"page","link":"https:\/\/www.steeltec.cz\/en\/large-series-production\/assembly-and-packing\/","title":{"rendered":"Assembly and packing"},"content":{"rendered":"<p>The assembling processes are situated in company\u2019s new assembly hall. The assembling processes of STEELTEC CZ are flexible and are adjusted to optimal production speed on semi-automatic and fully automatized assembly lines depending on the character and size of an order. Individual assembling automatic machines are developed and contracted by the STEELTEC CZ company.<\/p>\n<p>Simple assemblies are implemented in a sheltered workshop <strong>ERGON &#8211; SILESMONT<\/strong> with the capacity up to 180 employees with a reduced working ability.<\/p>","protected":false},"excerpt":{"rendered":"<p>The assembling processes are situated in company\u2019s new assembly hall. The assembling processes of STEELTEC CZ are flexible &hellip; <\/p>\n","protected":false},"author":1,"featured_media":0,"parent":13,"menu_order":5,"comment_status":"closed","ping_status":"closed","template":"","meta":{"_acf_changed":false,"footnotes":""},"class_list":["post-68","page","type-page","status-publish","hentry"],"acf":[],"yoast_head":"<!-- This site is optimized with the Yoast SEO plugin v27.5 - https:\/\/yoast.com\/product\/yoast-seo-wordpress\/ -->\n<title>Assembly and packing - STEELTEC CZ, s.r.o.<\/title>\n<meta name=\"description\" content=\"STEELTEC CZ nab\u00edz\u00ed slu\u017eby velkos\u00e9riov\u00e9 kovov\u00fdroby ve stroj\u00edrenstv\u00ed\" \/>\n<meta name=\"robots\" content=\"index, follow, max-snippet:-1, max-image-preview:large, max-video-preview:-1\" \/>\n<link rel=\"canonical\" href=\"https:\/\/www.steeltec.cz\/de\/grosserienproduktion\/montage-komplettieriungen-verpackung\/\" \/>\n<meta property=\"og:locale\" content=\"en_US\" \/>\n<meta property=\"og:type\" content=\"article\" \/>\n<meta property=\"og:title\" content=\"[:cs]Mont\u00e1\u017e, kompletace, balen\u00ed[:en]Assembly and packing[:de]Montage, Komplettierungen, Verpackung[:] - STEELTEC CZ, s.r.o.\" \/>\n<meta property=\"og:description\" content=\"STEELTEC CZ nab\u00edz\u00ed slu\u017eby velkos\u00e9riov\u00e9 kovov\u00fdroby ve stroj\u00edrenstv\u00ed\" \/>\n<meta property=\"og:url\" content=\"https:\/\/www.steeltec.cz\/de\/grosserienproduktion\/montage-komplettieriungen-verpackung\/\" \/>\n<meta property=\"og:site_name\" content=\"STEELTEC CZ, s.r.o.\" \/>\n<meta property=\"article:modified_time\" content=\"2018-04-11T08:54:13+00:00\" \/>\n<meta name=\"twitter:card\" content=\"summary_large_image\" \/>\n<meta name=\"twitter:label1\" content=\"Est. reading time\" \/>\n\t<meta name=\"twitter:data1\" content=\"1 minute\" \/>\n<!-- \/ Yoast SEO plugin. -->","yoast_head_json":{"title":"[:cs]Mont\u00e1\u017e, kompletace, balen\u00ed[:en]Assembly and packing[:de]Montage, Komplettierungen, Verpackung[:] - STEELTEC CZ, s.r.o.","description":"STEELTEC CZ nab\u00edz\u00ed slu\u017eby velkos\u00e9riov\u00e9 kovov\u00fdroby ve stroj\u00edrenstv\u00ed","robots":{"index":"index","follow":"follow","max-snippet":"max-snippet:-1","max-image-preview":"max-image-preview:large","max-video-preview":"max-video-preview:-1"},"canonical":"https:\/\/www.steeltec.cz\/de\/grosserienproduktion\/montage-komplettieriungen-verpackung\/","og_locale":"en_US","og_type":"article","og_title":"[:cs]Mont\u00e1\u017e, kompletace, balen\u00ed[:en]Assembly and packing[:de]Montage, Komplettierungen, Verpackung[:] - STEELTEC CZ, s.r.o.","og_description":"STEELTEC CZ nab\u00edz\u00ed slu\u017eby velkos\u00e9riov\u00e9 kovov\u00fdroby ve stroj\u00edrenstv\u00ed","og_url":"https:\/\/www.steeltec.cz\/de\/grosserienproduktion\/montage-komplettieriungen-verpackung\/","og_site_name":"STEELTEC CZ, s.r.o.","article_modified_time":"2018-04-11T08:54:13+00:00","twitter_card":"summary_large_image","twitter_misc":{"Est. reading time":"1 minute"},"schema":{"@context":"https:\/\/schema.org","@graph":[{"@type":"WebPage","@id":"https:\/\/www.steeltec.cz\/de\/grosserienproduktion\/montage-komplettieriungen-verpackung\/","url":"https:\/\/www.steeltec.cz\/de\/grosserienproduktion\/montage-komplettieriungen-verpackung\/","name":"[:cs]Mont\u00e1\u017e, kompletace, balen\u00ed[:en]Assembly and packing[:de]Montage, Komplettierungen, Verpackung[:] - STEELTEC CZ, s.r.o.","isPartOf":{"@id":"https:\/\/www.steeltec.cz\/#website"},"datePublished":"2015-10-14T17:40:53+00:00","dateModified":"2018-04-11T08:54:13+00:00","description":"STEELTEC CZ nab\u00edz\u00ed slu\u017eby velkos\u00e9riov\u00e9 kovov\u00fdroby ve stroj\u00edrenstv\u00ed","breadcrumb":{"@id":"https:\/\/www.steeltec.cz\/de\/grosserienproduktion\/montage-komplettieriungen-verpackung\/#breadcrumb"},"inLanguage":"en-US","potentialAction":[{"@type":"ReadAction","target":["https:\/\/www.steeltec.cz\/de\/grosserienproduktion\/montage-komplettieriungen-verpackung\/"]}]},{"@type":"BreadcrumbList","@id":"https:\/\/www.steeltec.cz\/de\/grosserienproduktion\/montage-komplettieriungen-verpackung\/#breadcrumb","itemListElement":[{"@type":"ListItem","position":1,"name":"Dom\u016f","item":"https:\/\/www.steeltec.cz\/"},{"@type":"ListItem","position":2,"name":"Velkos\u00e9riov\u00e1 kovov\u00fdroba","item":"https:\/\/www.steeltec.cz\/velkoseriova-kovovyroba\/"},{"@type":"ListItem","position":3,"name":"Montage, Komplettierungen, Verpackung"}]},{"@type":"WebSite","@id":"https:\/\/www.steeltec.cz\/#website","url":"https:\/\/www.steeltec.cz\/","name":"STEELTEC CZ, s.r.o.","description":"Large series metal production services","potentialAction":[{"@type":"SearchAction","target":{"@type":"EntryPoint","urlTemplate":"https:\/\/www.steeltec.cz\/?s={search_term_string}"},"query-input":{"@type":"PropertyValueSpecification","valueRequired":true,"valueName":"search_term_string"}}],"inLanguage":"en-US"}]}},"_links":{"self":[{"href":"https:\/\/www.steeltec.cz\/en\/wp-json\/wp\/v2\/pages\/68","targetHints":{"allow":["GET"]}}],"collection":[{"href":"https:\/\/www.steeltec.cz\/en\/wp-json\/wp\/v2\/pages"}],"about":[{"href":"https:\/\/www.steeltec.cz\/en\/wp-json\/wp\/v2\/types\/page"}],"author":[{"embeddable":true,"href":"https:\/\/www.steeltec.cz\/en\/wp-json\/wp\/v2\/users\/1"}],"replies":[{"embeddable":true,"href":"https:\/\/www.steeltec.cz\/en\/wp-json\/wp\/v2\/comments?post=68"}],"version-history":[{"count":20,"href":"https:\/\/www.steeltec.cz\/en\/wp-json\/wp\/v2\/pages\/68\/revisions"}],"predecessor-version":[{"id":1737,"href":"https:\/\/www.steeltec.cz\/en\/wp-json\/wp\/v2\/pages\/68\/revisions\/1737"}],"up":[{"embeddable":true,"href":"https:\/\/www.steeltec.cz\/en\/wp-json\/wp\/v2\/pages\/13"}],"wp:attachment":[{"href":"https:\/\/www.steeltec.cz\/en\/wp-json\/wp\/v2\/media?parent=68"}],"curies":[{"name":"wp","href":"https:\/\/api.w.org\/{rel}","templated":true}]}}