{"id":70,"date":"2015-10-14T18:41:06","date_gmt":"2015-10-14T17:41:06","guid":{"rendered":"https:\/\/www.steeltec.cz\/?page_id=70"},"modified":"2018-04-11T10:13:27","modified_gmt":"2018-04-11T09:13:27","slug":"ostatni-produkty-a-sluzby","status":"publish","type":"page","link":"https:\/\/www.steeltec.cz\/en\/large-series-production\/ecopress\/","title":{"rendered":"Press for plastic bottles and cans &#8211; ECOPRESS"},"content":{"rendered":"<p><img loading=\"lazy\" decoding=\"async\" width=\"343\" height=\"111\" class=\"alignright\" alt=\"logo-ecopress\" src=\"https:\/\/www.steeltec.cz\/wp-content\/uploads\/2015\/10\/logo-ecopress-800x259.jpg\" data-id=\"618\" \/><\/p>\n<p>We are the producer of a patented hand press for plastic bottles and newly for can<\/p>\n<p>We are a manufacturer of a patented hand press for PET bottles and newly we produce ECOPRESS for cans as well.<br \/>\nThis press is designed to be the simplest and most effective press of plastic bottles used in homes, companies or schools. Ecopress can become and effective tool in the collection and subsequent recycling of plastic bottles or at least a functional tool for reducing the amount<\/p>\n<p>This worksheet is designed to be the simplest and most effective molding of plastic bottles accumulating in homes, businesses or schools. Ecopress can become an effective tool in the collection and subsequent recycling of plastic bottles, or at least a functional tool for reducing the volume of daily consumed bottles.<\/p>\n<p>Ecopress is considered also to be used in the education of students to recycle plastic bottles and therefore to teach them the ecological behavior in life.<\/p>\n<p>This press is also very easy to install. With 4 screws it can be mounted on almost any vertical surface which can withstand years of daily use. The press is in fact made of high quality steel and plastics, plus all of the production takes place in the Czech Republic. Its quality overshadows all the cheap Asian production.<\/p>\n<p>If you are interested for more information or binding offer, please contact us. More information can be found on the website <a href=\"http:\/\/www.ecopress.cz\/\" target=\"_blank\">www.ecopress.cz<\/a>.<\/p>\n<p><img loading=\"lazy\" decoding=\"async\" width=\"800\" height=\"208\" class=\"alignnone size-medium wp-image-1038\" alt=\"piktogramyanglicky\" src=\"http:\/\/www.steeltec.cz\/wp-content\/uploads\/piktogramyanglicky-800x208.jpg\" data-id=\"1038\" srcset=\"https:\/\/www.steeltec.cz\/wp-content\/uploads\/piktogramyanglicky-800x208.jpg 800w, https:\/\/www.steeltec.cz\/wp-content\/uploads\/piktogramyanglicky-1024x266.jpg 1024w\" sizes=\"auto, (max-width: 800px) 100vw, 800px\" \/><\/p>","protected":false},"excerpt":{"rendered":"<p>We are the producer of a patented hand press for plastic bottles and newly for can We are &hellip; <\/p>\n","protected":false},"author":1,"featured_media":0,"parent":13,"menu_order":6,"comment_status":"closed","ping_status":"closed","template":"","meta":{"_acf_changed":false,"footnotes":""},"class_list":["post-70","page","type-page","status-publish","hentry"],"acf":[],"yoast_head":"<!-- This site is optimized with the Yoast SEO plugin v27.3 - https:\/\/yoast.com\/product\/yoast-seo-wordpress\/ -->\n<title>Press for plastic bottles and cans - ECOPRESS  - STEELTEC CZ, s.r.o.<\/title>\n<meta name=\"description\" content=\"STEELTEC CZ nab\u00edz\u00ed slu\u017eby velkos\u00e9riov\u00e9 kovov\u00fdroby ve stroj\u00edrenstv\u00ed\" \/>\n<meta name=\"robots\" content=\"index, follow, max-snippet:-1, max-image-preview:large, max-video-preview:-1\" \/>\n<link rel=\"canonical\" href=\"https:\/\/www.steeltec.cz\/de\/grosserienproduktion\/ecopress\/\" \/>\n<meta property=\"og:locale\" content=\"en_US\" \/>\n<meta property=\"og:type\" content=\"article\" \/>\n<meta property=\"og:title\" content=\"[:cs]Lis na PET l\u00e1hve a plechovky pro dom\u00e1cnost - ECOPRESS[:en]Press for plastic bottles and cans - ECOPRESS [:de]Die Presse f\u00fcr PET-Flaschen und B\u00fcchsen - ECOPRESS[:] - STEELTEC CZ, s.r.o.\" \/>\n<meta property=\"og:description\" content=\"STEELTEC CZ nab\u00edz\u00ed slu\u017eby velkos\u00e9riov\u00e9 kovov\u00fdroby ve stroj\u00edrenstv\u00ed\" \/>\n<meta property=\"og:url\" content=\"https:\/\/www.steeltec.cz\/de\/grosserienproduktion\/ecopress\/\" \/>\n<meta property=\"og:site_name\" content=\"STEELTEC CZ, s.r.o.\" \/>\n<meta property=\"article:modified_time\" content=\"2018-04-11T09:13:27+00:00\" \/>\n<meta property=\"og:image\" content=\"https:\/\/www.steeltec.cz\/wp-content\/uploads\/2015\/10\/logo-ecopress-800x259.jpg\" \/>\n<meta name=\"twitter:card\" content=\"summary_large_image\" \/>\n<meta name=\"twitter:label1\" content=\"Est. reading time\" \/>\n\t<meta name=\"twitter:data1\" content=\"3 minutes\" \/>\n<!-- \/ Yoast SEO plugin. -->","yoast_head_json":{"title":"[:cs]Lis na PET l\u00e1hve a plechovky pro dom\u00e1cnost - ECOPRESS[:en]Press for plastic bottles and cans - ECOPRESS [:de]Die Presse f\u00fcr PET-Flaschen und B\u00fcchsen - ECOPRESS[:] - STEELTEC CZ, s.r.o.","description":"STEELTEC CZ nab\u00edz\u00ed slu\u017eby velkos\u00e9riov\u00e9 kovov\u00fdroby ve stroj\u00edrenstv\u00ed","robots":{"index":"index","follow":"follow","max-snippet":"max-snippet:-1","max-image-preview":"max-image-preview:large","max-video-preview":"max-video-preview:-1"},"canonical":"https:\/\/www.steeltec.cz\/de\/grosserienproduktion\/ecopress\/","og_locale":"en_US","og_type":"article","og_title":"[:cs]Lis na PET l\u00e1hve a plechovky pro dom\u00e1cnost - ECOPRESS[:en]Press for plastic bottles and cans - ECOPRESS [:de]Die Presse f\u00fcr PET-Flaschen und B\u00fcchsen - ECOPRESS[:] - STEELTEC CZ, s.r.o.","og_description":"STEELTEC CZ nab\u00edz\u00ed slu\u017eby velkos\u00e9riov\u00e9 kovov\u00fdroby ve stroj\u00edrenstv\u00ed","og_url":"https:\/\/www.steeltec.cz\/de\/grosserienproduktion\/ecopress\/","og_site_name":"STEELTEC CZ, s.r.o.","article_modified_time":"2018-04-11T09:13:27+00:00","og_image":[{"url":"https:\/\/www.steeltec.cz\/wp-content\/uploads\/2015\/10\/logo-ecopress-800x259.jpg","type":"","width":"","height":""}],"twitter_card":"summary_large_image","twitter_misc":{"Est. reading time":"3 minutes"},"schema":{"@context":"https:\/\/schema.org","@graph":[{"@type":"WebPage","@id":"https:\/\/www.steeltec.cz\/de\/grosserienproduktion\/ecopress\/","url":"https:\/\/www.steeltec.cz\/de\/grosserienproduktion\/ecopress\/","name":"[:cs]Lis na PET l\u00e1hve a plechovky pro dom\u00e1cnost - ECOPRESS[:en]Press for plastic bottles and cans - ECOPRESS [:de]Die Presse f\u00fcr PET-Flaschen und B\u00fcchsen - ECOPRESS[:] - STEELTEC CZ, s.r.o.","isPartOf":{"@id":"https:\/\/www.steeltec.cz\/#website"},"primaryImageOfPage":{"@id":"https:\/\/www.steeltec.cz\/de\/grosserienproduktion\/ecopress\/#primaryimage"},"image":{"@id":"https:\/\/www.steeltec.cz\/de\/grosserienproduktion\/ecopress\/#primaryimage"},"thumbnailUrl":"https:\/\/www.steeltec.cz\/wp-content\/uploads\/2015\/10\/logo-ecopress-800x259.jpg","datePublished":"2015-10-14T17:41:06+00:00","dateModified":"2018-04-11T09:13:27+00:00","description":"STEELTEC CZ nab\u00edz\u00ed slu\u017eby velkos\u00e9riov\u00e9 kovov\u00fdroby ve stroj\u00edrenstv\u00ed","breadcrumb":{"@id":"https:\/\/www.steeltec.cz\/de\/grosserienproduktion\/ecopress\/#breadcrumb"},"inLanguage":"en-US","potentialAction":[{"@type":"ReadAction","target":["https:\/\/www.steeltec.cz\/de\/grosserienproduktion\/ecopress\/"]}]},{"@type":"ImageObject","inLanguage":"en-US","@id":"https:\/\/www.steeltec.cz\/de\/grosserienproduktion\/ecopress\/#primaryimage","url":"https:\/\/www.steeltec.cz\/wp-content\/uploads\/2015\/10\/logo-ecopress-800x259.jpg","contentUrl":"https:\/\/www.steeltec.cz\/wp-content\/uploads\/2015\/10\/logo-ecopress-800x259.jpg"},{"@type":"BreadcrumbList","@id":"https:\/\/www.steeltec.cz\/de\/grosserienproduktion\/ecopress\/#breadcrumb","itemListElement":[{"@type":"ListItem","position":1,"name":"Dom\u016f","item":"https:\/\/www.steeltec.cz\/"},{"@type":"ListItem","position":2,"name":"Velkos\u00e9riov\u00e1 kovov\u00fdroba","item":"https:\/\/www.steeltec.cz\/velkoseriova-kovovyroba\/"},{"@type":"ListItem","position":3,"name":"Die Presse f\u00fcr PET-Flaschen und B\u00fcchsen &#8211; ECOPRESS"}]},{"@type":"WebSite","@id":"https:\/\/www.steeltec.cz\/#website","url":"https:\/\/www.steeltec.cz\/","name":"STEELTEC CZ, s.r.o.","description":"Large series metal production services","potentialAction":[{"@type":"SearchAction","target":{"@type":"EntryPoint","urlTemplate":"https:\/\/www.steeltec.cz\/?s={search_term_string}"},"query-input":{"@type":"PropertyValueSpecification","valueRequired":true,"valueName":"search_term_string"}}],"inLanguage":"en-US"}]}},"_links":{"self":[{"href":"https:\/\/www.steeltec.cz\/en\/wp-json\/wp\/v2\/pages\/70","targetHints":{"allow":["GET"]}}],"collection":[{"href":"https:\/\/www.steeltec.cz\/en\/wp-json\/wp\/v2\/pages"}],"about":[{"href":"https:\/\/www.steeltec.cz\/en\/wp-json\/wp\/v2\/types\/page"}],"author":[{"embeddable":true,"href":"https:\/\/www.steeltec.cz\/en\/wp-json\/wp\/v2\/users\/1"}],"replies":[{"embeddable":true,"href":"https:\/\/www.steeltec.cz\/en\/wp-json\/wp\/v2\/comments?post=70"}],"version-history":[{"count":34,"href":"https:\/\/www.steeltec.cz\/en\/wp-json\/wp\/v2\/pages\/70\/revisions"}],"predecessor-version":[{"id":1743,"href":"https:\/\/www.steeltec.cz\/en\/wp-json\/wp\/v2\/pages\/70\/revisions\/1743"}],"up":[{"embeddable":true,"href":"https:\/\/www.steeltec.cz\/en\/wp-json\/wp\/v2\/pages\/13"}],"wp:attachment":[{"href":"https:\/\/www.steeltec.cz\/en\/wp-json\/wp\/v2\/media?parent=70"}],"curies":[{"name":"wp","href":"https:\/\/api.w.org\/{rel}","templated":true}]}}